{"id":916,"date":"2018-06-12T07:40:57","date_gmt":"2018-06-12T06:40:57","guid":{"rendered":"http:\/\/www.nhsztisza.hu\/new\/?page_id=916"},"modified":"2026-01-13T15:41:10","modified_gmt":"2026-01-13T13:41:10","slug":"adatvedelem","status":"publish","type":"page","link":"https:\/\/www.nhsztisza.hu\/new\/adatvedelem\/","title":{"rendered":"Adatv\u00e9delem"},"content":{"rendered":"<p>Adatv\u00e9delmi tisztvisel\u0151: <strong>BLS &#8211; Kov\u00e1cs \u00e9s Szalay \u00dcgyv\u00e9di Iroda<\/strong><br \/>\nAdatv\u00e9delmi tisztvisel\u0151 el\u00e9rhet\u0151s\u00e9ge:\u00a0<a href=\"mailto:adatvedelem.mohuholding@bls-cee.com\">adatvedelem.mohuholding@bls-cee.com<\/a><\/p>\n<p>&nbsp;<\/p>\n<p><a href=\"http:\/\/www.nhsztisza.hu\/new\/wp-content\/uploads\/Altalanos-adatkezelesi-tajekoztato_NHSZ-Tisza_weboldal-2026.01.01_.pdf\">\u00c1ltal\u00e1nos adatkezel\u00e9si t\u00e1j\u00e9koztat\u00f3 (PDF)<\/a><\/p>\n<p><a href=\"http:\/\/www.nhsztisza.hu\/new\/wp-content\/uploads\/tajekoztato-elektronikus-megfigyelorendszer_NHSZ_Tisza_ugyfeles-2026.01.01_.pdf\">Adatkezel\u00e9si t\u00e1j\u00e9koztat\u00f3 elektronikus megfigyel\u0151rendszer alkalmaz\u00e1s\u00e1r\u00f3l (PDF)<\/a><\/p>\n<p>&nbsp;<\/p>\n<p>&nbsp;<\/p>\n<p>&nbsp;<\/p>\n<p>&nbsp;<\/p>\n<p>&nbsp;<\/p>\n<p>&nbsp;<\/p>\n","protected":false},"excerpt":{"rendered":"<p>Adatv\u00e9delmi tisztvisel\u0151: BLS &#8211; Kov\u00e1cs \u00e9s Szalay \u00dcgyv\u00e9di Iroda Adatv\u00e9delmi tisztvisel\u0151 el\u00e9rhet\u0151s\u00e9ge:\u00a0adatvedelem.mohuholding@bls-cee.com &nbsp; \u00c1ltal\u00e1nos adatkezel\u00e9si t\u00e1j\u00e9koztat\u00f3 (PDF) Adatkezel\u00e9si t\u00e1j\u00e9koztat\u00f3 elektronikus megfigyel\u0151rendszer alkalmaz\u00e1s\u00e1r\u00f3l (PDF) &nbsp; &nbsp; &nbsp; &nbsp; &nbsp; &nbsp;<\/p>\n","protected":false},"author":1,"featured_media":0,"parent":0,"menu_order":0,"comment_status":"closed","ping_status":"closed","template":"","meta":[],"_links":{"self":[{"href":"https:\/\/www.nhsztisza.hu\/new\/wp-json\/wp\/v2\/pages\/916"}],"collection":[{"href":"https:\/\/www.nhsztisza.hu\/new\/wp-json\/wp\/v2\/pages"}],"about":[{"href":"https:\/\/www.nhsztisza.hu\/new\/wp-json\/wp\/v2\/types\/page"}],"author":[{"embeddable":true,"href":"https:\/\/www.nhsztisza.hu\/new\/wp-json\/wp\/v2\/users\/1"}],"replies":[{"embeddable":true,"href":"https:\/\/www.nhsztisza.hu\/new\/wp-json\/wp\/v2\/comments?post=916"}],"version-history":[{"count":18,"href":"https:\/\/www.nhsztisza.hu\/new\/wp-json\/wp\/v2\/pages\/916\/revisions"}],"predecessor-version":[{"id":4022,"href":"https:\/\/www.nhsztisza.hu\/new\/wp-json\/wp\/v2\/pages\/916\/revisions\/4022"}],"wp:attachment":[{"href":"https:\/\/www.nhsztisza.hu\/new\/wp-json\/wp\/v2\/media?parent=916"}],"curies":[{"name":"wp","href":"https:\/\/api.w.org\/{rel}","templated":true}]}}