{"id":900,"date":"2018-05-05T07:23:17","date_gmt":"2018-05-05T06:23:17","guid":{"rendered":"http:\/\/www.nhsztisza.hu\/new\/?page_id=900"},"modified":"2018-05-05T07:23:34","modified_gmt":"2018-05-05T06:23:34","slug":"900-2","status":"publish","type":"page","link":"https:\/\/www.nhsztisza.hu\/new\/900-2\/","title":{"rendered":"Jognyilatkozat"},"content":{"rendered":"<p>Az &#8220;nhsztisza.hu&#8221; port\u00e1lon k\u00f6z\u00f6lt minden tartalom NHSZ TISZA Nonprofit KFT tulajdon\u00e1t k\u00e9pezi. Az oldal tartalma szerz\u0151i jogv\u00e9delem alatt \u00e1ll.<br \/>\nAz oldal b\u00e1rmely r\u00e9sz\u00e9nek m\u00e1sol\u00e1s\u00e1val kapcsolatos minden jog fenntartva, az csak NHSZ TISZA Nonprofit KFT el\u0151zetes \u00edr\u00e1sbeli enged\u00e9ly\u00e9vel haszn\u00e1lhat\u00f3 fel. Tilos az oldalon szerepl\u0151 tartalmak elektronikus t\u00e1rol\u00e1sa, feldolgoz\u00e1sa, a tartalom kereskedelmi forgalomba hozatala. \u00c9rtes\u00fcl\u00e9seket \u00e1tvenni csak a forr\u00e1sra val\u00f3 hivatkoz\u00e1ssal lehet.<br \/>\nAz oldal tartalm\u00e1nak szerz\u0151i joga az NHSZ TISZA Nonprofit KFT illeti meg, kiv\u00e9ve abban az esetben, ha a konkr\u00e9t dokumentumban m\u00e1s forr\u00e1s van felt\u00fcntetve, illetve a szerz\u0151i joggal kapcsolatban egy\u00e9b k\u00f6zl\u00e9s t\u00f6rt\u00e9nik. Ebben az esetben annak megfelel\u0151en kell elj\u00e1rni.<\/p>\n<p><strong>Linkek elhelyez\u00e9se<\/strong><\/p>\n<p>A nhsztisza.hu oldal szerkeszt\u0151s\u00e9ge t\u00e1mogatja, ha egy\u00e9b oldalakon r\u00e1mutat\u00f3 linket helyeznek el. Ilyen esetben nem kell enged\u00e9ly, el\u00e9g, ha a Szervezetet \u00e9rtes\u00edtik (A m\u00e9ltatlan k\u00f6rnyezetbe helyezett kapcsol\u00f3d\u00e1s ellen kifog\u00e1st emel\u00fcnk, \u00e9s annak megsz\u00fcntet\u00e9s\u00e9t kezdem\u00e9nyezz\u00fck!)<\/p>\n<p><strong>Tartalom felhaszn\u00e1l\u00e1sa<\/strong><\/p>\n<p>A honlap eredeti tartalma, illetve oldalainak b\u00e1rmilyen alkot\u00f3eleme (sz\u00f6veg, k\u00e9p, hang, vide\u00f3, anim\u00e1ci\u00f3 stb.) csak el\u0151zetes \u00edr\u00e1sbeli enged\u00e9llyel haszn\u00e1lhat\u00f3 fel.<\/p>\n<p>Nem kell enged\u00e9ly az id\u00e9z\u00e9shez. Az id\u00e9z\u00e9snek azonban meg kell felelnie a vonatkoz\u00f3 t\u00f6rv\u00e9nyek* paragrafusainak. Id\u00e9z\u00e9s eset\u00e9n &#8211; forr\u00e1s megjel\u00f6l\u00e9ssel &#8211; k\u00e9r\u00fcnk r\u00e1mutatni (link elhelyez\u00e9se) a port\u00e1l megfelel\u0151 oldal\u00e1ra.<br \/>\nCikkek m\u00e1sodk\u00f6zl\u00e9s\u00e9hez (sz\u00f3 szerinti k\u00f6zl\u00e9s) enged\u00e9ly kell.<br \/>\nAz nhsztisza.hu oldalon tal\u00e1lhat\u00f3, h\u00edr\u00fcgyn\u00f6ks\u00e9gi forr\u00e1sokon alapul\u00f3 cikkek k\u00f6zl\u00e9se tilos.<\/p>\n<p><strong>K\u00e9pek felhaszn\u00e1l\u00e1sa<\/strong><\/p>\n<p>Az nhsztisza.hu oldalon tal\u00e1lhat\u00f3 k\u00e9peket szerz\u0151i jogok v\u00e9dik, azok felhaszn\u00e1l\u00e1sa enged\u00e9lyk\u00f6teles. A oldalon elhelyezett k\u00e9peket el\u0151zetes enged\u00e9ly n\u00e9lk\u00fcl tilos lementeni \u00e9s kereskedelmi c\u00e9lra felhaszn\u00e1lni.<\/p>\n<p><strong>Egy\u00e9b<\/strong><\/p>\n<p>Tilos az nhsztisza.hu oldal tartalm\u00e1t ak\u00e1r ny\u00edlt, ak\u00e1r z\u00e1rt adatb\u00e1zisba lementeni.<br \/>\nTilos az oldal tartalm\u00e1t kereskedelmi c\u00e9lra felhaszn\u00e1lni, vagy azt terjeszteni.<br \/>\nA honlap tartalmi \u00e9s formai alkot\u00f3r\u00e9szei k\u00f6zl\u00e9si enged\u00e9ly eset\u00e9n sem v\u00e1ltoztathat\u00f3k meg \u00e9s nem haszn\u00e1lhat\u00f3k fel a honlap tartalm\u00e1t\u00f3l elt\u00e9r\u0151 c\u00e9lra.<br \/>\nAz oldal nem helyez el semmilyen, az \u00fczleti szf\u00e9r\u00e1hoz kapcsol\u00f3d\u00f3 hirdet\u00e9st. A port\u00e1l csak a k\u00f6zszf\u00e9r\u00e1hoz kapcsol\u00f3d\u00f3 inform\u00e1ci\u00f3kkal foglalkozik.<br \/>\nA honlap szerkeszt\u0151i mindent megtesznek az\u00e9rt, hogy a port\u00e1lon k\u00f6z\u00f6lt inform\u00e1ci\u00f3k pontosak, frissek \u00e9s teljesek legyenek, de semmif\u00e9le felel\u0151ss\u00e9get nem v\u00e1llalnak b\u00e1rmely, ezen inform\u00e1ci\u00f3k haszn\u00e1lat\u00e1b\u00f3l ad\u00f3d\u00f3 k\u00e1r bek\u00f6vetkezt\u00e9\u00e9rt.<br \/>\nAmennyiben tov\u00e1bbi k\u00e9rd\u00e9sei lenn\u00e9nek, vagy k\u00f6zl\u00e9si enged\u00e9lyt szeretne k\u00e9rni, <a href=\"mailto:info.tisza@nhsz.hu\" target=\"_blank\">itt megteheti<\/a>!<\/p>\n<p>*Vonatkoz\u00f3 t\u00f6rv\u00e9nyek:<\/p>\n<p>A m\u00e1sodk\u00f6zl\u00e9snek \u00e9s az id\u00e9z\u00e9snek meg kell felelnie a\u00a0 sajt\u00f3szabads\u00e1gr\u00f3l \u00e9s a m\u00e9diatartalmak alapvet\u0151 szab\u00e1lyair\u00f3l sz\u00f3l\u00f3 2010. \u00e9vi CIV. t\u00f6rv\u00e9ny, a Polg\u00e1ri t\u00f6rv\u00e9nyk\u00f6nyv (2013. \u00e9vi V. tv.), a Szerz\u0151i jogr\u00f3l sz\u00f3l\u00f3 (1999. \u00e9vi LXXVI. tv.) t\u00f6rv\u00e9ny megfelel\u0151 paragrafusainak. A Szervezet enged\u00e9lye n\u00e9lk\u00fcl az oldalak b\u00e1rmely alkot\u00f3eleme (egy\u00fctt \u00e9s k\u00fcl\u00f6n-k\u00fcl\u00f6n is) online vagy nyomtatott reproduk\u00e1l\u00e1sa nyilv\u00e1nos k\u00f6zz\u00e9t\u00e9tel c\u00e9lj\u00e1b\u00f3l tilos.<\/p>\n","protected":false},"excerpt":{"rendered":"<p>Az &#8220;nhsztisza.hu&#8221; port\u00e1lon k\u00f6z\u00f6lt minden tartalom NHSZ TISZA Nonprofit KFT tulajdon\u00e1t k\u00e9pezi. Az oldal tartalma szerz\u0151i jogv\u00e9delem alatt \u00e1ll. Az oldal b\u00e1rmely r\u00e9sz\u00e9nek m\u00e1sol\u00e1s\u00e1val kapcsolatos minden jog fenntartva, az csak NHSZ TISZA Nonprofit KFT el\u0151zetes \u00edr\u00e1sbeli enged\u00e9ly\u00e9vel haszn\u00e1lhat\u00f3 fel. Tilos az oldalon szerepl\u0151 tartalmak elektronikus t\u00e1rol\u00e1sa, feldolgoz\u00e1sa, a tartalom kereskedelmi forgalomba hozatala. \u00c9rtes\u00fcl\u00e9seket \u00e1tvenni csak [&hellip;]<\/p>\n","protected":false},"author":1,"featured_media":0,"parent":0,"menu_order":0,"comment_status":"closed","ping_status":"closed","template":"","meta":[],"_links":{"self":[{"href":"https:\/\/www.nhsztisza.hu\/new\/wp-json\/wp\/v2\/pages\/900"}],"collection":[{"href":"https:\/\/www.nhsztisza.hu\/new\/wp-json\/wp\/v2\/pages"}],"about":[{"href":"https:\/\/www.nhsztisza.hu\/new\/wp-json\/wp\/v2\/types\/page"}],"author":[{"embeddable":true,"href":"https:\/\/www.nhsztisza.hu\/new\/wp-json\/wp\/v2\/users\/1"}],"replies":[{"embeddable":true,"href":"https:\/\/www.nhsztisza.hu\/new\/wp-json\/wp\/v2\/comments?post=900"}],"version-history":[{"count":2,"href":"https:\/\/www.nhsztisza.hu\/new\/wp-json\/wp\/v2\/pages\/900\/revisions"}],"predecessor-version":[{"id":902,"href":"https:\/\/www.nhsztisza.hu\/new\/wp-json\/wp\/v2\/pages\/900\/revisions\/902"}],"wp:attachment":[{"href":"https:\/\/www.nhsztisza.hu\/new\/wp-json\/wp\/v2\/media?parent=900"}],"curies":[{"name":"wp","href":"https:\/\/api.w.org\/{rel}","templated":true}]}}