{"id":761,"date":"2017-07-11T22:14:01","date_gmt":"2017-07-11T21:14:01","guid":{"rendered":"http:\/\/www.nhsztisza.hu\/new\/?page_id=761"},"modified":"2026-03-18T14:00:02","modified_gmt":"2026-03-18T12:00:02","slug":"eseti-kontener-rendeles","status":"publish","type":"page","link":"https:\/\/www.nhsztisza.hu\/new\/eseti-kontener-rendeles\/","title":{"rendered":"Eseti kont\u00e9ner rendel\u00e9s"},"content":{"rendered":"<p>Kont\u00e9ner rendel\u00e9s r\u00e9szleteivel kapcsolatban k\u00e9rj\u00fck, forduljon \u00fcgyf\u00e9lszolg\u00e1latunkhoz!<\/p>\n<p>Aktu\u00e1lis d\u00edjaink a <a href=\"http:\/\/www.nhsztisza.hu\/new\/szolgaltatasaink\/dijszabas\/\">Hullad\u00e9kgazd\u00e1lkod\u00e1s -&gt; D\u00edjszab\u00e1s<\/a> men\u00fcpont alatt tal\u00e1lhat\u00f3k<\/p>\n<p><strong>Kont\u00e9ner rendel\u00e9ssel kapcsolatosan az al\u00e1bbi telefonsz\u00e1mon lehet \u00e9rdekl\u0151dni: +36 1 776 7777<\/strong><\/p>\n","protected":false},"excerpt":{"rendered":"<p>Kont\u00e9ner rendel\u00e9s r\u00e9szleteivel kapcsolatban k\u00e9rj\u00fck, forduljon \u00fcgyf\u00e9lszolg\u00e1latunkhoz! Aktu\u00e1lis d\u00edjaink a Hullad\u00e9kgazd\u00e1lkod\u00e1s -&gt; D\u00edjszab\u00e1s men\u00fcpont alatt tal\u00e1lhat\u00f3k Kont\u00e9ner rendel\u00e9ssel kapcsolatosan az al\u00e1bbi telefonsz\u00e1mon lehet \u00e9rdekl\u0151dni: +36 1 776 7777<\/p>\n","protected":false},"author":1,"featured_media":0,"parent":0,"menu_order":0,"comment_status":"closed","ping_status":"closed","template":"","meta":[],"_links":{"self":[{"href":"https:\/\/www.nhsztisza.hu\/new\/wp-json\/wp\/v2\/pages\/761"}],"collection":[{"href":"https:\/\/www.nhsztisza.hu\/new\/wp-json\/wp\/v2\/pages"}],"about":[{"href":"https:\/\/www.nhsztisza.hu\/new\/wp-json\/wp\/v2\/types\/page"}],"author":[{"embeddable":true,"href":"https:\/\/www.nhsztisza.hu\/new\/wp-json\/wp\/v2\/users\/1"}],"replies":[{"embeddable":true,"href":"https:\/\/www.nhsztisza.hu\/new\/wp-json\/wp\/v2\/comments?post=761"}],"version-history":[{"count":12,"href":"https:\/\/www.nhsztisza.hu\/new\/wp-json\/wp\/v2\/pages\/761\/revisions"}],"predecessor-version":[{"id":4146,"href":"https:\/\/www.nhsztisza.hu\/new\/wp-json\/wp\/v2\/pages\/761\/revisions\/4146"}],"wp:attachment":[{"href":"https:\/\/www.nhsztisza.hu\/new\/wp-json\/wp\/v2\/media?parent=761"}],"curies":[{"name":"wp","href":"https:\/\/api.w.org\/{rel}","templated":true}]}}