{"id":622,"date":"2017-03-23T10:20:20","date_gmt":"2017-03-23T09:20:20","guid":{"rendered":"http:\/\/www.nhsztisza.hu\/new\/?page_id=622"},"modified":"2025-05-30T13:06:13","modified_gmt":"2025-05-30T11:06:13","slug":"zoldhulladek-szallitas","status":"publish","type":"page","link":"https:\/\/www.nhsztisza.hu\/new\/szolgaltatasaink\/zoldhulladek-szallitas\/","title":{"rendered":"Z\u00f6ldhullad\u00e9k elsz\u00e1ll\u00edt\u00e1si t\u00e1j\u00e9koztat\u00f3"},"content":{"rendered":"<p style=\"text-align: center;\"><strong><u>\u00c1ltal\u00e1nos t\u00e1j\u00e9koztat\u00f3<\/u><\/strong><\/p>\n<ol start=\"2025\">\n<li>janu\u00e1r 01-t\u0151l megsz\u00fcntet\u00e9sre ker\u00fclt a h\u00e1zhoz men\u0151 csomagol\u00e1si \u00fcveg gy\u0171jt\u00e9s\u00e9t. ez\u00e9rt a kor\u00e1bban \u00fcveg gy\u0171jt\u00e9sre haszn\u00e1lt ed\u00e9nyeket a tov\u00e1bbiakban z\u00f6ldhullad\u00e9k gy\u0171jt\u00e9sre haszn\u00e1lhatj\u00e1k. (<em>Tiszaf\u00fcred eset\u00e9ben barna \u00e9s z\u00f6ld sz\u00edn\u0171 hullad\u00e9kgy\u0171jt\u0151 ed\u00e9ny &#8211; t\u00f6bbi telep\u00fcl\u00e9sen z\u00f6ld sz\u00edn\u0171 ed\u00e9ny<\/em>)<\/li>\n<\/ol>\n<p><u>K\u00e9rj\u00fck tarts\u00e1k szem el\u0151tt, hogy a z\u00f6ldhullad\u00e9k boml\u00e1s k\u00f6vetkezt\u00e9ben levet ereszt, \u00edgy megnehez\u00edtheti az ed\u00e9ny \u00fcr\u00edt\u00e9s\u00e9t. Ez\u00e9rt k\u00e9rj\u00fck ebben az esetben, mindenk\u00e9ppen haszn\u00e1ljanak zs\u00e1kot az ed\u00e9nyben.<\/u><\/p>\n<p>Tov\u00e1bbra is elsz\u00e1ll\u00edt\u00e1sra fog ker\u00fclni a k\u00f6tegelt metsz\u00e9si hullad\u00e9k is, amennyiben az a sz\u00f3r\u00f3lapon kik\u00f6z\u00f6lt m\u00f3don ker\u00fcl kihelyez\u00e9sre.<\/p>\n<p><strong>Milyen z\u00f6ldhullad\u00e9k helyezhet\u0151 el az ed\u00e9nyben\/zs\u00e1kban?<\/strong><br \/>\n\u2013 olyan n\u00f6v\u00e9nyi hullad\u00e9k, amely kertekb\u0151l sz\u00e1rmazik (falev\u00e9l, \u00e1gnyesed\u00e9k, v\u00e1gott f\u0171, lomb, forg\u00e1cs, gyom, fanyesed\u00e9k, stb.)<br \/>\n\u2013 maximum 5 cm \u00e1tm\u00e9r\u0151j\u0171 \u00e9s egy m\u00e9ter hossz\u00fa \u00e1gak, gallyak az ed\u00e9nyzet mellett k\u00f6tegelve helyezhet\u0151k el<\/p>\n<p>K\u00e9rj\u00fck a Tisztelt Lakoss\u00e1got, hogy az elsz\u00e1ll\u00edtand\u00f3 z\u00f6ldhullad\u00e9kot a gy\u0171jt\u00e9s napj\u00e1n legk\u00e9s\u0151bb reggel 6 \u00f3r\u00e1ig helyezz\u00e9k el az ingatlanok el\u00e9 oly m\u00f3don, hogy az teherg\u00e9pj\u00e1rm\u0171vel megk\u00f6zel\u00edthet\u0151 legyen. A gy\u0171jt\u0151j\u00e1rat minden utc\u00e1ban csak egyszer halad el.<\/p>\n<p><strong><u>5000 f\u0151t meghalad\u00f3 telep\u00fcl\u00e9seket \u00e9rint\u0151 egy\u00e9b v\u00e1ltoz\u00e1s:<\/u><\/strong><\/p>\n<p>Ell\u00e1t\u00e1si ter\u00fclet\u00fcnk\u00f6n az al\u00e1bbi telep\u00fcl\u00e9seket \u00e9rinti a v\u00e1ltoz\u00e1s: Fegyvernek; F\u00fczesabony; Kunhegyes; Kunmadaras; Tiszaf\u00fcred;<\/p>\n<p>Alv\u00e1llalkoz\u00f3nk \u00e1ltal gy\u0171jt\u00f6tt telep\u00fcl\u00e9sek: Karcag, Kis\u00fajsz\u00e1ll\u00e1s; T\u00farkeve<\/p>\n<p>Veget\u00e1ci\u00f3s id\u0151szakot (m\u00e1rcius 01-t\u0151l okt\u00f3berig 31-ig) kiemelt m\u0171szaki tartalommal szolg\u00e1ltatunk az 5000 f\u0151t meghalad\u00f3 telep\u00fcl\u00e9seken. Ez azt jelenti, hogy ez id\u0151 alatt kett\u0151 hetente ker\u00fcl elsz\u00e1ll\u00edt\u00e1sra a z\u00f6ldhullad\u00e9k. Veget\u00e1ci\u00f3s id\u0151szakon k\u00edv\u00fcl, azaz november 1-t\u0151l febru\u00e1rig v\u00e9g\u00e9ig pedig havonta 1-1 alkalommal ker\u00fclnek elsz\u00e1ll\u00edt\u00e1sra az elk\u00fcl\u00f6n\u00edtetten gy\u0171jt\u00f6tt hullad\u00e9kok. Janu\u00e1r h\u00f3napban csak a feny\u0151fa hullad\u00e9k ker\u00fcl elsz\u00e1ll\u00edt\u00e1sra, de ez megegyezik a kor\u00e1bbi \u00e9vekben megszokottakkal.<\/p>\n<p>T\u00e1j\u00e9koztatjuk \u00d6n\u00f6ket, hogy az I. f\u00e9l\u00e9ves hullad\u00e9knapt\u00e1rat a MOHU MOL Hullad\u00e9kgazd\u00e1lkod\u00e1si Zrt. 2025. janu\u00e1rj\u00e1ban, m\u00edg a II. f\u00e9l\u00e9ves hullad\u00e9knapt\u00e1rat 2025. \u00e1prilis\u00e1ban k\u00fcldi meg minden \u00fcgyfel\u00e9nek, az aktu\u00e1lis sz\u00e1mla mell\u00e9kletekk\u00e9nt, de honlapunkr\u00f3l is let\u00f6lthet\u0151, ha a kezd\u0151 oldalon l\u00e9v\u0151 telep\u00fcl\u00e9sv\u00e1laszt\u00f3n kiv\u00e1lasztj\u00e1k a lek\u00e9rdezni k\u00edv\u00e1nt telep\u00fcl\u00e9s nev\u00e9t.<\/p>\n<p>&nbsp;<\/p>\n<p>Tov\u00e1bbi k\u00e9rd\u00e9s eset\u00e9n \u00e1llunk rendelkez\u00e9s\u00fckre a megszokott el\u00e9rhet\u0151s\u00e9geink b\u00e1rmelyik\u00e9n!<\/p>\n<p>K\u00f6sz\u00f6nj\u00fck egy\u00fcttm\u0171k\u00f6d\u00e9s\u00fcket!<\/p>\n<p>&nbsp;<\/p>\n<p>&nbsp;<\/p>\n","protected":false},"excerpt":{"rendered":"<p>\u00c1ltal\u00e1nos t\u00e1j\u00e9koztat\u00f3 janu\u00e1r 01-t\u0151l megsz\u00fcntet\u00e9sre ker\u00fclt a h\u00e1zhoz men\u0151 csomagol\u00e1si \u00fcveg gy\u0171jt\u00e9s\u00e9t. ez\u00e9rt a kor\u00e1bban \u00fcveg gy\u0171jt\u00e9sre haszn\u00e1lt ed\u00e9nyeket a tov\u00e1bbiakban z\u00f6ldhullad\u00e9k gy\u0171jt\u00e9sre haszn\u00e1lhatj\u00e1k. (Tiszaf\u00fcred eset\u00e9ben barna \u00e9s z\u00f6ld sz\u00edn\u0171 hullad\u00e9kgy\u0171jt\u0151 ed\u00e9ny &#8211; t\u00f6bbi telep\u00fcl\u00e9sen z\u00f6ld sz\u00edn\u0171 ed\u00e9ny) K\u00e9rj\u00fck tarts\u00e1k szem el\u0151tt, hogy a z\u00f6ldhullad\u00e9k boml\u00e1s k\u00f6vetkezt\u00e9ben levet ereszt, \u00edgy megnehez\u00edtheti az ed\u00e9ny \u00fcr\u00edt\u00e9s\u00e9t. Ez\u00e9rt [&hellip;]<\/p>\n","protected":false},"author":1,"featured_media":0,"parent":32,"menu_order":0,"comment_status":"closed","ping_status":"closed","template":"","meta":[],"_links":{"self":[{"href":"https:\/\/www.nhsztisza.hu\/new\/wp-json\/wp\/v2\/pages\/622"}],"collection":[{"href":"https:\/\/www.nhsztisza.hu\/new\/wp-json\/wp\/v2\/pages"}],"about":[{"href":"https:\/\/www.nhsztisza.hu\/new\/wp-json\/wp\/v2\/types\/page"}],"author":[{"embeddable":true,"href":"https:\/\/www.nhsztisza.hu\/new\/wp-json\/wp\/v2\/users\/1"}],"replies":[{"embeddable":true,"href":"https:\/\/www.nhsztisza.hu\/new\/wp-json\/wp\/v2\/comments?post=622"}],"version-history":[{"count":37,"href":"https:\/\/www.nhsztisza.hu\/new\/wp-json\/wp\/v2\/pages\/622\/revisions"}],"predecessor-version":[{"id":3643,"href":"https:\/\/www.nhsztisza.hu\/new\/wp-json\/wp\/v2\/pages\/622\/revisions\/3643"}],"up":[{"embeddable":true,"href":"https:\/\/www.nhsztisza.hu\/new\/wp-json\/wp\/v2\/pages\/32"}],"wp:attachment":[{"href":"https:\/\/www.nhsztisza.hu\/new\/wp-json\/wp\/v2\/media?parent=622"}],"curies":[{"name":"wp","href":"https:\/\/api.w.org\/{rel}","templated":true}]}}