{"id":4058,"date":"2026-01-23T09:34:59","date_gmt":"2026-01-23T07:34:59","guid":{"rendered":"https:\/\/www.nhsztisza.hu\/new\/?page_id=4058"},"modified":"2026-01-23T09:39:39","modified_gmt":"2026-01-23T07:39:39","slug":"kisujszallasi-hulladekudvar","status":"publish","type":"page","link":"https:\/\/www.nhsztisza.hu\/new\/kisujszallasi-hulladekudvar\/","title":{"rendered":"Kis\u00fajsz\u00e1ll\u00e1si Hullad\u00e9kudvar"},"content":{"rendered":"<p><a href=\"http:\/\/www.nhsztisza.hu\/new\/wp-content\/uploads\/Hulladekudvar-tajekoztato-atveheto-mennyisegek.pdf\">Hullad\u00e9kudvar t\u00e1j\u00e9koztat\u00f3: \u00e1tvehet\u0151 mennyis\u00e9gek (PDF)<\/a><\/p>\n","protected":false},"excerpt":{"rendered":"<p>Hullad\u00e9kudvar t\u00e1j\u00e9koztat\u00f3: \u00e1tvehet\u0151 mennyis\u00e9gek (PDF)<\/p>\n","protected":false},"author":1,"featured_media":0,"parent":0,"menu_order":0,"comment_status":"closed","ping_status":"closed","template":"","meta":[],"_links":{"self":[{"href":"https:\/\/www.nhsztisza.hu\/new\/wp-json\/wp\/v2\/pages\/4058"}],"collection":[{"href":"https:\/\/www.nhsztisza.hu\/new\/wp-json\/wp\/v2\/pages"}],"about":[{"href":"https:\/\/www.nhsztisza.hu\/new\/wp-json\/wp\/v2\/types\/page"}],"author":[{"embeddable":true,"href":"https:\/\/www.nhsztisza.hu\/new\/wp-json\/wp\/v2\/users\/1"}],"replies":[{"embeddable":true,"href":"https:\/\/www.nhsztisza.hu\/new\/wp-json\/wp\/v2\/comments?post=4058"}],"version-history":[{"count":4,"href":"https:\/\/www.nhsztisza.hu\/new\/wp-json\/wp\/v2\/pages\/4058\/revisions"}],"predecessor-version":[{"id":4064,"href":"https:\/\/www.nhsztisza.hu\/new\/wp-json\/wp\/v2\/pages\/4058\/revisions\/4064"}],"wp:attachment":[{"href":"https:\/\/www.nhsztisza.hu\/new\/wp-json\/wp\/v2\/media?parent=4058"}],"curies":[{"name":"wp","href":"https:\/\/api.w.org\/{rel}","templated":true}]}}