{"id":385,"date":"2016-01-04T09:38:53","date_gmt":"2016-01-04T08:38:53","guid":{"rendered":"http:\/\/www.nhsztisza.hu\/new\/?page_id=385"},"modified":"2018-07-28T13:58:17","modified_gmt":"2018-07-28T12:58:17","slug":"komposztalas","status":"publish","type":"page","link":"https:\/\/www.nhsztisza.hu\/new\/szolgaltatasaink\/komposztalas\/","title":{"rendered":"Komposzt\u00e1l\u00e1s"},"content":{"rendered":"<p>A karcagi sz\u00e9khely\u0171 Nagykuns\u00e1gi K\u00f6rnyezetv\u00e9delmi Kft. 2010. \u00e9vben megjelent t\u00e1j\u00e9koztat\u00f3 f\u00fczet\u00e9t a h\u00e1zi komposzt\u00e1l\u00e1sr\u00f3l <a href=\"http:\/\/www.nhsztisza.hu\/new\/wp-content\/uploads\/hazi_komposztalas_ismerteto_2010_nkkft.pdf\">itt (PDF)<\/a> tal\u00e1lja.<\/p>\n","protected":false},"excerpt":{"rendered":"<p>A karcagi sz\u00e9khely\u0171 Nagykuns\u00e1gi K\u00f6rnyezetv\u00e9delmi Kft. 2010. \u00e9vben megjelent t\u00e1j\u00e9koztat\u00f3 f\u00fczet\u00e9t a h\u00e1zi komposzt\u00e1l\u00e1sr\u00f3l itt (PDF) tal\u00e1lja.<\/p>\n","protected":false},"author":1,"featured_media":0,"parent":32,"menu_order":0,"comment_status":"closed","ping_status":"closed","template":"","meta":[],"_links":{"self":[{"href":"https:\/\/www.nhsztisza.hu\/new\/wp-json\/wp\/v2\/pages\/385"}],"collection":[{"href":"https:\/\/www.nhsztisza.hu\/new\/wp-json\/wp\/v2\/pages"}],"about":[{"href":"https:\/\/www.nhsztisza.hu\/new\/wp-json\/wp\/v2\/types\/page"}],"author":[{"embeddable":true,"href":"https:\/\/www.nhsztisza.hu\/new\/wp-json\/wp\/v2\/users\/1"}],"replies":[{"embeddable":true,"href":"https:\/\/www.nhsztisza.hu\/new\/wp-json\/wp\/v2\/comments?post=385"}],"version-history":[{"count":7,"href":"https:\/\/www.nhsztisza.hu\/new\/wp-json\/wp\/v2\/pages\/385\/revisions"}],"predecessor-version":[{"id":1021,"href":"https:\/\/www.nhsztisza.hu\/new\/wp-json\/wp\/v2\/pages\/385\/revisions\/1021"}],"up":[{"embeddable":true,"href":"https:\/\/www.nhsztisza.hu\/new\/wp-json\/wp\/v2\/pages\/32"}],"wp:attachment":[{"href":"https:\/\/www.nhsztisza.hu\/new\/wp-json\/wp\/v2\/media?parent=385"}],"curies":[{"name":"wp","href":"https:\/\/api.w.org\/{rel}","templated":true}]}}