{"id":3649,"date":"2025-06-13T06:28:53","date_gmt":"2025-06-13T04:28:53","guid":{"rendered":"https:\/\/www.nhsztisza.hu\/new\/?page_id=3649"},"modified":"2026-01-06T09:52:15","modified_gmt":"2026-01-06T07:52:15","slug":"altalanos-szerzodesi-feltetelek","status":"publish","type":"page","link":"https:\/\/www.nhsztisza.hu\/new\/altalanos-szerzodesi-feltetelek\/","title":{"rendered":"\u00c1ltal\u00e1nos Szerz\u0151d\u00e9si Felt\u00e9telek"},"content":{"rendered":"<p>\u00c1ltal\u00e1nos Szerz\u0151d\u00e9si Felt\u00e9telek dokumentumainkat itt tal\u00e1lja:<\/p>\n<p><a href=\"https:\/\/www.nhsztisza.hu\/doc\/nhsztisza_aszf_2016.pdf\">\u00c1SZF 2016. \u00e9vt\u0151l<\/a><\/p>\n<p><a href=\"https:\/\/www.nhsztisza.hu\/doc\/nhsztisza_aszf_20210701.pdf\">\u00c1SZF (hat\u00e1lyos: 2021.07.01-t\u0151l)<\/a><\/p>\n<p><a href=\"https:\/\/www.nhsztisza.hu\/doc\/nhsztisza_aszf_20211201.pdf\">\u00c1SZF (hat\u00e1lyos: 2021.12.01-t\u0151l)<\/a><\/p>\n<p><a href=\"https:\/\/www.nhsztisza.hu\/doc\/nhsztisza_aszf_20230701.pdf\">\u00c1SZF (hat\u00e1lyos: 2023.07.01-t\u0151l)<\/a><\/p>\n<p><a href=\"https:\/\/www.nhsztisza.hu\/doc\/nhsztisza_aszf_20240901.pdf\">\u00c1SZF (hat\u00e1lyos: 2024.09.01-t\u0151l)<\/a><\/p>\n<p><a href=\"https:\/\/www.nhsztisza.hu\/doc\/nhsztisza_aszf_20241201.pdf\">\u00c1SZF (hat\u00e1lyos: 2024.12.01-t\u0151l)<\/a><\/p>\n<p><a href=\"https:\/\/www.nhsztisza.hu\/doc\/nhsztisza_aszf_20250301.pdf\">\u00c1SZF (hat\u00e1lyos: 2025.03.01-t\u0151l)<\/a><\/p>\n<p><a href=\"https:\/\/www.nhsztisza.hu\/doc\/nhsztisza_aszf_20250701.pdf\">\u00c1SZF (hat\u00e1lyos: 2025.07.01-t\u0151l)<\/a><\/p>\n<p><a href=\"http:\/\/www.nhsztisza.hu\/new\/wp-content\/uploads\/ASZF-2025.10.01-tol.pdf\">\u00c1SZF (hat\u00e1lyos 2025.10.01-t\u0151l)<\/a><\/p>\n<p><a href=\"http:\/\/www.nhsztisza.hu\/new\/wp-content\/uploads\/ASZF-2026.01.11-tol.pdf\">\u00c1SZF (hat\u00e1lyos 2026.01.11-t\u0151l)<\/a><\/p>\n<p>&nbsp;<\/p>\n<p>\u00dczletszab\u00e1lyzat dokumentumainkat itt tal\u00e1lja:<\/p>\n<p><a href=\"https:\/\/www.nhsztisza.hu\/doc\/nhsztisza_uzletszabalyzat_20211201.pdf\">\u00dczletszab\u00e1lyzat (hat\u00e1lyos: 2021.12.01-t\u0151l)<\/a><\/p>\n<p>&nbsp;<\/p>\n","protected":false},"excerpt":{"rendered":"<p>\u00c1ltal\u00e1nos Szerz\u0151d\u00e9si Felt\u00e9telek dokumentumainkat itt tal\u00e1lja: \u00c1SZF 2016. \u00e9vt\u0151l \u00c1SZF (hat\u00e1lyos: 2021.07.01-t\u0151l) \u00c1SZF (hat\u00e1lyos: 2021.12.01-t\u0151l) \u00c1SZF (hat\u00e1lyos: 2023.07.01-t\u0151l) \u00c1SZF (hat\u00e1lyos: 2024.09.01-t\u0151l) \u00c1SZF (hat\u00e1lyos: 2024.12.01-t\u0151l) \u00c1SZF (hat\u00e1lyos: 2025.03.01-t\u0151l) \u00c1SZF (hat\u00e1lyos: 2025.07.01-t\u0151l) \u00c1SZF (hat\u00e1lyos 2025.10.01-t\u0151l) \u00c1SZF (hat\u00e1lyos 2026.01.11-t\u0151l) &nbsp; \u00dczletszab\u00e1lyzat dokumentumainkat itt tal\u00e1lja: \u00dczletszab\u00e1lyzat (hat\u00e1lyos: 2021.12.01-t\u0151l) &nbsp;<\/p>\n","protected":false},"author":1,"featured_media":0,"parent":0,"menu_order":0,"comment_status":"closed","ping_status":"closed","template":"","meta":[],"_links":{"self":[{"href":"https:\/\/www.nhsztisza.hu\/new\/wp-json\/wp\/v2\/pages\/3649"}],"collection":[{"href":"https:\/\/www.nhsztisza.hu\/new\/wp-json\/wp\/v2\/pages"}],"about":[{"href":"https:\/\/www.nhsztisza.hu\/new\/wp-json\/wp\/v2\/types\/page"}],"author":[{"embeddable":true,"href":"https:\/\/www.nhsztisza.hu\/new\/wp-json\/wp\/v2\/users\/1"}],"replies":[{"embeddable":true,"href":"https:\/\/www.nhsztisza.hu\/new\/wp-json\/wp\/v2\/comments?post=3649"}],"version-history":[{"count":7,"href":"https:\/\/www.nhsztisza.hu\/new\/wp-json\/wp\/v2\/pages\/3649\/revisions"}],"predecessor-version":[{"id":4005,"href":"https:\/\/www.nhsztisza.hu\/new\/wp-json\/wp\/v2\/pages\/3649\/revisions\/4005"}],"wp:attachment":[{"href":"https:\/\/www.nhsztisza.hu\/new\/wp-json\/wp\/v2\/media?parent=3649"}],"curies":[{"name":"wp","href":"https:\/\/api.w.org\/{rel}","templated":true}]}}