{"id":2393,"date":"2023-10-12T10:41:24","date_gmt":"2023-10-12T08:41:24","guid":{"rendered":"https:\/\/www.nhsztisza.hu\/teszt1\/?page_id=2393"},"modified":"2026-04-01T14:48:47","modified_gmt":"2026-04-01T12:48:47","slug":"tiszaroff","status":"publish","type":"page","link":"https:\/\/www.nhsztisza.hu\/new\/tiszaroff\/","title":{"rendered":"Tiszaroff"},"content":{"rendered":"<h3>D\u00edjt\u00e9telek<\/h3>\n<p><a href=\"\/doc\/lakossagi_dijak_v20230726_2.pdf\">Lakoss\u00e1gi d\u00edjak (PDF)<\/a><br \/>\n<a href=\"\/doc\/gazdszerv_dijak_v20230726.pdf\">Gazd\u00e1lkod\u00f3 szervezetek d\u00edjai (PDF)<\/a><br \/>\n<a href=\"http:\/\/www.nhsztisza.hu\/new\/wp-content\/uploads\/Koltsegvetesi-szervek-intezmenyek-dijai.pdf\">K\u00f6lts\u00e9gvet\u00e9si \u00e9s \u00f6nkorm\u00e1nyzati int\u00e9zm\u00e9nyek d\u00edjai (PDF)<\/a><br \/>\n<a href=\"\/doc\/tbh_dijak_v20230726.pdf\">T\u00f6bblethullad\u00e9kos zs\u00e1kok d\u00edja (PDF)<\/a><\/p>\n<h3>Hullad\u00e9knapt\u00e1r<\/h3>\n<p><a href=\"http:\/\/www.nhsztisza.hu\/new\/wp-content\/uploads\/Lomtalanitas-es-kommunalis-gyujtes-114.pdf\">T\u00e1j\u00e9koztat\u00f3 a kommun\u00e1lis hullad\u00e9k begy\u0171jt\u00e9s\u00e9r\u0151l \u00e9s lomtalan\u00edt\u00e1sr\u00f3l (PDF)<\/a><\/p>\n<p>A szelekt\u00edv t\u00e1j\u00e9koztat\u00f3ban felt\u00fcntetett kihelyezhet\u0151 hullad\u00e9kok fajt\u00e1i v\u00e1ltoztak, a tov\u00e1bbiakban a hungarocell (polisztirol) is kihelyezhet\u0151 az al\u00e1bbi linken r\u00e9szletezett m\u00f3don: <a href=\"https:\/\/www.nhsztisza.hu\/new\/hirek\/tajekoztatas-a-polisztirol-hungarocell-hulladek-elkulonitett-gyujteserol\/\">https:\/\/www.nhsztisza.hu\/new\/hirek\/tajekoztatas-a-polisztirol-hungarocell-hulladek-elkulonitett-gyujteserol\/ <\/a><\/p>\n<p><a href=\"http:\/\/www.nhsztisza.hu\/new\/wp-content\/uploads\/Tiszaroff-hulladeknaptar-2026.pdf\">Hullad\u00e9knapt\u00e1r 2026. (PDF)<\/a><\/p>\n","protected":false},"excerpt":{"rendered":"<p>D\u00edjt\u00e9telek Lakoss\u00e1gi d\u00edjak (PDF) Gazd\u00e1lkod\u00f3 szervezetek d\u00edjai (PDF) K\u00f6lts\u00e9gvet\u00e9si \u00e9s \u00f6nkorm\u00e1nyzati int\u00e9zm\u00e9nyek d\u00edjai (PDF) T\u00f6bblethullad\u00e9kos zs\u00e1kok d\u00edja (PDF) Hullad\u00e9knapt\u00e1r T\u00e1j\u00e9koztat\u00f3 a kommun\u00e1lis hullad\u00e9k begy\u0171jt\u00e9s\u00e9r\u0151l \u00e9s lomtalan\u00edt\u00e1sr\u00f3l (PDF) A szelekt\u00edv t\u00e1j\u00e9koztat\u00f3ban felt\u00fcntetett kihelyezhet\u0151 hullad\u00e9kok fajt\u00e1i v\u00e1ltoztak, a tov\u00e1bbiakban a hungarocell (polisztirol) is kihelyezhet\u0151 az al\u00e1bbi linken r\u00e9szletezett m\u00f3don: https:\/\/www.nhsztisza.hu\/new\/hirek\/tajekoztatas-a-polisztirol-hungarocell-hulladek-elkulonitett-gyujteserol\/ Hullad\u00e9knapt\u00e1r 2026. (PDF)<\/p>\n","protected":false},"author":1,"featured_media":0,"parent":0,"menu_order":0,"comment_status":"closed","ping_status":"closed","template":"","meta":[],"_links":{"self":[{"href":"https:\/\/www.nhsztisza.hu\/new\/wp-json\/wp\/v2\/pages\/2393"}],"collection":[{"href":"https:\/\/www.nhsztisza.hu\/new\/wp-json\/wp\/v2\/pages"}],"about":[{"href":"https:\/\/www.nhsztisza.hu\/new\/wp-json\/wp\/v2\/types\/page"}],"author":[{"embeddable":true,"href":"https:\/\/www.nhsztisza.hu\/new\/wp-json\/wp\/v2\/users\/1"}],"replies":[{"embeddable":true,"href":"https:\/\/www.nhsztisza.hu\/new\/wp-json\/wp\/v2\/comments?post=2393"}],"version-history":[{"count":19,"href":"https:\/\/www.nhsztisza.hu\/new\/wp-json\/wp\/v2\/pages\/2393\/revisions"}],"predecessor-version":[{"id":4189,"href":"https:\/\/www.nhsztisza.hu\/new\/wp-json\/wp\/v2\/pages\/2393\/revisions\/4189"}],"wp:attachment":[{"href":"https:\/\/www.nhsztisza.hu\/new\/wp-json\/wp\/v2\/media?parent=2393"}],"curies":[{"name":"wp","href":"https:\/\/api.w.org\/{rel}","templated":true}]}}