{"id":2,"date":"2015-09-06T17:54:48","date_gmt":"2015-09-06T17:54:48","guid":{"rendered":"http:\/\/localhost\/nhsztisza\/?page_id=2"},"modified":"2024-01-02T15:44:36","modified_gmt":"2024-01-02T13:44:36","slug":"vallalatrol","status":"publish","type":"page","link":"https:\/\/www.nhsztisza.hu\/new\/","title":{"rendered":"V\u00e1llalatr\u00f3l"},"content":{"rendered":"<p style=\"text-align: justify;\">Az NHSZ TISZA Nonprofit KFT. 2004. \u00e1prilis 20-a \u00f3ta v\u00e9gzi hullad\u00e9kgazd\u00e1lkod\u00e1si tev\u00e9kenys\u00e9g\u00e9t, jelenleg 3 megy\u00e9ben, 35 telep\u00fcl\u00e9sen van jelen, egy alv\u00e1llakoz\u00f3 bevon\u00e1s\u00e1val v\u00e9gzi a kommun\u00e1lis &#8211; nem vesz\u00e9lyes hullad\u00e9k &#8211; begy\u0171jt\u00e9s\u00e9t, sz\u00e1ll\u00edt\u00e1s\u00e1t.<\/p>\n<p style=\"text-align: justify;\"><a href=\"http:\/\/www.nhsztisza.hu\/new\/wp-content\/uploads\/telep.jpg\"><img loading=\"lazy\" class=\"aligncenter wp-image-403\" src=\"http:\/\/www.nhsztisza.hu\/new\/wp-content\/uploads\/telep-1024x399.jpg\" alt=\"telep\" width=\"730\" height=\"284\" srcset=\"https:\/\/www.nhsztisza.hu\/new\/wp-content\/uploads\/telep-1024x399.jpg 1024w, https:\/\/www.nhsztisza.hu\/new\/wp-content\/uploads\/telep-300x117.jpg 300w, https:\/\/www.nhsztisza.hu\/new\/wp-content\/uploads\/telep.jpg 1409w\" sizes=\"(max-width: 730px) 100vw, 730px\" \/><\/a><\/p>\n<ul style=\"text-align: justify;\">\n<li>A t\u00e1rsas\u00e1g (c\u00e9g) neve: NHSZ TISZA Nonprofit Kft.<\/li>\n<li>Az \u00fcgyvitel sor\u00e1n haszn\u00e1lt c\u00e9gn\u00e9v r\u00f6vid\u00edt\u00e9se: NHSZ TISZA Nonprofit KFT.<\/li>\n<li>Sz\u00e9khelye: 5350 Tiszaf\u00fcred, H\u00fasz\u00f6les \u00fat 149.<\/li>\n<li>Postai c\u00edme: 5350 Tiszaf\u00fcred, Pf. 37.<\/li>\n<li>Telephely: Tisza-tavi Region\u00e1lis Hullad\u00e9kkezel\u0151 K\u00f6zpont, Tiszaf\u00fcred k\u00fclter\u00fclet 33-as F\u0151\u00fat 0409\/11 hrsz.<\/li>\n<li>Az alap\u00edt\u00f3 okirat kelte: 2003. \u00e9v december 31.<\/li>\n<li>A t\u00e1rsas\u00e1g m\u0171k\u00f6d\u00e9s\u00e9nek kezd\u00e9si id\u0151pontja: 2004. \u00e1prilis 20.<\/li>\n<li>T\u00f6rv\u00e9nyes fel\u00fcgyeleti szerve: J\u00e1sz-Nagykun-Szolnok V\u00e1rmegyei C\u00e9gb\u00edr\u00f3s\u00e1g<\/li>\n<li>A t\u00e1rsas\u00e1g id\u0151tartama: hat\u00e1rozatlan id\u0151re alakult<\/li>\n<\/ul>\n<p style=\"text-align: justify;\">M\u0171k\u00f6d\u00e9si ter\u00fclet<\/p>\n<p style=\"text-align: justify;\">A T\u00e1rsas\u00e1g\u00a0 35 telep\u00fcl\u00e9sen v\u00e9gzi a kommun\u00e1lis &#8211; nem vesz\u00e9lyes &#8211; \u00a0hullad\u00e9k begy\u0171jt\u00e9s\u00e9t:<\/p>\n<p style=\"text-align: justify;\">J\u00e1sz-Nagykun-Szolnok v\u00e1rmegy\u00e9b\u0151l 20 telep\u00fcl\u00e9s:<\/p>\n<p style=\"text-align: justify;\">Ab\u00e1dszal\u00f3k, Berekf\u00fcrd\u0151, Fegyvernek, Karcag, Kunhegyes, Kunmadaras, Kis\u00fajsz\u00e1ll\u00e1s, T\u00farkeve, Kenderes, Nagyiv\u00e1n, Tiszabura, Tiszaderzs, Tiszaf\u00fcred, Tiszagyenda, Tiszaigar, Tisza\u00f6rs, Tiszaroff, Tiszaszentimre, Tiszasz\u0151l\u0151s, Tomajmonostora.<\/p>\n<p style=\"text-align: justify;\">Heves v\u00e1rmegy\u00e9b\u0151l 10 telep\u00fcl\u00e9s:<\/p>\n<p style=\"text-align: justify;\">Beseny\u0151telek, Dorm\u00e1nd, Egerfarmos, F\u00fczesabony, Mez\u0151szemere, Mez\u0151t\u00e1rk\u00e1ny, Poroszl\u00f3, Sarud, Szihalom, \u00dajl\u0151rincfalva<\/p>\n<p style=\"text-align: justify;\">Hajd\u00fa-Bihar v\u00e1rmegy\u00e9b\u0151l 5 telep\u00fcl\u00e9s:<\/p>\n<p style=\"text-align: justify;\">Egyek, Foly\u00e1s, Hortob\u00e1gy, Tiszacsege, \u00dajszentmargita<\/p>\n","protected":false},"excerpt":{"rendered":"<p>Az NHSZ TISZA Nonprofit KFT. 2004. \u00e1prilis 20-a \u00f3ta v\u00e9gzi hullad\u00e9kgazd\u00e1lkod\u00e1si tev\u00e9kenys\u00e9g\u00e9t, jelenleg 3 megy\u00e9ben, 35 telep\u00fcl\u00e9sen van jelen, egy alv\u00e1llakoz\u00f3 bevon\u00e1s\u00e1val v\u00e9gzi a kommun\u00e1lis &#8211; nem vesz\u00e9lyes hullad\u00e9k &#8211; begy\u0171jt\u00e9s\u00e9t, sz\u00e1ll\u00edt\u00e1s\u00e1t. A t\u00e1rsas\u00e1g (c\u00e9g) neve: NHSZ TISZA Nonprofit Kft. Az \u00fcgyvitel sor\u00e1n haszn\u00e1lt c\u00e9gn\u00e9v r\u00f6vid\u00edt\u00e9se: NHSZ TISZA Nonprofit KFT. Sz\u00e9khelye: 5350 Tiszaf\u00fcred, H\u00fasz\u00f6les \u00fat [&hellip;]<\/p>\n","protected":false},"author":1,"featured_media":0,"parent":0,"menu_order":0,"comment_status":"closed","ping_status":"closed","template":"","meta":[],"_links":{"self":[{"href":"https:\/\/www.nhsztisza.hu\/new\/wp-json\/wp\/v2\/pages\/2"}],"collection":[{"href":"https:\/\/www.nhsztisza.hu\/new\/wp-json\/wp\/v2\/pages"}],"about":[{"href":"https:\/\/www.nhsztisza.hu\/new\/wp-json\/wp\/v2\/types\/page"}],"author":[{"embeddable":true,"href":"https:\/\/www.nhsztisza.hu\/new\/wp-json\/wp\/v2\/users\/1"}],"replies":[{"embeddable":true,"href":"https:\/\/www.nhsztisza.hu\/new\/wp-json\/wp\/v2\/comments?post=2"}],"version-history":[{"count":32,"href":"https:\/\/www.nhsztisza.hu\/new\/wp-json\/wp\/v2\/pages\/2\/revisions"}],"predecessor-version":[{"id":2532,"href":"https:\/\/www.nhsztisza.hu\/new\/wp-json\/wp\/v2\/pages\/2\/revisions\/2532"}],"wp:attachment":[{"href":"https:\/\/www.nhsztisza.hu\/new\/wp-json\/wp\/v2\/media?parent=2"}],"curies":[{"name":"wp","href":"https:\/\/api.w.org\/{rel}","templated":true}]}}