{"id":199,"date":"2015-09-10T11:45:53","date_gmt":"2015-09-10T11:45:53","guid":{"rendered":"http:\/\/localhost\/nhsztisza\/?page_id=199"},"modified":"2026-01-06T10:37:30","modified_gmt":"2026-01-06T08:37:30","slug":"gyik","status":"publish","type":"page","link":"https:\/\/www.nhsztisza.hu\/new\/ugyfelszolgalat\/gyik\/","title":{"rendered":"Gyakran Ism\u00e9telt K\u00e9rd\u00e9sek"},"content":{"rendered":"<p><strong>Hogyan lehet ig\u00e9nybe venni a lakoss\u00e1gi kommun\u00e1lis hullad\u00e9kgazd\u00e1lkod\u00e1si k\u00f6zszolg\u00e1ltat\u00e1st?<\/strong><br \/>\nA k\u00f6zszolg\u00e1ltat\u00e1s ig\u00e9nybev\u00e9tel\u00e9nek bejelent\u00e9se \u00edr\u00e1sban (postai \u00faton, faxon vagy e-mailen), illetve szem\u00e9lyesen \u00fcgyf\u00e9lszolg\u00e1latunkon t\u00f6rt\u00e9nhet. A bejelent\u00e9shez sz\u00fcks\u00e9ges a T\u00e1rsas\u00e1gunk \u00e1ltal alkalmazott Adatv\u00e1ltoz\u00e1s bejelent\u0151 nyomtatv\u00e1ny kit\u00f6lt\u00e9se. Amennyiben az \u00fcgyint\u00e9z\u00e9sn\u00e9l nem az ingatlantulajdonos j\u00e1r el, meghatalmaz\u00e1s sz\u00fcks\u00e9ges.<\/p>\n<p><strong>Mi\u00e9rt k\u00f6telez\u0151 a szolg\u00e1ltat\u00e1s ig\u00e9nybev\u00e9tele?<\/strong><br \/>\nA hullad\u00e9kr\u00f3l sz\u00f3l\u00f3 2012. \u00e9vi CLXXXV. t\u00f6rv\u00e9ny el\u0151\u00edrja, hogy a telep\u00fcl\u00e9si \u00f6nkorm\u00e1nyzat k\u00f6telez\u0151 feladata a hullad\u00e9k gy\u0171jt\u00e9s\u00e9re \u00e9s sz\u00e1ll\u00edt\u00e1s\u00e1ra a k\u00f6zszolg\u00e1ltat\u00e1st megszervezni, az ingatlantulajdonosnak, illetve a gazdas\u00e1gi tev\u00e9kenys\u00e9get folytat\u00f3 szervezetnek pedig k\u00f6teless\u00e9ge azt ig\u00e9nybe venni.<\/p>\n<p><strong>Nincs szemetem, nincs kuk\u00e1m, mi\u00e9rt kell fizetnem?<\/strong><br \/>\nAz Alkotm\u00e1nyb\u00edr\u00f3s\u00e1g 436\/B\/2003. AB hat\u00e1rozata \u00e9rtelm\u00e9ben minden h\u00e1ztart\u00e1sn\u00e1l sz\u00fcks\u00e9gszer\u0171en keletkezik hullad\u00e9k, melynek k\u00f6telez\u0151 elsz\u00e1ll\u00edt\u00e1sa sor\u00e1n a szolg\u00e1ltat\u00f3 r\u00e9sz\u00e9r\u0151l k\u00f6lts\u00e9gek mer\u00fclnek fel akkor is, ha az ed\u00e9nyzet \u00fcres, f\u00e9lig vagy teljesen van t\u00f6ltve. A ki nem helyezett ed\u00e9nyek eset\u00e9ben a k\u00f6telez\u0151 rendelkez\u00e9sre \u00e1ll\u00e1s miatt a szolg\u00e1ltat\u00f3 k\u00f6lts\u00e9gei szint\u00e9n felmer\u00fclnek. \u201eNem \u00e9letszer\u0171, hogy a tulajdonos az ingatlan haszn\u00e1lata sor\u00e1n rendszeresen, egy\u00e1ltal\u00e1n nem bocs\u00e1t ki hullad\u00e9kot, ez\u00e9rt a legkisebb m\u00e9ret\u0171 gy\u0171jt\u0151ed\u00e9ny k\u00f6telez\u0151 ig\u00e9nybev\u00e9tel\u00e9nek el\u0151\u00edr\u00e1sa \u00e9s annak alapj\u00e1n a k\u00f6zszolg\u00e1ltat\u00e1si d\u00edj fizet\u00e9se a szolg\u00e1ltat\u00e1s \u00e9s ellenszolg\u00e1ltat\u00e1s egyen\u00e9rt\u00e9k\u0171s\u00e9ge elv\u00e9nek s\u00e9relm\u00e9t nem id\u00e9zi el\u0151.&#8221;<\/p>\n<p><strong>A d\u00edjfizet\u00e9si k\u00f6telezetts\u00e9g elmulaszt\u00e1sa milyen k\u00f6vetkezm\u00e9nyekkel j\u00e1r (2023.06.30-ig ki\u00e1ll\u00edtott sz\u00e1ml\u00e1kra vonatkoz\u00f3an)?<\/strong><br \/>\nA hullad\u00e9kr\u00f3l sz\u00f3l\u00f3 2012. \u00e9vi CLXXXV. t\u00f6rv\u00e9ny 52. \u00a7-a alapj\u00e1n a hullad\u00e9kgazd\u00e1lkod\u00e1si k\u00f6zszolg\u00e1ltat\u00e1s ig\u00e9nybev\u00e9tel\u00e9\u00e9rt az ingatlantulajdonost terhel\u0151 d\u00edjh\u00e1tral\u00e9k \u00e9s az azzal \u00f6sszef\u00fcgg\u00e9sben meg\u00e1llap\u00edtott k\u00e9sedelmi kamat, valamint a behajt\u00e1s egy\u00e9b k\u00f6lts\u00e9gei ad\u00f3k m\u00f3dj\u00e1ra behajtand\u00f3 k\u00f6ztartoz\u00e1snak min\u0151s\u00fclnek. Ennek alapj\u00e1n a fizet\u00e9si k\u00f6telezetts\u00e9g elmulaszt\u00e1sa eset\u00e9n a szolg\u00e1ltat\u00f3 a fenti jogszab\u00e1lyban meghat\u00e1rozott elj\u00e1r\u00e1si rend szerint a d\u00edjh\u00e1tral\u00e9k ad\u00f3k m\u00f3dj\u00e1ra t\u00f6rt\u00e9n\u0151 behajt\u00e1s\u00e1t kezdem\u00e9nyezi az illet\u00e9kes Nemzeti Ad\u00f3- \u00e9s V\u00e1mhivataln\u00e1l (NAV) 2016.04.01 el\u0151tti h\u00e1tral\u00e9kokra vonatkoz\u00f3lag. 2016.04.01-j\u00e9t k\u00f6vet\u0151en keletkezett h\u00e1tral\u00e9kokat a Nemzeti Hullad\u00e9kgazd\u00e1lkod\u00e1si Koordin\u00e1l\u00f3 \u00e9s Vagyonkezel\u0151 Zrt. jogosult behajt\u00e1s c\u00e9lj\u00e1b\u00f3l \u00e1tadni. A NAV ezt k\u00f6vet\u0151en halad\u00e9ktalanul int\u00e9zkedik a d\u00edjh\u00e1tral\u00e9k, a k\u00e9sedelmi kamat \u00e9s a felmer\u00fclt k\u00f6lts\u00e9gek behajt\u00e1sa \u00e9rdek\u00e9ben els\u0151sorban a rendszeres j\u00f6vedelemb\u0151l t\u00f6rt\u00e9n\u0151 letilt\u00e1ssal, illetve ing\u00f3 v\u00e9grehajt\u00e1sa, tov\u00e1bb\u00e1 v\u00e9gs\u0151 esetben az ingatlanra vezetett v\u00e9grehajt\u00e1s \u00fatj\u00e1n.<\/p>\n<p><strong>2023.07.01-\u00e9t k\u00f6vet\u0151 tartoz\u00e1sokkal<\/strong> kapcsolatos MOHU MOL Hullad\u00e9kgazd\u00e1lkod\u00e1si Zrt. \u00e1ltal tett t\u00e1j\u00e9koztat\u00f3:<\/p>\n<p>A 2023.j\u00falius 1. \u00e9s 2024. j\u00fanius 30. k\u00f6z\u00f6tti id\u0151szakra vonatkoz\u00f3 lej\u00e1rt k\u00f6zszolg\u00e1ltat\u00e1si d\u00edjk\u00f6vetel\u00e9seket a Ptk. 6:193\u20146:198 \u00a7-a alapj\u00e1n illet\u00e9kes szerz\u0151d\u00e9ses partner\u00fcnknek, a DHK H\u00e1tral\u00e9kkezel\u0151 \u00e9s P\u00e9nz\u00fcgyi Szolg\u00e1ltat\u00f3 Zrt. r\u00e9sz\u00e9re engedm\u00e9nyez\u00e9s keret\u00e9ben \u00e1tadtuk. Az engedm\u00e9nyezett sz\u00e1mlak\u00f6vetel\u00e9sekkel \u00e9s azok beszed\u00e9s\u00e9vel kapcsolatos \u00fcgyekben a MOHU \u00e9s a Ter\u00fcleti Szolg\u00e1ltat\u00f3k \u00fcgyf\u00e9lszolg\u00e1latai nem illet\u00e9kesek. Amennyiben a k\u00f6vetel\u00e9ssel vagy az engedm\u00e9nyez\u00e9ssel kapcsolatban b\u00e1rmilyen \u00e9szrev\u00e9tele, kifog\u00e1sa van, forduljon bizalommal a DHK Zrt. \u00fcgyf\u00e9lszolg\u00e1lat\u00e1hoz az al\u00e1bbi el\u00e9rhet\u0151s\u00e9geken.<\/p>\n<p><strong>El\u00e9rhet\u0151s\u00e9geik:<\/strong><\/p>\n<p><strong>\u00a0<\/strong><strong>Telefon:<\/strong> +36 (1) 485 4007\u00a0 \u00a0 \u00a0 \u00a0 \u00a0 \u00a0 \u00a0 \u00a0 H, K, CS: 8:00 \u2013 16:30,\u00a0SZ: 8:00 \u2013 20:00,\u00a0P: 8:00 \u2013 14:30<\/p>\n<p><strong>Email:\u00a0<\/strong><a href=\"mailto:mohuinfo@dhkzrt.hu\">mohuinfo@dhkzrt.hu<\/a><\/p>\n<p><strong>Honlap:<\/strong> <a href=\"https:\/\/dhkzrt.hu\/mohu-informaciok\">MOHU inform\u00e1ci\u00f3k BKM<\/a><\/p>\n<p>&nbsp;<\/p>\n<p><strong>A hullad\u00e9kt\u00e1rol\u00f3 ed\u00e9nyemet k\u00f6zvetlen\u00fcl a gy\u0171jt\u00e9s el\u0151tt szeretn\u00e9m kirakni. Megmondhat\u00f3-e 15-20 perces pontoss\u00e1ggal, hogy mikor ker\u00fcl sor a begy\u0171jt\u00e9sre?<\/strong><br \/>\nA h\u00e1ztart\u00e1si hullad\u00e9k begy\u0171jt\u00e9s\u00e9t T\u00e1rsas\u00e1gunk reggel 6 \u00f3rakor kezdi meg, \u00edgy a hullad\u00e9kt\u00e1rol\u00f3 ed\u00e9nyek kihelyez\u00e9s\u00e9r\u0151l a fenti id\u0151pontokig gondoskodni kell. T\u00e1rsas\u00e1gunk hetente azonos j\u00e1ratterv alapj\u00e1n gy\u0171jti be a hullad\u00e9kot. Egy adott telep\u00fcl\u00e9sen bel\u00fcl azonban v\u00e1ltozhat az utc\u00e1k \u00fcr\u00edt\u00e9s\u00e9nek sorrendje, valamint k\u00fcls\u0151 k\u00f6r\u00fclm\u00e9nyek is (id\u0151j\u00e1r\u00e1s, teherg\u00e9pj\u00e1rm\u0171 meghib\u00e1sod\u00e1s miatti \u00e1tszervez\u00e9s, \u2026) befoly\u00e1solhatj\u00e1k a lakoss\u00e1g \u00e1ltal megszokott \u00fcr\u00edt\u00e9si rendet, \u00edgy k\u00e9rj\u00fck, hogy a hullad\u00e9kbegy\u0171jt\u00e9s reggeli kezd\u00e9si id\u0151pontj\u00e1ig a hullad\u00e9kt\u00e1rol\u00f3 ed\u00e9ny kihelyez\u00e9s\u00e9vel tegye lehet\u0151v\u00e9 az \u00fcr\u00edt\u00e9s elv\u00e9gz\u00e9s\u00e9t.<\/p>\n<p><strong>\u00dcd\u00fcl\u0151tulajdonos vagyok. Mi\u00e9rt kell 6 h\u00f3napot fizetnem?<\/strong><br \/>\nA hullad\u00e9kr\u00f3l sz\u00f3l\u00f3 2012. \u00e9vi CLXXXV. 47. \u00a7, (4) \u00e9rtelm\u00e9ben \u201eAz \u00fcd\u00fcl\u0151k\u00e9nt nyilv\u00e1ntartott ingatlannal rendelkez\u0151 tulajdonosok eset\u00e9ben az \u00e9ves hullad\u00e9kgazd\u00e1lkod\u00e1si k\u00f6zszolg\u00e1ltat\u00e1si d\u00edj 50%-\u00e1t kell meg\u00e1llap\u00edtani.\u201d Az \u00d6n ingatlan\u00e1val kapcsolatosan a hullad\u00e9kgazd\u00e1lkod\u00e1si k\u00f6zszolg\u00e1ltat\u00e1s k\u00f6telez\u0151 ig\u00e9nybev\u00e9tel\u00e9t a telep\u00fcl\u00e9si \u00f6nkorm\u00e1nyzat rendeletileg 6 h\u00f3napos haszn\u00e1lati szezonban (\u00e1prilis 1-t\u0151l szeptember 30-ig) \u00e1llap\u00edtotta meg, amely \u00edgy \u00f6sszhangban van az \u00e9ves d\u00edj 50%-\u00e1nak megfizet\u00e9s\u00e9vel, \u00edgy tov\u00e1bbi kedvezm\u00e9ny \u00e9rv\u00e9nyes\u00edt\u00e9s\u00e9re nincs m\u00f3d.<\/p>\n<p><strong>Lakatlan az ingatlanom. Mi\u00e9rt kaptam ut\u00f3lag egy elm\u00falt id\u0151szak vonatkoz\u00e1s\u00e1ban sz\u00e1ml\u00e1t?<\/strong><br \/>\nAzt az ingatlantulajdonost, aki egy adott id\u0151szak vonatkoz\u00e1s\u00e1ban mentess\u00e9get k\u00e9r a k\u00f6zszolg\u00e1ltat\u00e1si d\u00edj megfizet\u00e9se al\u00f3l, \u2013 mivel az ingatlan a jelzett id\u0151szakban lakatlan volt, \u00e9s ezen id\u0151szakban az ingatlanon telep\u00fcl\u00e9si hullad\u00e9k sem keletkezett, a szolg\u00e1ltat\u00e1st nem vette ig\u00e9nybe \u2013 T\u00e1rsas\u00e1gunk mentes\u00edti a hullad\u00e9kgazd\u00e1lkod\u00e1si k\u00f6zszolg\u00e1ltat\u00e1si d\u00edj \u00fcr\u00edt\u00e9si d\u00edj\u00e1nak megfizet\u00e9se al\u00f3l. Mivel a d\u00edj alapd\u00edj r\u00e9sze jelenleg nulla, ez\u00e9rt T\u00e1rsas\u00e1gunk a mentes\u00edtett ingatlanok ut\u00e1n sem az alapd\u00edjr\u00f3l, a mentess\u00e9gi k\u00e9relem befogad\u00e1sa miatt pedig sem az \u00fcr\u00edt\u00e9si d\u00edjr\u00f3l nem \u00e1ll\u00edt ki sz\u00e1ml\u00e1t. A mentes\u00edtett ingatlanok lakatlans\u00e1g\u00e1nak t\u00e9ny\u00e9t azonban visszamen\u0151leg igazolni kell! Az igazol\u00e1si k\u00f6telezetts\u00e9g v\u00e1llal\u00e1s\u00e1t al\u00e1\u00edr\u00e1s\u00e1val tudom\u00e1sul vette a mentess\u00e9gi k\u00e9relm\u00e9nek beny\u00fajt\u00e1s\u00e1val. T\u00e1rsas\u00e1gunk fel\u00e9 a lakatlans\u00e1g t\u00e9ny\u00e9nek igazol\u00e1s\u00e1ra a mentes\u00edtett id\u0151szakra vonatkoz\u00f3 a mindenkori hat\u00e1lyos, helyileg illet\u00e9kes \u00f6nkorm\u00e1nyzati rendeletben foglaltaknak megfelel\u0151en ny\u00fajtja be az igazol\u00e1st. Az igazol\u00e1s elmulaszt\u00e1sa miatt ki\u00e1ll\u00edtott sz\u00e1ml\u00e1inkat nem \u00e1ll m\u00f3dunkban storn\u00f3zni m\u00e9g abban az esetben sem, ha sz\u00e1ml\u00e1nk hat\u00e1s\u00e1ra eljuttatja T\u00e1rsas\u00e1gunkhoz az igazol\u00e1sokat, mivel a k\u00e9sve \u00e9rkezett elsz\u00e1mol\u00e1sokat nem \u00e1ll m\u00f3dunkban figyelembe venni.<\/p>\n","protected":false},"excerpt":{"rendered":"<p>Hogyan lehet ig\u00e9nybe venni a lakoss\u00e1gi kommun\u00e1lis hullad\u00e9kgazd\u00e1lkod\u00e1si k\u00f6zszolg\u00e1ltat\u00e1st? A k\u00f6zszolg\u00e1ltat\u00e1s ig\u00e9nybev\u00e9tel\u00e9nek bejelent\u00e9se \u00edr\u00e1sban (postai \u00faton, faxon vagy e-mailen), illetve szem\u00e9lyesen \u00fcgyf\u00e9lszolg\u00e1latunkon t\u00f6rt\u00e9nhet. A bejelent\u00e9shez sz\u00fcks\u00e9ges a T\u00e1rsas\u00e1gunk \u00e1ltal alkalmazott Adatv\u00e1ltoz\u00e1s bejelent\u0151 nyomtatv\u00e1ny kit\u00f6lt\u00e9se. Amennyiben az \u00fcgyint\u00e9z\u00e9sn\u00e9l nem az ingatlantulajdonos j\u00e1r el, meghatalmaz\u00e1s sz\u00fcks\u00e9ges. Mi\u00e9rt k\u00f6telez\u0151 a szolg\u00e1ltat\u00e1s ig\u00e9nybev\u00e9tele? A hullad\u00e9kr\u00f3l sz\u00f3l\u00f3 2012. \u00e9vi CLXXXV. [&hellip;]<\/p>\n","protected":false},"author":1,"featured_media":0,"parent":36,"menu_order":12,"comment_status":"closed","ping_status":"closed","template":"","meta":[],"_links":{"self":[{"href":"https:\/\/www.nhsztisza.hu\/new\/wp-json\/wp\/v2\/pages\/199"}],"collection":[{"href":"https:\/\/www.nhsztisza.hu\/new\/wp-json\/wp\/v2\/pages"}],"about":[{"href":"https:\/\/www.nhsztisza.hu\/new\/wp-json\/wp\/v2\/types\/page"}],"author":[{"embeddable":true,"href":"https:\/\/www.nhsztisza.hu\/new\/wp-json\/wp\/v2\/users\/1"}],"replies":[{"embeddable":true,"href":"https:\/\/www.nhsztisza.hu\/new\/wp-json\/wp\/v2\/comments?post=199"}],"version-history":[{"count":18,"href":"https:\/\/www.nhsztisza.hu\/new\/wp-json\/wp\/v2\/pages\/199\/revisions"}],"predecessor-version":[{"id":4006,"href":"https:\/\/www.nhsztisza.hu\/new\/wp-json\/wp\/v2\/pages\/199\/revisions\/4006"}],"up":[{"embeddable":true,"href":"https:\/\/www.nhsztisza.hu\/new\/wp-json\/wp\/v2\/pages\/36"}],"wp:attachment":[{"href":"https:\/\/www.nhsztisza.hu\/new\/wp-json\/wp\/v2\/media?parent=199"}],"curies":[{"name":"wp","href":"https:\/\/api.w.org\/{rel}","templated":true}]}}