{"id":197,"date":"2015-09-10T11:45:34","date_gmt":"2015-09-10T11:45:34","guid":{"rendered":"http:\/\/localhost\/nhsztisza\/?page_id=197"},"modified":"2025-04-16T11:05:29","modified_gmt":"2025-04-16T09:05:29","slug":"ugyintezeshez-szukseges-dokumentumok","status":"publish","type":"page","link":"https:\/\/www.nhsztisza.hu\/new\/ugyfelszolgalat\/ugyintezeshez-szukseges-dokumentumok\/","title":{"rendered":"\u00dcgyint\u00e9z\u00e9shez sz\u00fcks\u00e9ges dokumentumok"},"content":{"rendered":"<p><a href=\"http:\/\/www.nhsztisza.hu\/new\/wp-content\/uploads\/Ugyintezes-menete.pdf\">\u00dcgyint\u00e9z\u00e9s menete (PDF)<\/a><\/p>\n","protected":false},"excerpt":{"rendered":"<p>\u00dcgyint\u00e9z\u00e9s menete (PDF)<\/p>\n","protected":false},"author":1,"featured_media":0,"parent":36,"menu_order":10,"comment_status":"closed","ping_status":"closed","template":"","meta":[],"_links":{"self":[{"href":"https:\/\/www.nhsztisza.hu\/new\/wp-json\/wp\/v2\/pages\/197"}],"collection":[{"href":"https:\/\/www.nhsztisza.hu\/new\/wp-json\/wp\/v2\/pages"}],"about":[{"href":"https:\/\/www.nhsztisza.hu\/new\/wp-json\/wp\/v2\/types\/page"}],"author":[{"embeddable":true,"href":"https:\/\/www.nhsztisza.hu\/new\/wp-json\/wp\/v2\/users\/1"}],"replies":[{"embeddable":true,"href":"https:\/\/www.nhsztisza.hu\/new\/wp-json\/wp\/v2\/comments?post=197"}],"version-history":[{"count":14,"href":"https:\/\/www.nhsztisza.hu\/new\/wp-json\/wp\/v2\/pages\/197\/revisions"}],"predecessor-version":[{"id":3612,"href":"https:\/\/www.nhsztisza.hu\/new\/wp-json\/wp\/v2\/pages\/197\/revisions\/3612"}],"up":[{"embeddable":true,"href":"https:\/\/www.nhsztisza.hu\/new\/wp-json\/wp\/v2\/pages\/36"}],"wp:attachment":[{"href":"https:\/\/www.nhsztisza.hu\/new\/wp-json\/wp\/v2\/media?parent=197"}],"curies":[{"name":"wp","href":"https:\/\/api.w.org\/{rel}","templated":true}]}}