{"id":191,"date":"2015-09-10T11:44:11","date_gmt":"2015-09-10T11:44:11","guid":{"rendered":"http:\/\/localhost\/nhsztisza\/?page_id=191"},"modified":"2026-04-21T14:45:54","modified_gmt":"2026-04-21T12:45:54","slug":"letoltheto-dokumentumok","status":"publish","type":"page","link":"https:\/\/www.nhsztisza.hu\/new\/ugyfelszolgalat\/letoltheto-dokumentumok\/","title":{"rendered":"Let\u00f6lthet\u0151 dokumentumok"},"content":{"rendered":"<p><a href=\"http:\/\/www.nhsztisza.hu\/new\/wp-content\/uploads\/Hulladekgazdalkodasi-kozszolgaltatas-igenybevetelenek-bejelentese-termeszetes-kitoltesi-segedlettel.pdf\">Hullad\u00e9kgazd\u00e1lkod\u00e1si k\u00f6zszolg\u00e1ltat\u00e1s ig\u00e9nybev\u00e9tel\u00e9nek bejelent\u00e9se term\u00e9szetes szem\u00e9lyek r\u00e9sz\u00e9re (PDF)<\/a><\/p>\n<p><a href=\"http:\/\/www.nhsztisza.hu\/new\/wp-content\/uploads\/Hulladekgazdalkodasi-kozszolgaltatas-igenybevetelenek-bejelentese-intezmeny-gazdalkodo-szervezet-reszere.pdf\">Hullad\u00e9kgazd\u00e1lkod\u00e1si k\u00f6zszolg\u00e1ltat\u00e1s ig\u00e9nybev\u00e9tel\u00e9nek bejelent\u00e9se int\u00e9zm\u00e9ny, gazd\u00e1lkod\u00f3 szervezet r\u00e9sz\u00e9re (PDF)<\/a><\/p>\n<p><a href=\"http:\/\/www.nhsztisza.hu\/new\/wp-content\/uploads\/Bejelentolap-EV-ostermelo-adoszammal-rendelkezo-maganszemely-reszere-2024.09.01-tol-1.pdf\">Hullad\u00e9kgazd\u00e1lkod\u00e1si k\u00f6zszolg\u00e1ltat\u00e1s ig\u00e9nybev\u00e9tel\u00e9nek bejelent\u00e9se egy\u00e9ni v\u00e1llalkoz\u00f3, ad\u00f3sz\u00e1mmal rendelkez\u0151 mag\u00e1nszem\u00e9ly r\u00e9sz\u00e9re (PDF)<\/a><\/p>\n<p><span style=\"color: #3366ff;\"><a href=\"http:\/\/www.nhsztisza.hu\/new\/wp-content\/uploads\/Tulajdonosvaltozas-MOHU-2025.04.01-tol-1.pdf\">Tulajdonosv\u00e1ltoz\u00e1st bejelent\u0151 lap, term\u00e9szetes szem\u00e9ly eset\u00e9n (2025.04.01-t\u0151l) (PDF)<\/a><\/span><\/p>\n<p><a href=\"http:\/\/www.nhsztisza.hu\/new\/wp-content\/uploads\/Ingatlanhasznalo-valtozas-bejelentese-regi-ingatlanhasznalo-reszerol.pdf\">Ingatlanhaszn\u00e1l\u00f3 v\u00e1ltoz\u00e1s bejelent\u00e9se r\u00e9gi ingatlanhaszn\u00e1l\u00f3 r\u00e9sz\u00e9r\u0151l (PDF)<\/a><\/p>\n<p><a href=\"http:\/\/www.nhsztisza.hu\/new\/wp-content\/uploads\/Hulladekgazdalkodasi-kozszolgaltatas-szuneteltetesenek-bejelentese-1.pdf\">Hullad\u00e9kgazd\u00e1lkod\u00e1si k\u00f6zszolg\u00e1ltat\u00e1s sz\u00fcneteltet\u00e9s\u00e9nek bejelent\u00e9se, lakoss\u00e1gi \u00e9s nem lakoss\u00e1gi \u00fcgyfelek r\u00e9sz\u00e9re (PDF)<\/a><\/p>\n<p><a href=\"http:\/\/www.nhsztisza.hu\/new\/wp-content\/uploads\/Hulladekgazdalkodasi-kozszolgaltatasi-resztevekenyseg-megszuntetese-az-ingatlan-lakahatatlansaga-vagy-gazdalkodo-szervezet-telephelyen-keletkezo-hulladektermeles-hianya-miatt.pdf\">Hullad\u00e9kgazd\u00e1lkod\u00e1si k\u00f6zszolg\u00e1ltat\u00e1si r\u00e9sztev\u00e9kenys\u00e9g megsz\u00fcntet\u00e9se az ingatlan lakhatatlans\u00e1ga vagy gazd\u00e1lkod\u00f3 szervezet telephely\u00e9n keletkez\u0151 hullad\u00e9ktermel\u00e9s hi\u00e1nya miatt (PDF)<\/a><\/p>\n<p><a href=\"http:\/\/www.nhsztisza.hu\/new\/wp-content\/uploads\/Ingatlanhasznalo-nyilvantartott-adataiban-tortent-valtozas-bejelentese-2.pdf\">Ingatlanhaszn\u00e1l\u00f3 nyilv\u00e1ntartott adataiban t\u00f6rt\u00e9nt v\u00e1ltoz\u00e1s bejelent\u00e9se (PDF)<\/a><\/p>\n<p>&nbsp;<\/p>\n<p><a href=\"http:\/\/www.nhsztisza.hu\/new\/wp-content\/uploads\/Hulladekgazdalkodasi-kozszolgaltatas-igenybevetelenek-bejelentese-tarsashazak-reszere.pdf\">Hullad\u00e9kgazd\u00e1lkod\u00e1si k\u00f6zszolg\u00e1ltat\u00e1s ig\u00e9nybev\u00e9tel\u00e9nek bejelent\u00e9se t\u00e1rsash\u00e1zak, lak\u00f3k\u00f6z\u00f6ss\u00e9gek r\u00e9sz\u00e9re (PDF)<\/a><\/p>\n<p><a href=\"http:\/\/www.nhsztisza.hu\/new\/wp-content\/uploads\/Hulladekgazdalkodasi-kozszolgaltatasi-resztevekenyseg-igenybevetele-egyeni-dijfizetokent-tarsashaztulajdon-kozossegi-dijfizetesbol-torteno-kivalassal.pdf\">Hullad\u00e9kgazd\u00e1lkod\u00e1si k\u00f6zszolg\u00e1ltat\u00e1si r\u00e9sztev\u00e9kenys\u00e9g ig\u00e9nybev\u00e9tele egy\u00e9ni d\u00edjfizet\u0151k\u00e9nt t\u00e1rsash\u00e1ztulajdon k\u00f6z\u00f6ss\u00e9gi d\u00edjfizet\u00e9sb\u0151l t\u00f6rt\u00e9n\u0151 kiv\u00e1l\u00e1ssal (PDF)<\/a><\/p>\n<p>&nbsp;<\/p>\n<p><a href=\"http:\/\/www.nhsztisza.hu\/new\/wp-content\/uploads\/Meghatalmazas-kovetelmenyei.pdf\">Meghatalmaz\u00e1s k\u00f6vetelm\u00e9nyei (PDF)<\/a><\/p>\n<p><a href=\"http:\/\/www.nhsztisza.hu\/new\/wp-content\/uploads\/Meghatalmazas-2026.pdf\">Meghatalmaz\u00e1s 2026 (PDF)<\/a><\/p>\n<p><a href=\"http:\/\/www.nhsztisza.hu\/new\/wp-content\/uploads\/Reszletfizetesi-halasztasi-kedvezmeny-iranti-kerelem.pdf\">R\u00e9szletfizet\u00e9si kedvezm\u00e9ny vagy fizet\u00e9si halaszt\u00e1s ir\u00e1nti k\u00e9relem (PDF)<\/a><\/p>\n<p><a href=\"http:\/\/www.nhsztisza.hu\/new\/wp-content\/uploads\/Visszautalas-kerelem.pdf\">Visszautal\u00e1si k\u00e9relem (PDF)<\/a><\/p>\n<p><span style=\"color: #3366ff;\"><a href=\"http:\/\/www.nhsztisza.hu\/new\/wp-content\/uploads\/Panaszfelveteli-jegyzokonyv-2026.pdf\">Panaszfelv\u00e9teli jegyz\u0151k\u00f6nyv 2026 (PDF)<\/a><\/span><\/p>\n<p><strong>T\u00e1j\u00e9koztat\u00e1s gazd\u00e1lkod\u00f3 szervezetek, k\u00f6lts\u00e9gvet\u00e9si szervek, egy\u00e9ni v\u00e1llalkoz\u00f3k, ad\u00f3sz\u00e1mmal rendelkez\u0151 mag\u00e1nszem\u00e9lyek r\u00e9sz\u00e9re:<\/strong><\/p>\n<p>Tisztelt jelenlegi \u00e9s leend\u0151 \u00dcgyfeleink!<\/p>\n<p>A <b>MOHU MOL Hullad\u00e9kgazd\u00e1lkod\u00e1si Zrt.<\/b> t\u00e1j\u00e9koztat\u00e1sa alapj\u00e1n minden v\u00e1llalkoz\u00e1s, gazd\u00e1lkod\u00f3 szervezet k\u00f6teles regisztr\u00e1lni <strong>az elk\u00fcl\u00f6n\u00edtetten gy\u0171jt\u00f6tt hullad\u00e9k elsz\u00e1ll\u00edt\u00e1s\u00e1ra<\/strong>. A regisztr\u00e1ci\u00f3t a <b>mohu.hu<\/b> partnerport\u00e1lj\u00e1n kell elv\u00e9gezni (<a href=\"https:\/\/mohu.hu\/nem-lakossagi-ugyfelek\" target=\"_blank\" rel=\"noopener noreferrer\" data-auth=\"NotApplicable\" data-linkindex=\"0\">https:\/\/mohu.hu\/nem-lakossagi-ugyfelek<\/a>), ahol minden tov\u00e1bbi inform\u00e1ci\u00f3 megtal\u00e1lhat\u00f3 annak \u00e9rdek\u00e9ben, hogy <b>2023. j\u00falius 1<\/b>-j\u00e9t k\u00f6vet\u0151en is z\u00f6kken\u0151mentesen t\u00f6rt\u00e9njen a kihelyezett hullad\u00e9kgy\u0171jt\u0151 ed\u00e9nyzetek le\u00fcr\u00edt\u00e9se.<\/p>\n<p>Amennyiben a regisztr\u00e1ci\u00f3val kapcsolatosan b\u00e1rmilyen k\u00e9rd\u00e9s mer\u00fcl fel k\u00e9rj\u00fck keress\u00e9k \u00fcgyf\u00e9lszolg\u00e1latukat: 06\/1-776-7770 vagy az <a href=\"mailto:info@mohu.hu\" data-linkindex=\"1\">info@mohu.hu<\/a> e-mail c\u00edmre jelezz\u00e9k k\u00e9rd\u00e9seiket!<\/p>\n<p>A MOHU MOL Hullad\u00e9kgazd\u00e1lkod\u00e1si Zrt. \u00e1ltal v\u00e9gzett adatkezel\u00e9sr\u0151l sz\u00f3l\u00f3 r\u00e9szletes t\u00e1j\u00e9koztat\u00f3k megtekinthet\u0151k a www.mohu.hu weboldalon.<\/p>\n<p>&nbsp;<\/p>\n<p>&nbsp;<\/p>\n","protected":false},"excerpt":{"rendered":"<p>Hullad\u00e9kgazd\u00e1lkod\u00e1si k\u00f6zszolg\u00e1ltat\u00e1s ig\u00e9nybev\u00e9tel\u00e9nek bejelent\u00e9se term\u00e9szetes szem\u00e9lyek r\u00e9sz\u00e9re (PDF) Hullad\u00e9kgazd\u00e1lkod\u00e1si k\u00f6zszolg\u00e1ltat\u00e1s ig\u00e9nybev\u00e9tel\u00e9nek bejelent\u00e9se int\u00e9zm\u00e9ny, gazd\u00e1lkod\u00f3 szervezet r\u00e9sz\u00e9re (PDF) Hullad\u00e9kgazd\u00e1lkod\u00e1si k\u00f6zszolg\u00e1ltat\u00e1s ig\u00e9nybev\u00e9tel\u00e9nek bejelent\u00e9se egy\u00e9ni v\u00e1llalkoz\u00f3, ad\u00f3sz\u00e1mmal rendelkez\u0151 mag\u00e1nszem\u00e9ly r\u00e9sz\u00e9re (PDF) Tulajdonosv\u00e1ltoz\u00e1st bejelent\u0151 lap, term\u00e9szetes szem\u00e9ly eset\u00e9n (2025.04.01-t\u0151l) (PDF) Ingatlanhaszn\u00e1l\u00f3 v\u00e1ltoz\u00e1s bejelent\u00e9se r\u00e9gi ingatlanhaszn\u00e1l\u00f3 r\u00e9sz\u00e9r\u0151l (PDF) Hullad\u00e9kgazd\u00e1lkod\u00e1si k\u00f6zszolg\u00e1ltat\u00e1s sz\u00fcneteltet\u00e9s\u00e9nek bejelent\u00e9se, lakoss\u00e1gi \u00e9s nem lakoss\u00e1gi \u00fcgyfelek r\u00e9sz\u00e9re (PDF) Hullad\u00e9kgazd\u00e1lkod\u00e1si [&hellip;]<\/p>\n","protected":false},"author":1,"featured_media":0,"parent":36,"menu_order":8,"comment_status":"closed","ping_status":"closed","template":"","meta":[],"_links":{"self":[{"href":"https:\/\/www.nhsztisza.hu\/new\/wp-json\/wp\/v2\/pages\/191"}],"collection":[{"href":"https:\/\/www.nhsztisza.hu\/new\/wp-json\/wp\/v2\/pages"}],"about":[{"href":"https:\/\/www.nhsztisza.hu\/new\/wp-json\/wp\/v2\/types\/page"}],"author":[{"embeddable":true,"href":"https:\/\/www.nhsztisza.hu\/new\/wp-json\/wp\/v2\/users\/1"}],"replies":[{"embeddable":true,"href":"https:\/\/www.nhsztisza.hu\/new\/wp-json\/wp\/v2\/comments?post=191"}],"version-history":[{"count":124,"href":"https:\/\/www.nhsztisza.hu\/new\/wp-json\/wp\/v2\/pages\/191\/revisions"}],"predecessor-version":[{"id":4208,"href":"https:\/\/www.nhsztisza.hu\/new\/wp-json\/wp\/v2\/pages\/191\/revisions\/4208"}],"up":[{"embeddable":true,"href":"https:\/\/www.nhsztisza.hu\/new\/wp-json\/wp\/v2\/pages\/36"}],"wp:attachment":[{"href":"https:\/\/www.nhsztisza.hu\/new\/wp-json\/wp\/v2\/media?parent=191"}],"curies":[{"name":"wp","href":"https:\/\/api.w.org\/{rel}","templated":true}]}}