{"id":185,"date":"2015-09-10T11:43:19","date_gmt":"2015-09-10T11:43:19","guid":{"rendered":"http:\/\/localhost\/nhsztisza\/?page_id=185"},"modified":"2026-04-16T10:21:34","modified_gmt":"2026-04-16T08:21:34","slug":"szemelyes-ugyfelszolgalat","status":"publish","type":"page","link":"https:\/\/www.nhsztisza.hu\/new\/ugyfelszolgalat\/szemelyes-ugyfelszolgalat\/","title":{"rendered":"\u00dcgyf\u00e9lszolg\u00e1lati el\u00e9rhet\u0151s\u00e9geink"},"content":{"rendered":"<h2>K\u00f6zponti \u00fcgyf\u00e9lszolg\u00e1lati irod\u00e1nk c\u00edme \u00e9s nyitvatart\u00e1sa<\/h2>\n<p><strong>5350 Tiszaf\u00fcred, H\u00fasz\u00f6les \u00fat 149.<\/strong><\/p>\n<h3><strong>Szem\u00e9lyes \u00fcgyf\u00e9lszolg\u00e1lat:\u00a0\u00a0\u00a0\u00a0\u00a0\u00a0\u00a0\u00a0\u00a0\u00a0<\/strong><\/h3>\n<p>H\u00e9tf\u0151: <em>sz\u00fcnetel az \u00fcgyf\u00e9lfogad\u00e1s\u00a0\u00a0\u00a0\u00a0\u00a0\u00a0\u00a0\u00a0\u00a0\u00a0\u00a0\u00a0\u00a0\u00a0\u00a0\u00a0\u00a0\u00a0\u00a0\u00a0\u00a0\u00a0\u00a0\u00a0\u00a0\u00a0\u00a0\u00a0\u00a0\u00a0\u00a0 <\/em><br \/>\nKedd: 08:00-12:00<br \/>\nSzerda: 07:00-19:00<br \/>\nCs\u00fct\u00f6rt\u00f6k: <em>sz\u00fcnetel az \u00fcgyf\u00e9lfogad\u00e1s\u00a0\u00a0\u00a0\u00a0\u00a0\u00a0\u00a0\u00a0\u00a0\u00a0\u00a0\u00a0\u00a0\u00a0\u00a0\u00a0\u00a0\u00a0\u00a0\u00a0 <\/em><br \/>\nP\u00e9ntek: 08:00-13:00<br \/>\nSzombat: z\u00e1rva<br \/>\nVas\u00e1rnap: z\u00e1rva<\/p>\n<p>&nbsp;<\/p>\n<h3><strong>Telefonos \u00fcgyf\u00e9lszolg\u00e1lat:<\/strong><\/h3>\n<p>Szerz\u0151d\u00e9ssel, sz\u00e1ml\u00e1z\u00e1ssal kapcsolatosan:\u00a0\u00a0\u00a0\u00a0\u00a0\u00a0\u00a0\u00a0\u00a0\u00a0\u00a0\u00a0\u00a0\u00a0\u00a0\u00a0\u00a0\u00a0\u00a0\u00a0\u00a0\u00a0\u00a0\u00a0\u00a0\u00a0 Sz\u00e1ll\u00edt\u00e1ssal kapcsolatosan:<\/p>\n<p>H\u00e9tf\u0151: 08:00-12:00\u00a0\u00a0\u00a0\u00a0\u00a0\u00a0\u00a0\u00a0\u00a0\u00a0\u00a0\u00a0\u00a0\u00a0\u00a0\u00a0\u00a0\u00a0\u00a0\u00a0\u00a0\u00a0\u00a0\u00a0\u00a0 \u00a0 \u00a0 \u00a0 \u00a0 \u00a0 \u00a0 \u00a0 \u00a0 \u00a0 \u00a0 \u00a0 \u00a0 \u00a0 \u00a0 \u00a0 \u00a0 \u00a0 \u00a0 \u00a0 \u00a0 \u00a0 \u00a0\u00a0 H\u00e9tf\u0151: 08:00-14:00<br \/>\nKedd: 08:00-12:00\u00a0\u00a0\u00a0\u00a0\u00a0\u00a0\u00a0\u00a0\u00a0\u00a0\u00a0\u00a0\u00a0\u00a0\u00a0\u00a0\u00a0\u00a0\u00a0\u00a0\u00a0\u00a0\u00a0\u00a0\u00a0\u00a0\u00a0\u00a0\u00a0\u00a0\u00a0\u00a0\u00a0\u00a0\u00a0\u00a0\u00a0\u00a0\u00a0\u00a0\u00a0\u00a0\u00a0\u00a0\u00a0\u00a0\u00a0\u00a0\u00a0\u00a0\u00a0\u00a0\u00a0\u00a0\u00a0\u00a0\u00a0\u00a0\u00a0\u00a0\u00a0\u00a0\u00a0\u00a0\u00a0\u00a0\u00a0\u00a0\u00a0\u00a0\u00a0 Kedd: 08:00-14:00<br \/>\nSzerda: 07:00-19:00\u00a0\u00a0\u00a0\u00a0\u00a0\u00a0\u00a0\u00a0\u00a0\u00a0\u00a0\u00a0\u00a0\u00a0\u00a0\u00a0\u00a0\u00a0\u00a0\u00a0\u00a0\u00a0\u00a0\u00a0\u00a0\u00a0\u00a0\u00a0\u00a0\u00a0\u00a0\u00a0\u00a0\u00a0\u00a0\u00a0\u00a0\u00a0\u00a0\u00a0\u00a0\u00a0\u00a0\u00a0\u00a0\u00a0\u00a0\u00a0\u00a0\u00a0\u00a0\u00a0\u00a0\u00a0\u00a0\u00a0\u00a0\u00a0\u00a0\u00a0\u00a0\u00a0\u00a0\u00a0\u00a0\u00a0\u00a0\u00a0 Szerda: 08:00-14:00<br \/>\nCs\u00fct\u00f6rt\u00f6k: sz\u00fcnetel\u00a0\u00a0\u00a0\u00a0\u00a0\u00a0\u00a0\u00a0\u00a0\u00a0\u00a0\u00a0\u00a0\u00a0\u00a0\u00a0\u00a0\u00a0\u00a0\u00a0\u00a0\u00a0\u00a0\u00a0\u00a0\u00a0\u00a0\u00a0\u00a0\u00a0\u00a0\u00a0\u00a0\u00a0\u00a0\u00a0\u00a0\u00a0\u00a0\u00a0\u00a0\u00a0\u00a0\u00a0\u00a0\u00a0\u00a0\u00a0\u00a0\u00a0\u00a0\u00a0\u00a0\u00a0\u00a0\u00a0\u00a0\u00a0\u00a0\u00a0\u00a0\u00a0\u00a0\u00a0\u00a0\u00a0\u00a0\u00a0 Cs\u00fct\u00f6rt\u00f6k: 08:00-14:00<br \/>\nP\u00e9ntek: 08:00-13:00\u00a0\u00a0\u00a0\u00a0\u00a0\u00a0\u00a0\u00a0\u00a0\u00a0\u00a0\u00a0\u00a0\u00a0\u00a0\u00a0\u00a0\u00a0\u00a0\u00a0\u00a0\u00a0\u00a0\u00a0\u00a0\u00a0\u00a0\u00a0\u00a0\u00a0\u00a0\u00a0\u00a0\u00a0\u00a0\u00a0\u00a0\u00a0\u00a0\u00a0\u00a0\u00a0\u00a0\u00a0\u00a0\u00a0\u00a0\u00a0\u00a0\u00a0\u00a0\u00a0\u00a0\u00a0\u00a0\u00a0\u00a0\u00a0\u00a0\u00a0\u00a0\u00a0\u00a0\u00a0\u00a0\u00a0\u00a0 P\u00e9ntek: 08:00-14:00<\/p>\n<p>&nbsp;<\/p>\n<p><iframe loading=\"lazy\" src=\"https:\/\/www.google.com\/maps\/embed?pb=!1m18!1m12!1m3!1d2689.9567527579943!2d20.754837315652708!3d47.60753059590689!2m3!1f0!2f0!3f0!3m2!1i1024!2i768!4f13.1!3m3!1m2!1s0x4740d1c2675bcab7%3A0xda05237998d54f26!2zVGlzemFmw7xyZWQsIEjDunN6w7ZsZXMgw7p0IDE0OSwgNTM1MA!5e0!3m2!1sen!2shu!4v1499762492887\" width=\"750\" height=\"450\" frameborder=\"0\" allowfullscreen=\"allowfullscreen\"><\/iframe><\/p>\n<hr \/>\n<h2><strong>Levelez\u00e9si c\u00edm\u00fcnk<\/strong><\/h2>\n<p>NHSZ TISZA Nonprofit KFT.\u00a0 \u00a0 \u00a0 \u00a05350 Tiszaf\u00fcred, H\u00fasz\u00f6les \u00fat 149.<\/p>\n<hr \/>\n<h2><strong>E-mail c\u00edmeink<\/strong><\/h2>\n<p>\u00dcgyf\u00e9lszolg\u00e1lat: ugyfelszolgalat.tisza@nhsz.hu<\/p>\n<p>Sz\u00e9khely, k\u00f6zpont: info.tisza@nhsz.hu<\/p>\n<hr \/>\n<h2><strong>\u00dcgyf\u00e9lszolg\u00e1latunk telefonos el\u00e9rhet\u0151s\u00e9ge<br \/>\n<\/strong><\/h2>\n<h3>Telefon: +36 1 776 7777<\/h3>\n<p>_______________________________________________________________________________________________________________________________________<\/p>\n<h2>Kihelyezett \u00fcgyf\u00e9lszolg\u00e1latok helye \u00e9s \u00fcgyf\u00e9lfogad\u00e1si rendje<\/h2>\n<p><strong>Tiszaf\u00fcred, k\u00f6zponti \u00fcgyf\u00e9lszolg\u00e1lat<\/strong><br \/>\n5350 Tiszaf\u00fcred, H\u00fasz\u00f6les \u00fat 149.<br \/>\nugyfelszolgalat.tisza@nhsz.hu<\/p>\n<p><strong>Karcag, Berekf\u00fcrd\u0151<\/strong><br \/>\n5300 Karcag, Pet\u0151fi utca 1\/E.<br \/>\nKedd, cs\u00fct\u00f6rt\u00f6k: 08:00-15:00, szerda: 06:00-18:00<\/p>\n<p><strong>Kis\u00fajsz\u00e1ll\u00e1si kihelyezett \u00fcgyf\u00e9lszolg\u00e1lat<\/strong><br \/>\n5310 Kis\u00fajsz\u00e1ll\u00e1s, Kis\u00fajsz\u00e1ll\u00e1s Hullad\u00e9kudvar Kossuth utca 74. sz\u00e1m alatt<\/p>\n<p>H: 8-16, K: 8-16, SZ: 8-16, CS: 8-11, P: 8-11<\/p>\n<p>Hullad\u00e9kudvar nyitvatart\u00e1sa:<br \/>\n5310 Kis\u00fajsz\u00e1ll\u00e1s, Kossuth Lajos utca 74.<br \/>\nH: 8-16, K: 8-16, SZE: 8-16, CS: 12-20, P: 12-20, SZO: 12-20<\/p>\n<p><strong>Kenderesi kihelyezett \u00fcgyf\u00e9lszolg\u00e1lat<\/strong><br \/>\n5331 Kenderes, Szent Istv\u00e1n \u00fat 33.<br \/>\nCs\u00fct\u00f6rt\u00f6k: 11:30-13:30<\/p>\n<p><strong>T\u00farkevei kihelyezett \u00fcgyf\u00e9lszolg\u00e1lat<\/strong><br \/>\n5420 T\u00farkeve, S\u00e1ros utca 13.<br \/>\nCs\u00fct\u00f6rt\u00f6k: 09:00-11:00<\/p>\n<p><strong>Fegyverneki kihelyezett \u00fcgyf\u00e9lszolg\u00e1lat<\/strong><\/p>\n<p>5231 Fegyvernek, Szent Erzs\u00e9bet \u00fat 171.<br \/>\nH\u00e9tf\u0151t\u0151l p\u00e9ntekig: 08:00-12:00<\/p>\n<p>&nbsp;<\/p>\n","protected":false},"excerpt":{"rendered":"<p>K\u00f6zponti \u00fcgyf\u00e9lszolg\u00e1lati irod\u00e1nk c\u00edme \u00e9s nyitvatart\u00e1sa 5350 Tiszaf\u00fcred, H\u00fasz\u00f6les \u00fat 149. Szem\u00e9lyes \u00fcgyf\u00e9lszolg\u00e1lat:\u00a0\u00a0\u00a0\u00a0\u00a0\u00a0\u00a0\u00a0\u00a0\u00a0 H\u00e9tf\u0151: sz\u00fcnetel az \u00fcgyf\u00e9lfogad\u00e1s\u00a0\u00a0\u00a0\u00a0\u00a0\u00a0\u00a0\u00a0\u00a0\u00a0\u00a0\u00a0\u00a0\u00a0\u00a0\u00a0\u00a0\u00a0\u00a0\u00a0\u00a0\u00a0\u00a0\u00a0\u00a0\u00a0\u00a0\u00a0\u00a0\u00a0\u00a0 Kedd: 08:00-12:00 Szerda: 07:00-19:00 Cs\u00fct\u00f6rt\u00f6k: sz\u00fcnetel az \u00fcgyf\u00e9lfogad\u00e1s\u00a0\u00a0\u00a0\u00a0\u00a0\u00a0\u00a0\u00a0\u00a0\u00a0\u00a0\u00a0\u00a0\u00a0\u00a0\u00a0\u00a0\u00a0\u00a0\u00a0 P\u00e9ntek: 08:00-13:00 Szombat: z\u00e1rva Vas\u00e1rnap: z\u00e1rva &nbsp; Telefonos \u00fcgyf\u00e9lszolg\u00e1lat: Szerz\u0151d\u00e9ssel, sz\u00e1ml\u00e1z\u00e1ssal kapcsolatosan:\u00a0\u00a0\u00a0\u00a0\u00a0\u00a0\u00a0\u00a0\u00a0\u00a0\u00a0\u00a0\u00a0\u00a0\u00a0\u00a0\u00a0\u00a0\u00a0\u00a0\u00a0\u00a0\u00a0\u00a0\u00a0\u00a0 Sz\u00e1ll\u00edt\u00e1ssal kapcsolatosan: H\u00e9tf\u0151: 08:00-12:00\u00a0\u00a0\u00a0\u00a0\u00a0\u00a0\u00a0\u00a0\u00a0\u00a0\u00a0\u00a0\u00a0\u00a0\u00a0\u00a0\u00a0\u00a0\u00a0\u00a0\u00a0\u00a0\u00a0\u00a0\u00a0 \u00a0 \u00a0 \u00a0 \u00a0 \u00a0 \u00a0 \u00a0 \u00a0 \u00a0 \u00a0 \u00a0 \u00a0 \u00a0 \u00a0 [&hellip;]<\/p>\n","protected":false},"author":1,"featured_media":0,"parent":36,"menu_order":2,"comment_status":"closed","ping_status":"closed","template":"","meta":[],"_links":{"self":[{"href":"https:\/\/www.nhsztisza.hu\/new\/wp-json\/wp\/v2\/pages\/185"}],"collection":[{"href":"https:\/\/www.nhsztisza.hu\/new\/wp-json\/wp\/v2\/pages"}],"about":[{"href":"https:\/\/www.nhsztisza.hu\/new\/wp-json\/wp\/v2\/types\/page"}],"author":[{"embeddable":true,"href":"https:\/\/www.nhsztisza.hu\/new\/wp-json\/wp\/v2\/users\/1"}],"replies":[{"embeddable":true,"href":"https:\/\/www.nhsztisza.hu\/new\/wp-json\/wp\/v2\/comments?post=185"}],"version-history":[{"count":88,"href":"https:\/\/www.nhsztisza.hu\/new\/wp-json\/wp\/v2\/pages\/185\/revisions"}],"predecessor-version":[{"id":4204,"href":"https:\/\/www.nhsztisza.hu\/new\/wp-json\/wp\/v2\/pages\/185\/revisions\/4204"}],"up":[{"embeddable":true,"href":"https:\/\/www.nhsztisza.hu\/new\/wp-json\/wp\/v2\/pages\/36"}],"wp:attachment":[{"href":"https:\/\/www.nhsztisza.hu\/new\/wp-json\/wp\/v2\/media?parent=185"}],"curies":[{"name":"wp","href":"https:\/\/api.w.org\/{rel}","templated":true}]}}