{"id":161,"date":"2015-09-10T11:36:46","date_gmt":"2015-09-10T11:36:46","guid":{"rendered":"http:\/\/localhost\/nhsztisza\/?page_id=161"},"modified":"2021-06-30T08:36:12","modified_gmt":"2021-06-30T06:36:12","slug":"helyi-onkormanyzati-rendeletek","status":"publish","type":"page","link":"https:\/\/www.nhsztisza.hu\/new\/hulladekgazdalkodasi-informaciok\/helyi-onkormanyzati-rendeletek\/","title":{"rendered":"Helyi \u00d6nkorm\u00e1nyzati rendeletek"},"content":{"rendered":"<p><strong>Ab\u00e1dszal\u00f3k<\/strong><\/p>\n<p><a href=\"http:\/\/www.nhsztisza.hu\/new\/wp-content\/uploads\/Abadszalok-2015.VI_.27.-sz.-rendelet.pdf\">Ab\u00e1dszal\u00f3k &#8211; 2015.(VI.27.) sz. rendelet\u00a0<\/a><\/p>\n<p><strong>Berekf\u00fcrd\u0151<\/strong><\/p>\n<p><a href=\"http:\/\/www.nhsztisza.hu\/new\/wp-content\/uploads\/Berekfurdo-2015.IV_.30.-sz.-rendelet.pdf\">Berekf\u00fcrd\u0151 &#8211; 2015.(IV.30.) sz. rendelet<\/a><\/p>\n<p><strong>Beseny\u0151telek<\/strong><\/p>\n<p><a href=\"http:\/\/www.nhsztisza.hu\/new\/wp-content\/uploads\/Besenyotelek-2016.-VI.29.-sz.-rendelet.pdf\">Beseny\u0151telek &#8211; 2016.(VI.29.) sz. rendelet<\/a><\/p>\n<p><strong>Dorm\u00e1nd<\/strong><\/p>\n<p><a href=\"http:\/\/www.nhsztisza.hu\/new\/wp-content\/uploads\/Dormand-2016.-VI.28.-sz.-rendelet.pdf\">Dorm\u00e1nd &#8211; 2016.(VI.28.) sz. rendelet<\/a><\/p>\n<p><a href=\"http:\/\/www.nhsztisza.hu\/new\/wp-content\/uploads\/Dormand-2021.III_.25.-sz.-rendelet-mod..pdf\">Dorm\u00e1nd &#8211; 2021.(III.25.) sz. rendelet m\u00f3d.<\/a><\/p>\n<p><strong>Egerfarmos<\/strong><\/p>\n<p><a href=\"http:\/\/www.nhsztisza.hu\/new\/wp-content\/uploads\/Egerfarmos-2016.VI_.29.-sz.-rendelet-1.pdf\">Egerfarmos &#8211; 2016.(VI.29.) sz. rendelet <\/a><\/p>\n<p><a href=\"http:\/\/www.nhsztisza.hu\/new\/wp-content\/uploads\/Egerfarmos-2016.VI_.29.-sz.-rendelet-kiegeszites-2.pdf\">Egerfarmos &#8211; 2016.(VI.29.) sz. rendelet kieg\u00e9sz\u00edt\u00e9s <\/a><\/p>\n<p><a href=\"http:\/\/www.nhsztisza.hu\/new\/wp-content\/uploads\/Egerfarmos-2021.-II.24.-sz.-rendelet-kiegeszites-3.pdf\">Egerfarmos &#8211; 2021.(II.24.) sz. rendelet kieg\u00e9sz\u00edt\u00e9s <\/a><\/p>\n<p><strong>Egyek<\/strong><\/p>\n<p><a href=\"http:\/\/www.nhsztisza.hu\/new\/wp-content\/uploads\/Egyek-2014.II_.05.-Hulladekezelessel-kapcsolatos-rendelet.pdf\">Egyek &#8211; 2014.(II.05.) sz. rendelet<\/a><\/p>\n<p><a href=\"http:\/\/www.nhsztisza.hu\/new\/wp-content\/uploads\/Egyek-2014.VI_.26.-sz.-rendelet.pdf\">Egyek &#8211; 2014.(VI.26.) sz. rendelet<\/a><\/p>\n<p><a href=\"http:\/\/www.nhsztisza.hu\/new\/wp-content\/uploads\/Egyek-2015.XII_.17.-sz.-rendelet.pdf\">Egyek &#8211; 2015.(XII.17.) sz. rendelet<\/a><\/p>\n<p><a href=\"http:\/\/www.nhsztisza.hu\/new\/wp-content\/uploads\/Egyek-2016.II_.11.-sz.-rendelet.pdf\">Egyek &#8211; 2016.(II.11.) sz. rendelet<\/a><\/p>\n<p><a href=\"http:\/\/www.nhsztisza.hu\/new\/wp-content\/uploads\/Egyek-2016.III_.31.-sz.-rendelet.pdf\">Egyek &#8211; 2016.(III.31.) sz. rendelet<\/a><\/p>\n<p><a href=\"http:\/\/www.nhsztisza.hu\/new\/wp-content\/uploads\/Egyek-2016.VI_.30.-sz.-rendelet.pdf\">Egyek &#8211; 2016.(VI.30.) sz. rendelet<\/a><\/p>\n<p><a href=\"http:\/\/www.nhsztisza.hu\/new\/wp-content\/uploads\/Egyek-2017.III_.30.-sz.-rendelet.pdf\">Egyek &#8211; 2017.(III.30.) sz. rendelet<\/a><\/p>\n<p><a href=\"http:\/\/www.nhsztisza.hu\/new\/wp-content\/uploads\/Egyek-2018.I.25.-sz.-rendelet.pdf\">Egyek &#8211; 2018.(I.25.) sz. rendelet<\/a><\/p>\n<p><a href=\"http:\/\/www.nhsztisza.hu\/new\/wp-content\/uploads\/Egyek-2018.IX_.27.-sz.-rendelet.pdf\">Egyek &#8211; 2018.(IX.27.) sz. rendelet<\/a><\/p>\n<p><a href=\"http:\/\/www.nhsztisza.hu\/new\/wp-content\/uploads\/Egyek-2019.III_.28.-sz.-rendelet.pdf\">Egyek &#8211; 2019.(III.28.) sz. rendelet<\/a><\/p>\n<p><strong>Fegyvernek<\/strong><\/p>\n<p><a href=\"http:\/\/www.nhsztisza.hu\/new\/wp-content\/uploads\/Fegyvernek-2016.-III.04.-sz.-rendelete.pdf\">Fegyvernek &#8211; 2016.(III.04.) sz. rendelete<\/a><\/p>\n<p><a href=\"http:\/\/www.nhsztisza.hu\/new\/wp-content\/uploads\/Fegyvernek-2016.-IV.04.-sz-rendelet-mod.1.pdf\">Fegyvernek &#8211; 2016.(IV.04.) sz rendelet m\u00f3d.<\/a><\/p>\n<p><a href=\"http:\/\/www.nhsztisza.hu\/new\/wp-content\/uploads\/Fegyvernek-2018.-XII.27.-sz.-rendelet-mod-3..pdf\">Fegyvernek &#8211; 2018.( XII.27.) sz. rendelet m\u00f3d <\/a><\/p>\n<p><a href=\"http:\/\/www.nhsztisza.hu\/new\/wp-content\/uploads\/Fegyvernek-2018.-VIII.31.-sz.-rendelet-mod.2.pdf\">Fegyvernek &#8211; 2018.(VIII.31.) sz. rendelet m\u00f3d.<\/a><\/p>\n<p><strong>F\u00fczesabony<\/strong><\/p>\n<p><a href=\"http:\/\/www.nhsztisza.hu\/new\/wp-content\/uploads\/Fuzesabony-2015.-III.20.-sz.-rendelet.pdf\">F\u00fczesabony &#8211; 2015.(III.20.) sz. rendelet<\/a><\/p>\n<p><a href=\"http:\/\/www.nhsztisza.hu\/new\/wp-content\/uploads\/Fuzesabony-2016.-VI.24.-sz.-rendelet-mod..pdf\">F\u00fczesabony &#8211; 2016.(VI.24.) sz. rendelet m\u00f3d.<\/a><\/p>\n<p><strong>Karcag<\/strong><\/p>\n<p><a href=\"http:\/\/www.nhsztisza.hu\/new\/wp-content\/uploads\/Karcag-1999-II.24.-sz.-rendelet.pdf\">Karcag &#8211; 1999. (II.24.) sz. rendelet<\/a><\/p>\n<p><strong>Kenderes<\/strong><\/p>\n<p><a href=\"http:\/\/www.nhsztisza.hu\/new\/wp-content\/uploads\/Kenderes-2017.-III.-23.-sz.-rendelet.pdf\">Kenderes &#8211; 2017.(III. 23.) sz. rendelet<\/a><\/p>\n<p><a href=\"http:\/\/www.nhsztisza.hu\/new\/wp-content\/uploads\/Kenderes-2021.-V.17.-sz.-rendelet.pdf\">Kenderes &#8211; 2021.(V.17.) sz. rendelet<\/a><\/p>\n<p><strong>Kis\u00fajsz\u00e1ll\u00e1s<\/strong><\/p>\n<p><a href=\"http:\/\/www.nhsztisza.hu\/new\/wp-content\/uploads\/Kisujszallas-2013.-III.27.-sz.-rendelet-mod-1..pdf\">Kis\u00fajsz\u00e1ll\u00e1s &#8211; 2013.(III.27.) sz. rendelet m\u00f3d <\/a><\/p>\n<p><a href=\"http:\/\/www.nhsztisza.hu\/new\/wp-content\/uploads\/Kisujszallas-2013.-III.27.-sz.-rendelet.pdf\">Kis\u00fajsz\u00e1ll\u00e1s &#8211; 2013.(III.27.) sz. rendelet<\/a><\/p>\n<p><a href=\"http:\/\/www.nhsztisza.hu\/new\/wp-content\/uploads\/Kisujszallas-2017.-X.-31.-sz.-rendelet.pdf\">Kis\u00fajsz\u00e1ll\u00e1s &#8211; 2017.( X. 31.) sz. rendelet<\/a><\/p>\n<p><a href=\"http:\/\/www.nhsztisza.hu\/new\/wp-content\/uploads\/Kisujszallas-2017.-X.31.-sz.-rendelet-mod-5..pdf\">Kis\u00fajsz\u00e1ll\u00e1s &#8211; 2017.(X.31.) sz. rendelet m\u00f3d <\/a><\/p>\n<p><a href=\"http:\/\/www.nhsztisza.hu\/new\/wp-content\/uploads\/Kisujszallas-2017.-X.31.-sz.-rendelet-mod.-2..pdf\">Kis\u00fajsz\u00e1ll\u00e1s &#8211; 2017.(X.31.) sz. rendelet m\u00f3d. <\/a><\/p>\n<p><a href=\"http:\/\/www.nhsztisza.hu\/new\/wp-content\/uploads\/Kisujszallas-2017.-X.31.-sz.-rendelet-mod.-3..pdf\">Kis\u00fajsz\u00e1ll\u00e1s &#8211; 2017.(X.31.) sz. rendelet m\u00f3d. <\/a><\/p>\n<p><strong>Kunhegyes<\/strong><\/p>\n<p><a href=\"http:\/\/www.nhsztisza.hu\/new\/wp-content\/uploads\/Kunhegyes-2015.-II.-13.-sz.-rendelet-1.pdf\">Kunhegyes &#8211; 2015.(II. 13.) sz. rendelet <\/a><\/p>\n<p><a href=\"http:\/\/www.nhsztisza.hu\/new\/wp-content\/uploads\/Kunhegyes-2016.-VI.22.-sz.-rendelet-mod.-2.pdf\">Kunhegyes &#8211; 2016.(VI.22.) sz. rendelet m\u00f3d.<\/a><\/p>\n<p><a href=\"http:\/\/www.nhsztisza.hu\/new\/wp-content\/uploads\/Kunhegyes-2021.-I.27.-sz.-rendelet-mod.-3.pdf\">Kunhegyes &#8211; 2021.(I.27.) sz. rendelet m\u00f3d.<\/a><\/p>\n<p><a href=\"http:\/\/www.nhsztisza.hu\/new\/wp-content\/uploads\/Kunhegyes-2021.-III.18.-sz.-rendelet-mod.-4.pdf\">Kunhegyes &#8211; 2021.(III.18.) sz. rendelet m\u00f3d.<\/a><\/p>\n<p><strong>Kunmadaras<\/strong><\/p>\n<p><a href=\"http:\/\/www.nhsztisza.hu\/new\/wp-content\/uploads\/Kunmadaras-2013.-V.30.-sz.-rendelete.pdf\">Kunmadaras &#8211; 2013.(V.30.) sz. rendelete<\/a><\/p>\n<p><strong>Mez\u0151szemere<\/strong><\/p>\n<p><a href=\"http:\/\/www.nhsztisza.hu\/new\/wp-content\/uploads\/Mezoszemere-2016.-IX.05.-sz.-rendelet.pdf\">Mez\u0151szemere &#8211; 2016.(IX.05.) sz. rendelet<\/a><\/p>\n<p><strong>Mez\u0151t\u00e1rk\u00e1ny<\/strong><\/p>\n<p><a href=\"http:\/\/www.nhsztisza.hu\/new\/wp-content\/uploads\/Mezotarkany-2016.-VIII.23.-sz.-rendelet.pdf\">Mez\u0151t\u00e1rk\u00e1ny &#8211; 2016.(VIII.23.) sz. rendelet<\/a><\/p>\n<p><a href=\"http:\/\/www.nhsztisza.hu\/new\/wp-content\/uploads\/Mezotarkany-2021.-III.25.-sz.-rendelet-mod..pdf\">Mez\u0151t\u00e1rk\u00e1ny &#8211; 2021.(III.25.) sz. rendelet m\u00f3d.<\/a><\/p>\n<p><strong>Nagyiv\u00e1n<\/strong><\/p>\n<p><a href=\"http:\/\/www.nhsztisza.hu\/new\/wp-content\/uploads\/Nagyivan-2016.-II.19.-sz.-rendelet.pdf\">Nagyiv\u00e1n &#8211; 2016.(II.19.) sz. rendelet<\/a><\/p>\n<p><strong>Poroszl\u00f3<\/strong><\/p>\n<p><a href=\"http:\/\/www.nhsztisza.hu\/new\/wp-content\/uploads\/Poroszlo-2016.-V.27.-sz.-rendelet-..pdf\">Poroszl\u00f3 &#8211; 2016.(V.27.) sz. rendelet .<\/a><\/p>\n<p><a href=\"http:\/\/www.nhsztisza.hu\/new\/wp-content\/uploads\/Poroszlo-2016.-V.27.-sz.-rendelet-1-melleklet.pdf\">Poroszl\u00f3 &#8211; 2016.(V.27.) sz. rendelet 1-mell\u00e9klet<\/a><\/p>\n<p><a href=\"http:\/\/www.nhsztisza.hu\/new\/wp-content\/uploads\/Poroszlo-2016.-V.27.-sz.-rendelet-2-melleklet.pdf\">Poroszl\u00f3 &#8211; 2016.(V.27.) sz. rendelet 2-mell\u00e9klet<\/a><\/p>\n<p><a href=\"http:\/\/www.nhsztisza.hu\/new\/wp-content\/uploads\/Poroszlo-2016.-V.27.-sz.-rendelet-3-melleklet.pdf\">Poroszl\u00f3 &#8211; 2016.(V.27.) sz. rendelet 3-mell\u00e9klet<\/a><\/p>\n<p><strong>Sarud<\/strong><\/p>\n<p><a href=\"http:\/\/www.nhsztisza.hu\/new\/wp-content\/uploads\/Sarud-2016.-IV.1.-sz.-rendelet.pdf\">Sarud &#8211; 2016.(IV.1.) sz. rendelet<\/a><\/p>\n<p><strong>Szihalom<\/strong><\/p>\n<p><a href=\"http:\/\/www.nhsztisza.hu\/new\/wp-content\/uploads\/Szihalom-2014.-VI.26.-sz.-rendelet.pdf\">Szihalom &#8211; 2014.(VI.26.) sz. rendelet<\/a><\/p>\n<p><strong>Tiszabura<\/strong><\/p>\n<p><a href=\"http:\/\/www.nhsztisza.hu\/new\/wp-content\/uploads\/Tiszabura-2014.-II.03.-sz.-rendelet.pdf\">Tiszabura &#8211; 2014. (II.03.) sz. rendelet<\/a><\/p>\n<p><strong>Tiszacsege<\/strong><\/p>\n<p><a href=\"http:\/\/www.nhsztisza.hu\/new\/wp-content\/uploads\/Tiszacsege-2016.-X.-4.-sz.-rendelet.pdf\">Tiszacsege &#8211; 2016. ( X. 4.) sz. rendelet<\/a><\/p>\n<p><a href=\"http:\/\/www.nhsztisza.hu\/new\/wp-content\/uploads\/Tiszacsege-2017.-IV.19.-sz.-rendelet-mod..pdf\">Tiszacsege &#8211; 2017. (IV.19.) sz. rendelet m\u00f3d.<\/a><\/p>\n<p><strong>Tiszaderzs<\/strong><\/p>\n<p><a href=\"http:\/\/www.nhsztisza.hu\/new\/wp-content\/uploads\/Tiszaderzs-2016.-XI.-18.-sz.-rendelet.pdf\">Tiszaderzs &#8211; 2016. ( XI. 18.) sz. rendelet<\/a><\/p>\n<p><strong>Tiszaf\u00fcred<\/strong><\/p>\n<p><a href=\"http:\/\/www.nhsztisza.hu\/new\/wp-content\/uploads\/Tiszafured-2015.-X.21.-sz-.-rendelet.pdf\">Tiszaf\u00fcred &#8211; 2015. (X.21.) sz . rendelet<\/a><\/p>\n<p><a href=\"http:\/\/www.nhsztisza.hu\/new\/wp-content\/uploads\/Tiszafured-2016.-VI.08.-sz.-rendelet-mod..pdf\">Tiszaf\u00fcred &#8211; 2016. (VI.08.) sz. rendelet m\u00f3d.<\/a><\/p>\n<p><strong>Tiszagyenda<\/strong><\/p>\n<p><a href=\"http:\/\/www.nhsztisza.hu\/new\/wp-content\/uploads\/Tiszagyenda-2016.-VI.-30.-sz.-rendelet.pdf\">Tiszagyenda &#8211; 2016. (VI. 30.) sz. rendelet<\/a><\/p>\n<p><strong>Tiszaigar<\/strong><\/p>\n<p><a href=\"http:\/\/www.nhsztisza.hu\/new\/wp-content\/uploads\/Tiszaigar-2016.-II.-24.-sz.-rendelet.pdf\">Tiszaigar &#8211; 2016. (II. 24.) sz. rendelet<\/a><\/p>\n<p><strong>Tisza\u00f6rs<\/strong><\/p>\n<p><a href=\"http:\/\/www.nhsztisza.hu\/new\/wp-content\/uploads\/Tiszaors-2016.-V.20.-sz.-rendelet.pdf\">Tisza\u00f6rs &#8211; 2016. (V.20.) sz. rendelet<\/a><\/p>\n<p><strong>Tiszaroff<\/strong><\/p>\n<p><a href=\"http:\/\/www.nhsztisza.hu\/new\/wp-content\/uploads\/Tiszaroff-2016.-VI.29.-sz.-rendelet.pdf\">Tiszaroff &#8211; 2016. ( VI.29.) sz. rendelet<\/a><\/p>\n<p><strong>Tiszaszentimre<\/strong><\/p>\n<p><a href=\"http:\/\/www.nhsztisza.hu\/new\/wp-content\/uploads\/Tiszaszentimre-2016.-X.18.-sz.-rendelet.pdf\">Tiszaszentimre &#8211; 2016. (X.18.) sz. rendelet<\/a><\/p>\n<p><strong>Tiszasz\u0151l\u0151s<\/strong><\/p>\n<p><a href=\"http:\/\/www.nhsztisza.hu\/new\/wp-content\/uploads\/Tiszaszolos-2016-VII15.-sz.-rendelet.pdf\">Tiszasz\u0151l\u0151s &#8211; 2016 (VII15.) sz. rendelet<\/a><\/p>\n<p><strong>Tomajmonostora<\/strong><\/p>\n<p><a href=\"http:\/\/www.nhsztisza.hu\/new\/wp-content\/uploads\/Tomajmonostora-2016.-III.-23.-sz.-rendelet.pdf\">Tomajmonostora &#8211; 2016. (III. 23.) sz. rendelet<\/a><\/p>\n<p><strong>T\u00farkeve<\/strong><\/p>\n<p><a href=\"http:\/\/www.nhsztisza.hu\/new\/wp-content\/uploads\/Turkeve-2015-XI.2.-sz.-rendelet.pdf\">T\u00farkeve &#8211; 2015 (XI.2.) sz. rendelet<\/a><\/p>\n<p><a href=\"http:\/\/www.nhsztisza.hu\/new\/wp-content\/uploads\/Turkeve-2015.-II.26.-sz.-rendelet.pdf\">T\u00farkeve &#8211; 2015. (II.26.) sz. rendelet<\/a><\/p>\n<p><a href=\"http:\/\/www.nhsztisza.hu\/new\/wp-content\/uploads\/Turkeve-2019.-VI.21.-sz.-rendelet.pdf\">T\u00farkeve &#8211; 2019. (VI.21.) sz. rendelet<\/a><\/p>\n<p><strong>\u00dajl\u0151rincfalva<\/strong><\/p>\n<p><a href=\"http:\/\/www.nhsztisza.hu\/new\/wp-content\/uploads\/Ujlorincfalva-2016.-V.2.-sz.-rendelet-1_melleklete.pdf\">\u00dajl\u0151rincfalva &#8211; 2016. (V.2.) sz. rendelet 1_mell\u00e9klete<\/a><\/p>\n<p><a href=\"http:\/\/www.nhsztisza.hu\/new\/wp-content\/uploads\/Ujlorincfalva-2016.-V.2.-sz.-rendelet.pdf\">\u00dajl\u0151rincfalva &#8211; 2016. (V.2.) sz. rendelet<\/a><\/p>\n<p>&nbsp;<\/p>\n<p><strong>A helyi \u00d6nkorm\u00e1nyzatok rendeleteit megtal\u00e1lja a Nemzeti Jogszab\u00e1lyt\u00e1rban.<\/strong><\/p>\n<p><strong><a href=\"http:\/\/njt.hu\/njt.php?onkormanyzati_rendeletek\" target=\"_blank\" rel=\"noopener\"><img loading=\"lazy\" class=\"size-full wp-image-463 alignleft\" src=\"http:\/\/www.nhsztapolca.hu\/wp-content\/uploads\/njt.jpg\" alt=\"njt\" width=\"188\" height=\"72\" \/><\/a><\/strong><\/p>\n","protected":false},"excerpt":{"rendered":"<p>Ab\u00e1dszal\u00f3k Ab\u00e1dszal\u00f3k &#8211; 2015.(VI.27.) sz. rendelet\u00a0 Berekf\u00fcrd\u0151 Berekf\u00fcrd\u0151 &#8211; 2015.(IV.30.) sz. rendelet Beseny\u0151telek Beseny\u0151telek &#8211; 2016.(VI.29.) sz. rendelet Dorm\u00e1nd Dorm\u00e1nd &#8211; 2016.(VI.28.) sz. rendelet Dorm\u00e1nd &#8211; 2021.(III.25.) sz. rendelet m\u00f3d. Egerfarmos Egerfarmos &#8211; 2016.(VI.29.) sz. rendelet Egerfarmos &#8211; 2016.(VI.29.) sz. rendelet kieg\u00e9sz\u00edt\u00e9s Egerfarmos &#8211; 2021.(II.24.) sz. rendelet kieg\u00e9sz\u00edt\u00e9s Egyek Egyek &#8211; 2014.(II.05.) sz. rendelet Egyek [&hellip;]<\/p>\n","protected":false},"author":1,"featured_media":0,"parent":34,"menu_order":26,"comment_status":"closed","ping_status":"closed","template":"","meta":[],"_links":{"self":[{"href":"https:\/\/www.nhsztisza.hu\/new\/wp-json\/wp\/v2\/pages\/161"}],"collection":[{"href":"https:\/\/www.nhsztisza.hu\/new\/wp-json\/wp\/v2\/pages"}],"about":[{"href":"https:\/\/www.nhsztisza.hu\/new\/wp-json\/wp\/v2\/types\/page"}],"author":[{"embeddable":true,"href":"https:\/\/www.nhsztisza.hu\/new\/wp-json\/wp\/v2\/users\/1"}],"replies":[{"embeddable":true,"href":"https:\/\/www.nhsztisza.hu\/new\/wp-json\/wp\/v2\/comments?post=161"}],"version-history":[{"count":8,"href":"https:\/\/www.nhsztisza.hu\/new\/wp-json\/wp\/v2\/pages\/161\/revisions"}],"predecessor-version":[{"id":1851,"href":"https:\/\/www.nhsztisza.hu\/new\/wp-json\/wp\/v2\/pages\/161\/revisions\/1851"}],"up":[{"embeddable":true,"href":"https:\/\/www.nhsztisza.hu\/new\/wp-json\/wp\/v2\/pages\/34"}],"wp:attachment":[{"href":"https:\/\/www.nhsztisza.hu\/new\/wp-json\/wp\/v2\/media?parent=161"}],"curies":[{"name":"wp","href":"https:\/\/api.w.org\/{rel}","templated":true}]}}