{"id":159,"date":"2015-09-10T11:36:01","date_gmt":"2015-09-10T11:36:01","guid":{"rendered":"http:\/\/localhost\/nhsztisza\/?page_id=159"},"modified":"2015-11-11T14:45:58","modified_gmt":"2015-11-11T14:45:58","slug":"hulladek-abc","status":"publish","type":"page","link":"https:\/\/www.nhsztisza.hu\/new\/hulladekgazdalkodasi-informaciok\/hulladek-abc\/","title":{"rendered":"Hullad\u00e9k ABC"},"content":{"rendered":"<p>anyag\u00e1ban t\u00f6rt\u00e9n\u0151 hasznos\u00edt\u00e1s: b\u00e1rmilyen hasznos\u00edt\u00e1si m\u0171velet az energetikai hasznos\u00edt\u00e1s kiv\u00e9tel\u00e9vel<\/p>\n<p>\u00e1rtalmatlan\u00edt\u00e1s: minden olyan kezel\u00e9si m\u0171velet, amely nem hasznos\u00edt\u00e1s; a m\u0171velet abban az esetben is \u00e1rtalmatlan\u00edt\u00e1s, ha az m\u00e1sodlagos jelleggel anyag- vagy energiakinyer\u00e9st eredm\u00e9nyez<\/p>\n<p>biohullad\u00e9k: a biol\u00f3giailag leboml\u00f3, parkokb\u00f3l sz\u00e1rmaz\u00f3 vagy kerti hullad\u00e9k, h\u00e1ztart\u00e1sokban, \u00e9ttermekben, \u00e9tkeztet\u0151kben \u00e9s kiskereskedelmi tev\u00e9kenys\u00e9get folytat\u00f3 l\u00e9tes\u00edtm\u00e9nyekben k\u00e9pz\u0151d\u0151 \u00e9lelmiszer- \u00e9s konyhai hullad\u00e9k, valamint az ezekhez hasonl\u00f3, \u00e9lelmiszer-feldolgoz\u00f3 \u00fczemekben k\u00e9pz\u0151d\u0151 hullad\u00e9k<\/p>\n<p>biol\u00f3giailag leboml\u00f3 hullad\u00e9k: minden szervesanyag-tartalm\u00fa hullad\u00e9k, amely aerob vagy anaerob \u00faton biol\u00f3giailag lebomlik vagy lebonthat\u00f3, ide\u00e9rtve a biohullad\u00e9kot is<\/p>\n<p>elk\u00fcl\u00f6n\u00edtett gy\u0171jt\u00e9s: olyan gy\u0171jt\u00e9s, amelynek sor\u00e1n a hullad\u00e9k\u00e1ramot a hullad\u00e9k fajt\u00e1ja \u00e9s jellege \u2013 adott esetben t\u00edpusa \u2013 szerint elk\u00fcl\u00f6n\u00edtik, lehet\u0151v\u00e9 t\u00e9ve annak egyedi m\u00f3don t\u00f6rt\u00e9n\u0151 kezel\u00e9s\u00e9t<\/p>\n<p>elk\u00fcl\u00f6n\u00edtetten gy\u0171jt\u00f6tt hullad\u00e9k: olyan hullad\u00e9k, amelyet fajta \u00e9s jelleg \u2013 adott esetben t\u00edpus \u2013 szerint a k\u00e9pz\u0151d\u00e9s hely\u00e9n a vegyes hullad\u00e9kt\u00f3l, illetve m\u00e1s fajt\u00e1j\u00fa, jelleg\u0171 vagy t\u00edpus\u00fa hullad\u00e9kt\u00f3l elk\u00fcl\u00f6n\u00edtve gy\u0171jtenek<\/p>\n<p>el\u0151kezel\u00e9s: a hasznos\u00edt\u00e1st vagy \u00e1rtalmatlan\u00edt\u00e1st megel\u0151z\u0151 el\u0151k\u00e9sz\u00edt\u0151 m\u0171velet<\/p>\n<p>energetikai hasznos\u00edt\u00e1s: hasznos\u00edt\u00e1si m\u0171velet, amelynek sor\u00e1n a hullad\u00e9k energiatartalm\u00e1t kinyerik, ide\u00e9rtve a biol\u00f3giailag leboml\u00f3 hullad\u00e9kb\u00f3l t\u00f6rt\u00e9n\u0151 energia-el\u0151\u00e1ll\u00edt\u00e1st, valamint az olyan anyagg\u00e1 t\u00f6rt\u00e9n\u0151 feldolgoz\u00e1st, amelyet \u00fczemanyagk\u00e9nt, illetve t\u00fczel\u0151anyagk\u00e9nt haszn\u00e1lnak fel<\/p>\n<p>\u00e9p\u00edt\u00e9si-bont\u00e1si hullad\u00e9k: az \u00e9p\u00edtett k\u00f6rnyezet alak\u00edt\u00e1s\u00e1r\u00f3l \u00e9s v\u00e9delm\u00e9r\u0151l sz\u00f3l\u00f3 t\u00f6rv\u00e9ny szerinti \u00e9p\u00edt\u00e9si tev\u00e9kenys\u00e9gb\u0151l sz\u00e1rmaz\u00f3 hullad\u00e9k<\/p>\n<p>felt\u00f6lt\u00e9s: olyan hasznos\u00edt\u00e1si m\u0171velet, amelynek sor\u00e1n meghat\u00e1rozott c\u00e9lra alkalmas hullad\u00e9k felhaszn\u00e1l\u00e1s\u00e1val hullad\u00e9knak nem min\u0151s\u00fcl\u0151 anyagokat helyettes\u00edtenek kitermel\u00e9ssel \u00e9rintett ter\u00fcletek helyre\u00e1ll\u00edt\u00e1sakor vagy t\u00e1jrendez\u00e9skor<\/p>\n<p>fogyaszt\u00f3: aki a term\u00e9ket tov\u00e1bb\u00e9rt\u00e9kes\u00edt\u00e9si c\u00e9l n\u00e9lk\u00fcl a gy\u00e1rt\u00f3t\u00f3l vagy a forgalmaz\u00f3t\u00f3l \u00e1tveszi vagy megv\u00e1s\u00e1rolja<\/p>\n<p>forgalmaz\u00f3: term\u00e9ket viszontelad\u00f3nak, illetve fogyaszt\u00f3nak \u00e1tad\u00f3, \u00e9rt\u00e9kes\u00edt\u0151 gazd\u00e1lkod\u00f3 szervezet<\/p>\n<p>gazd\u00e1lkod\u00f3 szervezet: a polg\u00e1ri perrendtart\u00e1sr\u00f3l sz\u00f3l\u00f3 t\u00f6rv\u00e9nyben meghat\u00e1rozott gazd\u00e1lkod\u00f3 szervezet, ide nem \u00e9rtve azt a k\u00f6lts\u00e9gvet\u00e9si szervet, amelyet az \u00e1llamh\u00e1ztart\u00e1sr\u00f3l sz\u00f3l\u00f3 t\u00f6rv\u00e9ny szerint k\u00f6zfeladat ell\u00e1t\u00e1s\u00e1ra hoztak l\u00e9tre<\/p>\n<p>gy\u00e1rt\u00f3: term\u00e9k el\u0151\u00e1ll\u00edt\u00f3ja, tov\u00e1bb\u00e1 \u2013 ha a term\u00e9ket nem Magyarorsz\u00e1g ter\u00fclet\u00e9n \u00e1ll\u00edtj\u00e1k el\u0151 \u2013 az, aki a term\u00e9ket gazdas\u00e1gi tev\u00e9kenys\u00e9ge k\u00f6r\u00e9ben Magyarorsz\u00e1g ter\u00fclet\u00e9n els\u0151k\u00e9nt forgalomba hozza;<\/p>\n<p>gy\u0171jt\u00e9s: a hullad\u00e9k \u00f6sszegy\u0171jt\u00e9se hullad\u00e9kkezel\u0151 l\u00e9tes\u00edtm\u00e9nybe t\u00f6rt\u00e9n\u0151 elsz\u00e1ll\u00edt\u00e1s c\u00e9lj\u00e1b\u00f3l; a gy\u0171jt\u00e9s mag\u00e1ban foglalja a hullad\u00e9k el\u0151zetes v\u00e1logat\u00e1s\u00e1t \u00e9s el\u0151zetes t\u00e1rol\u00e1s\u00e1t is<\/p>\n<p>gy\u0171jt\u0151: olyan gazd\u00e1lkod\u00f3 szervezet, amely a hullad\u00e9kot a hullad\u00e9kbirtokost\u00f3l, illetve hullad\u00e9kgazd\u00e1lkod\u00e1si l\u00e9tes\u00edtm\u00e9nyekb\u0151l \u00f6sszegy\u0171jti, \u00e1tveszi<\/p>\n<p>gy\u0171jt\u0151ed\u00e9ny: szabv\u00e1nyos m\u00e9rettel rendelkez\u0151 hullad\u00e9kgy\u0171jt\u0151 ed\u00e9nyzet, hullad\u00e9kgy\u0171jt\u0151 zs\u00e1k, valamint az elk\u00fcl\u00f6n\u00edtett hullad\u00e9kgy\u0171jt\u00e9s c\u00e9lj\u00e1b\u00f3l \u00fczemeltetett eszk\u00f6z, berendez\u00e9s<\/p>\n<p>gy\u0171jt\u0151hely: az \u00e1tv\u00e9teli hely, a hullad\u00e9kgy\u0171jt\u0151 pont, a hullad\u00e9kgy\u0171jt\u0151 udvar, valamint a munkahelyi gy\u0171jt\u0151hely \u00e9s az \u00fczemi gy\u0171jt\u0151hely<\/p>\n<p>hasznos\u00edt\u00e1s: b\u00e1rmely kezel\u00e9si m\u0171velet, amelynek f\u0151 eredm\u00e9nye az, hogy a hullad\u00e9k hasznos c\u00e9lt szolg\u00e1l annak r\u00e9v\u00e9n, hogy olyan m\u00e1s anyagok hely\u00e9be l\u00e9p, amelyeket egy\u00e9bk\u00e9nt valamely konkr\u00e9t funkci\u00f3 bet\u00f6lt\u00e9s\u00e9re haszn\u00e1ltak volna, vagy amelynek eredm\u00e9nyek\u00e9nt a hullad\u00e9kot oly m\u00f3don k\u00e9sz\u00edtik el\u0151, hogy ezt a funkci\u00f3t ak\u00e1r az \u00fczemben, ak\u00e1r a sz\u00e9lesebb k\u00f6r\u0171 gazdas\u00e1gban bet\u00f6lthesse<\/p>\n<p>h\u00e1ztart\u00e1si hullad\u00e9k: a h\u00e1ztart\u00e1sokban k\u00e9pz\u0151d\u0151 vegyes, elk\u00fcl\u00f6n\u00edtetten gy\u0171jt\u00f6tt, valamint lomhullad\u00e9k, ide\u00e9rtve a lak\u00e1sokban, lak\u00f3ingatlanokban, a pihen\u00e9s, \u00fcd\u00fcl\u00e9s c\u00e9lj\u00e1ra haszn\u00e1lt helyis\u00e9gekben, valamint a lak\u00f3h\u00e1zak k\u00f6z\u00f6s haszn\u00e1lat\u00fa helyis\u00e9geiben \u00e9s ter\u00fcletein k\u00e9pz\u0151d\u0151 hullad\u00e9kot<\/p>\n<p>h\u00e1ztart\u00e1si hullad\u00e9khoz hasonl\u00f3 hullad\u00e9k: az a vegyes, illetve elk\u00fcl\u00f6n\u00edtetten gy\u0171jt\u00f6tt hullad\u00e9k, amely a h\u00e1ztart\u00e1sokon k\u00edv\u00fcl k\u00e9pz\u0151dik, \u00e9s jelleg\u00e9ben, \u00f6sszet\u00e9tel\u00e9ben a h\u00e1ztart\u00e1si hullad\u00e9khoz hasonl\u00f3<\/p>\n<p>hullad\u00e9k: b\u00e1rmely anyag vagy t\u00e1rgy, amelyt\u0151l birtokosa megv\u00e1lik, megv\u00e1lni sz\u00e1nd\u00e9kozik vagy megv\u00e1lni k\u00f6teles<\/p>\n<p>hullad\u00e9kbirtokos: a hullad\u00e9ktermel\u0151, tov\u00e1bb\u00e1 b\u00e1rmely jogalany, akinek vagy amelynek a hullad\u00e9k a birtok\u00e1ban van<\/p>\n<p>hullad\u00e9kfajta: az az anyagfajta \u2013 \u00edgy k\u00fcl\u00f6n\u00f6sen fa, f\u00e9m, pap\u00edr, \u00fcveg, kompozit, m\u0171anyag, biol\u00f3giailag leboml\u00f3 -, amelyb\u0151l az adott hullad\u00e9k k\u00e9pz\u0151dik<\/p>\n<p>hullad\u00e9kgazd\u00e1lkod\u00e1s: a hullad\u00e9k gy\u0171jt\u00e9se, sz\u00e1ll\u00edt\u00e1sa, kezel\u00e9se, az ilyen m\u0171veletek fel\u00fcgyelete, a keresked\u0151k\u00e9nt, k\u00f6zvet\u00edt\u0151k\u00e9nt vagy k\u00f6zvet\u00edt\u0151 szervezetk\u00e9nt v\u00e9gzett tev\u00e9kenys\u00e9g, a hullad\u00e9kgazd\u00e1lkod\u00e1si l\u00e9tes\u00edtm\u00e9nyek \u00e9s berendez\u00e9sek \u00fczemeltet\u00e9se, valamint a hullad\u00e9kkezel\u0151 l\u00e9tes\u00edtm\u00e9nyek ut\u00f3gondoz\u00e1sa<\/p>\n<p>hullad\u00e9kgazd\u00e1lkod\u00e1si k\u00f6zszolg\u00e1ltat\u00e1s: a k\u00f6zszolg\u00e1ltat\u00e1s k\u00f6r\u00e9be tartoz\u00f3 hullad\u00e9k \u00e1tv\u00e9tel\u00e9t, gy\u0171jt\u00e9s\u00e9t, elsz\u00e1ll\u00edt\u00e1s\u00e1t, kezel\u00e9s\u00e9t, valamint a hullad\u00e9kgazd\u00e1lkod\u00e1si k\u00f6zszolg\u00e1ltat\u00e1ssal \u00e9rintett hullad\u00e9kgazd\u00e1lkod\u00e1si l\u00e9tes\u00edtm\u00e9ny fenntart\u00e1s\u00e1t, \u00fczemeltet\u00e9s\u00e9t biztos\u00edt\u00f3, k\u00f6telez\u0151 jelleggel ig\u00e9nybe veend\u0151 szolg\u00e1ltat\u00e1s<\/p>\n<p>hullad\u00e9kgazd\u00e1lkod\u00e1si l\u00e9tes\u00edtm\u00e9ny: a hullad\u00e9kgazd\u00e1lkod\u00e1si tev\u00e9kenys\u00e9gek v\u00e9gz\u00e9s\u00e9t biztos\u00edt\u00f3 telephely, ingatlan, tov\u00e1bb\u00e1 a telephelyen, ingatlanon bel\u00fcl vagy k\u00f6zter\u00fcleten kialak\u00edtott elk\u00fcl\u00f6n\u00edtett ter\u00fclet, amely mag\u00e1ban foglalja a hullad\u00e9kgazd\u00e1lkod\u00e1s v\u00e9gz\u00e9s\u00e9hez sz\u00fcks\u00e9ges \u00e9p\u00edtm\u00e9nyeket, \u00edgy k\u00fcl\u00f6n\u00f6sen a k\u00f6rnyezet biztons\u00e1g\u00e1t szolg\u00e1l\u00f3 \u00e9p\u00edtm\u00e9nyeket, kiszolg\u00e1l\u00f3 helyis\u00e9geket, gy\u0171jt\u0151helyeket, valamint a hullad\u00e9kkezel\u0151 l\u00e9tes\u00edtm\u00e9nyeket<\/p>\n<p>hullad\u00e9kolaj: b\u00e1rmely \u00e1sv\u00e1nyi vagy szintetikus ken\u0151olaj vagy ipari olaj, amely az eredeti rendeltet\u00e9si c\u00e9lra tov\u00e1bb nem haszn\u00e1lhat\u00f3, \u00edgy k\u00fcl\u00f6n\u00f6sen a haszn\u00e1lt motorolaj \u00e9s sebess\u00e9gv\u00e1lt\u00f3-olaj, ken\u0151olaj, turbinaolaj \u00e9s hidraulikaolaj<\/p>\n<p>hullad\u00e9ktermel\u0151: akinek tev\u00e9kenys\u00e9geib\u0151l hullad\u00e9k k\u00e9pz\u0151dik (eredeti hullad\u00e9ktermel\u0151), vagy b\u00e1rki, aki el\u0151kezel\u00e9st, kever\u00e9st vagy egy\u00e9b olyan kezel\u00e9si m\u0171veletet v\u00e9gez, amely a hullad\u00e9k jelleg\u00e9ben vagy \u00f6sszet\u00e9tel\u00e9ben v\u00e1ltoz\u00e1st eredm\u00e9nyez<\/p>\n<p>hullad\u00e9kt\u00edpus: a hullad\u00e9kjegyz\u00e9kr\u0151l sz\u00f3l\u00f3 miniszteri rendeletben meghat\u00e1rozott hullad\u00e9kjegyz\u00e9k szerinti azonos\u00edt\u00f3 k\u00f3ddal jel\u00f6lt hullad\u00e9k<\/p>\n<p>ingatlanhaszn\u00e1l\u00f3: az ingatlan birtokosa, tulajdonosa, vagyonkezel\u0151je, valamint a t\u00e1rsash\u00e1z \u00e9s a lak\u00e1ssz\u00f6vetkezet, aki (amely) a hullad\u00e9kgazd\u00e1lkod\u00e1si k\u00f6zszolg\u00e1ltat\u00e1st e t\u00f6rv\u00e9ny szerinti szerz\u0151d\u00e9ses jogviszony keret\u00e9ben k\u00f6telez\u0151 jelleggel ig\u00e9nybe veszi \u00e9s akinek (amelynek) a k\u00f6zszolg\u00e1ltat\u00f3 rendszeres id\u0151k\u00f6z\u00f6nk\u00e9nt rendelkez\u00e9s\u00e9re \u00e1ll<\/p>\n<p>keresked\u0151: olyan gazd\u00e1lkod\u00f3 szervezet, amely a hullad\u00e9kot saj\u00e1t vagy m\u00e1s nev\u00e9ben megv\u00e1s\u00e1rolja, \u00e9s azt k\u00f6vet\u0151en eladja, ide\u00e9rtve azt az esetet is, amikor a keresked\u0151 nem lesz a hullad\u00e9k t\u00e9nyleges birtokosa<\/p>\n<p>kezel\u00e9s: hasznos\u00edt\u00e1si vagy \u00e1rtalmatlan\u00edt\u00e1si m\u0171veletek, ide\u00e9rtve a hasznos\u00edt\u00e1st vagy \u00e1rtalmatlan\u00edt\u00e1st megel\u0151z\u0151 el\u0151k\u00e9sz\u00edt\u00e9st is<\/p>\n<p>k\u00f6zszolg\u00e1ltat\u00e1si ter\u00fclet: olyan, telep\u00fcl\u00e9si k\u00f6zigazgat\u00e1si ter\u00fclettel vagy ter\u00fcletekkel egy\u00e9rtelm\u0171en behat\u00e1rolhat\u00f3 ter\u00fclet, amelyen bel\u00fcl az ingatlanhaszn\u00e1l\u00f3k r\u00e9sz\u00e9re az adott hullad\u00e9kgazd\u00e1lkod\u00e1si k\u00f6zszolg\u00e1ltat\u00e1st ugyanaz a k\u00f6zszolg\u00e1ltat\u00f3 v\u00e9gzi<\/p>\n<p>k\u00f6zszolg\u00e1ltat\u00f3: az a hullad\u00e9kgazd\u00e1lkod\u00e1si k\u00f6zszolg\u00e1ltat\u00e1si enged\u00e9llyel rendelkez\u0151 \u00e9s a hullad\u00e9kgazd\u00e1lkod\u00e1si k\u00f6zszolg\u00e1ltat\u00e1si tev\u00e9kenys\u00e9g min\u0151s\u00edt\u00e9s\u00e9r\u0151l sz\u00f3l\u00f3 t\u00f6rv\u00e9ny szerint min\u0151s\u00edtett nonprofit gazdas\u00e1gi t\u00e1rsas\u00e1g, amely a telep\u00fcl\u00e9si \u00f6nkorm\u00e1nyzattal k\u00f6t\u00f6tt hullad\u00e9kgazd\u00e1lkod\u00e1si k\u00f6zszolg\u00e1ltat\u00e1si szerz\u0151d\u00e9s alapj\u00e1n hullad\u00e9kgazd\u00e1lkod\u00e1si k\u00f6zszolg\u00e1ltat\u00e1st l\u00e1t el<\/p>\n<p>k\u00f6zvet\u00edt\u0151: olyan gazd\u00e1lkod\u00f3 szervezet \u2013 az egy\u00e9ni v\u00e1llalkoz\u00f3t, valamint az egy\u00e9ni c\u00e9get ide nem \u00e9rtve -, amely m\u00e1s nev\u00e9ben szervezi a hullad\u00e9k hasznos\u00edt\u00e1s\u00e1t vagy \u00e1rtalmatlan\u00edt\u00e1s\u00e1t, ide\u00e9rtve azt az esetet is, amikor a k\u00f6zvet\u00edt\u0151 nem lesz a hullad\u00e9k t\u00e9nyleges birtokosa<\/p>\n<p>k\u00f6zvet\u00edt\u0151 szervezet: olyan nonprofit gazdas\u00e1gi t\u00e1rsas\u00e1gk\u00e9nt m\u0171k\u00f6d\u0151 k\u00f6zvet\u00edt\u0151 \u2013 a k\u00f6rnyezetv\u00e9delmi term\u00e9kd\u00edjr\u00f3l sz\u00f3l\u00f3 t\u00f6rv\u00e9ny szerinti, a term\u00e9kd\u00edjk\u00f6teles term\u00e9kekb\u0151l keletkez\u0151 hullad\u00e9kok gy\u0171jt\u00e9s\u00e9t \u00e9s hasznos\u00edt\u00e1s\u00e1t k\u00f6zvet\u00edt\u0151, valamint az egyes gy\u0171jt\u00e9si \u00e9s hasznos\u00edt\u00e1si c\u00e9lok el\u00e9r\u00e9s\u00e9t szolg\u00e1l\u00f3 szervezetet kiv\u00e9ve -, amely a hullad\u00e9k hasznos\u00edt\u00e1s\u00e1t vagy \u00e1rtalmatlan\u00edt\u00e1s\u00e1t nyilv\u00e1ntart\u00e1sba v\u00e9tel alapj\u00e1n szervezi<\/p>\n<p>lomhullad\u00e9k: az ingatlanhaszn\u00e1l\u00f3t\u00f3l a k\u00f6zszolg\u00e1ltat\u00f3 \u00e1ltal a lomtalan\u00edt\u00e1s sor\u00e1n \u00e1tvett olyan h\u00e1ztart\u00e1si hullad\u00e9k, amely a k\u00f6zszolg\u00e1ltat\u00e1s keret\u00e9ben rendszeres\u00edtett gy\u0171jt\u0151ed\u00e9ny m\u00e9reteit meghaladja<\/p>\n<p>megel\u0151z\u00e9s: az anyag vagy term\u00e9k hullad\u00e9kk\u00e1 v\u00e1l\u00e1s\u00e1t megel\u0151z\u0151en hozott olyan int\u00e9zked\u00e9s, amely cs\u00f6kkenti<\/p>\n<p>a.) a hullad\u00e9k mennyis\u00e9g\u00e9t, t\u00f6bbek k\u00f6z\u00f6tt a term\u00e9kek \u00fajrahaszn\u00e1lata vagy a term\u00e9kek \u00e9lettartam\u00e1nak meghosszabb\u00edt\u00e1sa r\u00e9v\u00e9n,<\/p>\n<p>b.) a k\u00e9pz\u0151d\u00f6tt hullad\u00e9k k\u00f6rnyezetre \u00e9s emberi eg\u00e9szs\u00e9gre gyakorolt k\u00e1ros hat\u00e1sait, vagy<\/p>\n<p>c.) az anyagok \u00e9s a term\u00e9kek vesz\u00e9lyesanyag-tartalm\u00e1t<\/p>\n<p>sz\u00e1ll\u00edt\u00e1s: a hullad\u00e9k telephelyen k\u00edv\u00fcli mozgat\u00e1sa<\/p>\n<p>t\u00e1rol\u00e1s: a hullad\u00e9knak a gy\u0171jt\u0151, a keresked\u0151, illetve a hullad\u00e9kkezel\u0151 telephely\u00e9n t\u00f6rt\u00e9n\u0151, valamint telephely\u00e9n k\u00edv\u00fcli \u00e1tv\u00e9tel\u00e9t, \u00f6sszegy\u0171jt\u00e9s\u00e9t, majd telephelyre t\u00f6rt\u00e9n\u0151 sz\u00e1ll\u00edt\u00e1s\u00e1t k\u00f6vet\u0151 ideiglenes elhelyez\u00e9se a tov\u00e1bbi hullad\u00e9kgazd\u00e1lkod\u00e1si tev\u00e9kenys\u00e9gek elv\u00e9gz\u00e9se \u00e9rdek\u00e9ben, kiv\u00e9ve a hullad\u00e9kkezel\u0151 l\u00e9tes\u00edtm\u00e9nyben k\u00e9pz\u0151d\u00f6tt hullad\u00e9k ugyanazon hullad\u00e9kkezel\u0151 l\u00e9tes\u00edtm\u00e9nyben t\u00f6rt\u00e9n\u0151 elhelyez\u00e9s\u00e9t<\/p>\n<p>telep\u00fcl\u00e9si hullad\u00e9k: a h\u00e1ztart\u00e1si \u00e9s a h\u00e1ztart\u00e1si hullad\u00e9khoz hasonl\u00f3 szil\u00e1rd hullad\u00e9k<\/p>\n<p>\u00fajrafeldolgoz\u00e1s: olyan hasznos\u00edt\u00e1si m\u0171velet, amelynek sor\u00e1n a hullad\u00e9kot term\u00e9kk\u00e9 vagy anyagg\u00e1 alak\u00edtj\u00e1k annak eredeti haszn\u00e1lati c\u00e9lj\u00e1ra, ak\u00e1r m\u00e1s c\u00e9lokra; ez mag\u00e1ban foglalja a szerves anyagok feldolgoz\u00e1s\u00e1t, de nem tartalmazza az energetikai hasznos\u00edt\u00e1st \u00e9s az olyan anyagg\u00e1 t\u00f6rt\u00e9n\u0151 feldolgoz\u00e1st, amelyet felt\u00f6lt\u00e9si m\u0171veletek sor\u00e1n haszn\u00e1lnak fel<\/p>\n<p>\u00fajrahaszn\u00e1lat: olyan m\u0171velet, amelynek r\u00e9v\u00e9n a hullad\u00e9knak nem min\u0151s\u00fcl\u0151 term\u00e9ket vagy alkatr\u00e9sz\u00e9t \u00fajrahaszn\u00e1lj\u00e1k arra a c\u00e9lra, amelyre eredetileg szolg\u00e1lt<\/p>\n<p>\u00fajrahaszn\u00e1latra el\u0151k\u00e9sz\u00edt\u00e9s: tiszt\u00edt\u00e1ssal, jav\u00edt\u00e1ssal, valamint ellen\u0151rz\u00e9ssel v\u00e9gzett hasznos\u00edt\u00e1si m\u0171velet, amelynek sor\u00e1n a hullad\u00e9kk\u00e1 v\u00e1lt term\u00e9ket vagy alkatr\u00e9sz\u00e9t el\u0151k\u00e9sz\u00edtik arra, hogy b\u00e1rmilyen egy\u00e9b el\u0151kezel\u00e9s n\u00e9lk\u00fcl \u00fajrahaszn\u00e1lhat\u00f3 legyen<\/p>\n<p>vegyes hullad\u00e9k: a h\u00e1ztart\u00e1si \u00e9s a h\u00e1ztart\u00e1si hullad\u00e9khoz hasonl\u00f3 hullad\u00e9knak az a k\u00fcl\u00f6nb\u00f6z\u0151 fajt\u00e1j\u00fa \u00e9s \u00f6sszet\u00e9tel\u0171 hullad\u00e9kot tartalmaz\u00f3 r\u00e9sze, amelyet az elk\u00fcl\u00f6n\u00edtetten gy\u0171jt\u00f6tt hullad\u00e9kt\u00f3l elt\u00e9r\u0151 k\u00fcl\u00f6n gy\u0171jt\u0151ed\u00e9nyben gy\u0171jtenek<\/p>\n<p>vesz\u00e9lyes hullad\u00e9k: az al\u00e1bbi vesz\u00e9lyess\u00e9gi jellemz\u0151k legal\u00e1bb egyik\u00e9vel rendelkez\u0151 hullad\u00e9k<\/p>\n<p>H 1 \u201eRobban\u00e1svesz\u00e9lyes\u201d: olyan anyagok \u00e9s k\u00e9sz\u00edtm\u00e9nyek, amelyek l\u00e1ng hat\u00e1s\u00e1ra robbanhatnak, vagy amelyek \u00e9rz\u00e9kenyebbek az \u00fct\u00e9sre vagy a s\u00farl\u00f3d\u00e1sra, mint a dinitrobenzol<\/p>\n<p>H 2 \u201eOxid\u00e1l\u00f3\u201d: olyan anyagok \u00e9s k\u00e9sz\u00edtm\u00e9nyek, amelyek m\u00e1s anyagokkal, k\u00fcl\u00f6n\u00f6sen gy\u00fal\u00e9kony anyagokkal \u00e9rintkezve er\u0151sen h\u0151termel\u0151 (exoterm) reakci\u00f3ba l\u00e9pnek<\/p>\n<p>H 3-A \u201eT\u0171zvesz\u00e9lyes\u201d:<\/p>\n<p>\u2013 olyan foly\u00e9kony anyagok \u00e9s k\u00e9sz\u00edtm\u00e9nyek, amelyek lobban\u00e1spontja 21 \u00b0C alatt van (bele\u00e9rtve a fokozottan t\u0171zvesz\u00e9lyes anyagokat is), vagy<\/p>\n<p>\u2013 olyan anyagok \u00e9s k\u00e9sz\u00edtm\u00e9nyek, amelyek szobah\u0151m\u00e9rs\u00e9kleten leveg\u0151vel \u00e9rintkezve felforr\u00f3sodhatnak, majd \u00f6ngyullad\u00e1sra k\u00e9pesek, vagy<\/p>\n<p>\u2013 olyan szil\u00e1rd anyagok \u00e9s k\u00e9sz\u00edtm\u00e9nyek, amelyek gy\u00fajt\u00f3forr\u00e1ssal val\u00f3 r\u00f6vid ideig tart\u00f3 \u00e9rintkez\u00e9st k\u00f6vet\u0151en k\u00f6nnyen meggyulladnak, \u00e9s a gy\u00fajt\u00f3forr\u00e1s elt\u00e1vol\u00edt\u00e1s\u00e1t k\u00f6vet\u0151en is tov\u00e1bb \u00e9gnek vagy bomlanak, vagy<\/p>\n<p>\u2013 olyan g\u00e1z-halmaz\u00e1llapot\u00fa anyagok \u00e9s k\u00e9sz\u00edtm\u00e9nyek, amelyek a leveg\u0151n norm\u00e1l nyom\u00e1son gy\u00fal\u00e9konyak, vagy<\/p>\n<p>\u2013 olyan anyagok \u00e9s k\u00e9sz\u00edtm\u00e9nyek, amelyeknek v\u00edzzel vagy nedves leveg\u0151vel t\u00f6rt\u00e9n\u0151 \u00e9rintkez\u00e9sekor vesz\u00e9lyes mennyis\u00e9gben keletkeznek t\u0171zvesz\u00e9lyes g\u00e1zok.<\/p>\n<p>H 3-B \u201eKev\u00e9sb\u00e9 t\u0171zvesz\u00e9lyes\u201d: olyan foly\u00e9kony anyagok \u00e9s k\u00e9sz\u00edtm\u00e9nyek, amelyek lobban\u00e1spontja 21 \u00b0C vagy ann\u00e1l magasabb, \u00e9s 55 \u00b0C vagy ann\u00e1l alacsonyabb.<\/p>\n<p>H 4 \u201eIrrit\u00e1l\u00f3 vagy izgat\u00f3\u201d: nem mar\u00f3 hat\u00e1s\u00fa anyagok \u00e9s k\u00e9sz\u00edtm\u00e9nyek, amelyek a b\u0151rrel, szemmel vagy a ny\u00e1lkah\u00e1rty\u00e1val val\u00f3 pillanatszer\u0171, hosszan tart\u00f3 vagy ism\u00e9telt \u00e9rintkez\u00e9s\u00fck eset\u00e9n gyullad\u00e1st okoznak.<\/p>\n<p>H 5 \u201e\u00c1rtalmas\u201d: olyan anyagok \u00e9s k\u00e9sz\u00edtm\u00e9nyek, amelyek bel\u00e9legz\u00e9s\u00fck, lenyel\u00e9s\u00fck vagy a b\u0151r\u00f6n \u00e1t t\u00f6rt\u00e9n\u0151 felsz\u00edv\u00f3d\u00e1suk eset\u00e9n korl\u00e1tozott eg\u00e9szs\u00e9gk\u00e1rosod\u00e1st okozhatnak.<\/p>\n<p>H 6 \u201eM\u00e9rgez\u0151\u201d: olyan anyagok \u00e9s k\u00e9sz\u00edtm\u00e9nyek (bele\u00e9rtve a rendk\u00edv\u00fcl m\u00e9rgez\u0151 hullad\u00e9kot is), amelyek bel\u00e9legezve, lenyelve vagy a b\u0151r\u00f6n kereszt\u00fcl felsz\u00edv\u00f3dva s\u00falyos, akut vagy kr\u00f3nikus eg\u00e9szs\u00e9gk\u00e1rosod\u00e1st, ak\u00e1r hal\u00e1lt is okozhatnak.<\/p>\n<p>H 7 \u201eR\u00e1kkelt\u0151 (karcinog\u00e9n)\u201d: olyan anyagok \u00e9s k\u00e9sz\u00edtm\u00e9nyek, amelyek bel\u00e9legezve vagy lenyelve vagy a b\u0151r\u00f6n kereszt\u00fcl felsz\u00edv\u00f3dva r\u00e1kot okozhatnak, vagy annak el\u0151fordul\u00e1si es\u00e9ly\u00e9t n\u00f6velhetik.<\/p>\n<p>H 8 \u201eMar\u00f3\u201d: olyan anyagok \u00e9s k\u00e9sz\u00edtm\u00e9nyek, amelyek az \u00e9l\u0151 sz\u00f6vettel \u00e9rintkezve azt elroncsolhatj\u00e1k.<\/p>\n<p>H 9 \u201eFert\u0151z\u0151\u201d: olyan \u00e9letk\u00e9pes mikroorganizmusokat vagy azok toxinjait tartalmaz\u00f3 anyagok \u00e9s k\u00e9sz\u00edtm\u00e9nyek, amelyek ismert m\u00f3don vagy megalapozott felt\u00e9telez\u00e9sek szerint betegs\u00e9get okoznak az emberben vagy m\u00e1s \u00e9l\u0151 szervezetekben.<\/p>\n<p>H 10 \u201eReprodukci\u00f3t (szaporod\u00e1st) k\u00e1ros\u00edt\u00f3\u201d: olyan anyagok \u00e9s k\u00e9sz\u00edtm\u00e9nyek, amelyek bel\u00e9legezve vagy lenyelve, vagy a b\u0151r\u00f6n kereszt\u00fcl felsz\u00edv\u00f3dva nem \u00f6r\u00f6kl\u0151d\u0151 fejl\u0151d\u00e9si rendelleness\u00e9get okozhatnak, vagy azok el\u0151fordul\u00e1si es\u00e9ly\u00e9t n\u00f6velhetik.<\/p>\n<p>H 11 \u201eMutag\u00e9n\u201d: olyan anyagok \u00e9s k\u00e9sz\u00edtm\u00e9nyek, amelyek bel\u00e9legezve, lenyelve vagy a b\u0151r\u00f6n kereszt\u00fcl felsz\u00edv\u00f3dva \u00f6r\u00f6kletes genetikai k\u00e1rosod\u00e1st okozhatnak, vagy azok el\u0151fordul\u00e1si es\u00e9ly\u00e9t n\u00f6velhetik.<\/p>\n<p>H 12 Olyan hullad\u00e9k, amely v\u00edzzel, leveg\u0151vel vagy valamely savval \u00e9rintkezve m\u00e9rgez\u0151 vagy er\u0151sen m\u00e9rgez\u0151 g\u00e1zokat fejleszt.<\/p>\n<p>H 13 \u201e\u00c9rz\u00e9kenys\u00e9get okoz\u00f3\u201d: olyan anyagok \u00e9s k\u00e9sz\u00edtm\u00e9nyek, amelyek bel\u00e9gz\u00e9s vagy b\u0151r\u00f6n \u00e1t t\u00f6rt\u00e9n\u0151 felsz\u00edv\u00f3d\u00e1suk eset\u00e9n hiper\u00e9rz\u00e9kenys\u00e9gi reakci\u00f3t k\u00e9pesek kiv\u00e1ltani \u00fagy, hogy az anyagnak vagy k\u00e9sz\u00edtm\u00e9nynek val\u00f3 ism\u00e9telt expoz\u00edci\u00f3 eset\u00e9n jellegzetes k\u00e1ros hat\u00e1sok l\u00e9pnek fel.<\/p>\n<p>H 14 \u201eK\u00f6rnyezetre vesz\u00e9lyes (\u00f6kotoxikus)\u201d: olyan hullad\u00e9k, amely k\u00f6zvetlen\u00fcl vagy k\u00f6zvetve vesz\u00e9lyt jelent vagy jelenthet egy vagy t\u00f6bb k\u00f6rnyezeti elemre.<\/p>\n<p>H 15 Hullad\u00e9k, amely hajlamos arra, hogy bel\u0151le az \u00e1rtalmatlan\u00edt\u00e1st k\u00f6vet\u0151en valamely form\u00e1ban \u2013 pl. kimos\u00f3d\u00e1s \u2013 a fent felsorolt tulajdons\u00e1gok b\u00e1rmelyik\u00e9vel rendelkez\u0151 anyag keletkezzen.<\/p>\n<p>Megjegyz\u00e9s: A H3-H8, H10 \u00e9s H11 vesz\u00e9lyess\u00e9gi jellemz\u0151k eset\u00e9ben a hullad\u00e9k vesz\u00e9lyess\u00e9g\u00e9nek meg\u00e1llap\u00edt\u00e1s\u00e1hoz a hullad\u00e9kjegyz\u00e9kben meghat\u00e1rozott tulajdons\u00e1gokat is figyelembe kell venni.<\/p>\n<p>vesz\u00e9lyes-hullad\u00e9k\u00e9get\u0151 m\u0171: olyan hullad\u00e9kkezel\u0151 l\u00e9tes\u00edtm\u00e9ny, amelyben a hullad\u00e9kok \u00e9get\u00e9s\u00e9nek m\u0171szaki k\u00f6vetelm\u00e9nyeir\u0151l, m\u0171k\u00f6d\u00e9si felt\u00e9teleir\u0151l \u00e9s a hullad\u00e9k\u00e9get\u00e9s technol\u00f3giai kibocs\u00e1t\u00e1si hat\u00e1r\u00e9rt\u00e9keir\u0151l sz\u00f3l\u00f3 miniszteri rendeletben meghat\u00e1rozott felt\u00e9telek szerint vesz\u00e9lyes hullad\u00e9kot \u00e9getnek<\/p>\n","protected":false},"excerpt":{"rendered":"<p>anyag\u00e1ban t\u00f6rt\u00e9n\u0151 hasznos\u00edt\u00e1s: b\u00e1rmilyen hasznos\u00edt\u00e1si m\u0171velet az energetikai hasznos\u00edt\u00e1s kiv\u00e9tel\u00e9vel \u00e1rtalmatlan\u00edt\u00e1s: minden olyan kezel\u00e9si m\u0171velet, amely nem hasznos\u00edt\u00e1s; a m\u0171velet abban az esetben is \u00e1rtalmatlan\u00edt\u00e1s, ha az m\u00e1sodlagos jelleggel anyag- vagy energiakinyer\u00e9st eredm\u00e9nyez biohullad\u00e9k: a biol\u00f3giailag leboml\u00f3, parkokb\u00f3l sz\u00e1rmaz\u00f3 vagy kerti hullad\u00e9k, h\u00e1ztart\u00e1sokban, \u00e9ttermekben, \u00e9tkeztet\u0151kben \u00e9s kiskereskedelmi tev\u00e9kenys\u00e9get folytat\u00f3 l\u00e9tes\u00edtm\u00e9nyekben k\u00e9pz\u0151d\u0151 \u00e9lelmiszer- \u00e9s konyhai hullad\u00e9k, [&hellip;]<\/p>\n","protected":false},"author":1,"featured_media":0,"parent":34,"menu_order":24,"comment_status":"closed","ping_status":"closed","template":"","meta":[],"_links":{"self":[{"href":"https:\/\/www.nhsztisza.hu\/new\/wp-json\/wp\/v2\/pages\/159"}],"collection":[{"href":"https:\/\/www.nhsztisza.hu\/new\/wp-json\/wp\/v2\/pages"}],"about":[{"href":"https:\/\/www.nhsztisza.hu\/new\/wp-json\/wp\/v2\/types\/page"}],"author":[{"embeddable":true,"href":"https:\/\/www.nhsztisza.hu\/new\/wp-json\/wp\/v2\/users\/1"}],"replies":[{"embeddable":true,"href":"https:\/\/www.nhsztisza.hu\/new\/wp-json\/wp\/v2\/comments?post=159"}],"version-history":[{"count":2,"href":"https:\/\/www.nhsztisza.hu\/new\/wp-json\/wp\/v2\/pages\/159\/revisions"}],"predecessor-version":[{"id":304,"href":"https:\/\/www.nhsztisza.hu\/new\/wp-json\/wp\/v2\/pages\/159\/revisions\/304"}],"up":[{"embeddable":true,"href":"https:\/\/www.nhsztisza.hu\/new\/wp-json\/wp\/v2\/pages\/34"}],"wp:attachment":[{"href":"https:\/\/www.nhsztisza.hu\/new\/wp-json\/wp\/v2\/media?parent=159"}],"curies":[{"name":"wp","href":"https:\/\/api.w.org\/{rel}","templated":true}]}}