{"id":14,"date":"2015-09-06T18:16:56","date_gmt":"2015-09-06T18:16:56","guid":{"rendered":"http:\/\/localhost\/nhsztisza\/?page_id=14"},"modified":"2024-07-10T07:18:14","modified_gmt":"2024-07-10T05:18:14","slug":"cegadatok","status":"publish","type":"page","link":"https:\/\/www.nhsztisza.hu\/new\/vallalatrol\/kozerdeku-adatok\/cegadatok\/","title":{"rendered":"C\u00e9gadatok"},"content":{"rendered":"<h2>C\u00e9ginform\u00e1ci\u00f3<\/h2>\n<p>N\u00e9v: NHSZ TISZA Nonprofit Korl\u00e1tolt Felel\u0151ss\u00e9g\u0171 T\u00e1rsas\u00e1g<br \/>\nR\u00f6vid n\u00e9v: NHSZ TISZA Nonprofit KFT<br \/>\nSz\u00e9khely, k\u00f6zpont: 5350 Tiszaf\u00fcred, H\u00fasz\u00f6les \u00fat 149.<br \/>\nTelefon: +36 59 510011<br \/>\nEmail: info.tisza@nhsz.hu<br \/>\nBanksz\u00e1mlasz\u00e1m: 11745004-20092531-00000000<br \/>\nC\u00e9gjegyz\u00e9ksz\u00e1m: 16 09 007814<br \/>\nStatisztikai sz\u00e1mjel: 13262275-3811-572-16<br \/>\nAd\u00f3sz\u00e1m: 13262275-2-16<br \/>\nK\u00dcJ sz\u00e1m: 101278287<br \/>\nKTJ sz\u00e1m: 100545936<\/p>\n","protected":false},"excerpt":{"rendered":"<p>C\u00e9ginform\u00e1ci\u00f3 N\u00e9v: NHSZ TISZA Nonprofit Korl\u00e1tolt Felel\u0151ss\u00e9g\u0171 T\u00e1rsas\u00e1g R\u00f6vid n\u00e9v: NHSZ TISZA Nonprofit KFT Sz\u00e9khely, k\u00f6zpont: 5350 Tiszaf\u00fcred, H\u00fasz\u00f6les \u00fat 149. Telefon: +36 59 510011 Email: info.tisza@nhsz.hu Banksz\u00e1mlasz\u00e1m: 11745004-20092531-00000000 C\u00e9gjegyz\u00e9ksz\u00e1m: 16 09 007814 Statisztikai sz\u00e1mjel: 13262275-3811-572-16 Ad\u00f3sz\u00e1m: 13262275-2-16 K\u00dcJ sz\u00e1m: 101278287 KTJ sz\u00e1m: 100545936<\/p>\n","protected":false},"author":1,"featured_media":0,"parent":8,"menu_order":4,"comment_status":"closed","ping_status":"closed","template":"","meta":[],"_links":{"self":[{"href":"https:\/\/www.nhsztisza.hu\/new\/wp-json\/wp\/v2\/pages\/14"}],"collection":[{"href":"https:\/\/www.nhsztisza.hu\/new\/wp-json\/wp\/v2\/pages"}],"about":[{"href":"https:\/\/www.nhsztisza.hu\/new\/wp-json\/wp\/v2\/types\/page"}],"author":[{"embeddable":true,"href":"https:\/\/www.nhsztisza.hu\/new\/wp-json\/wp\/v2\/users\/1"}],"replies":[{"embeddable":true,"href":"https:\/\/www.nhsztisza.hu\/new\/wp-json\/wp\/v2\/comments?post=14"}],"version-history":[{"count":43,"href":"https:\/\/www.nhsztisza.hu\/new\/wp-json\/wp\/v2\/pages\/14\/revisions"}],"predecessor-version":[{"id":3103,"href":"https:\/\/www.nhsztisza.hu\/new\/wp-json\/wp\/v2\/pages\/14\/revisions\/3103"}],"up":[{"embeddable":true,"href":"https:\/\/www.nhsztisza.hu\/new\/wp-json\/wp\/v2\/pages\/8"}],"wp:attachment":[{"href":"https:\/\/www.nhsztisza.hu\/new\/wp-json\/wp\/v2\/media?parent=14"}],"curies":[{"name":"wp","href":"https:\/\/api.w.org\/{rel}","templated":true}]}}