{"id":130,"date":"2021-01-01T00:25:04","date_gmt":"2020-12-31T23:25:04","guid":{"rendered":"http:\/\/localhost\/nhsztisza\/?page_id=130"},"modified":"2026-03-12T16:34:48","modified_gmt":"2026-03-12T14:34:48","slug":"dijszabas","status":"publish","type":"page","link":"https:\/\/www.nhsztisza.hu\/new\/szolgaltatasaink\/dijszabas\/","title":{"rendered":"D\u00edjszab\u00e1s"},"content":{"rendered":"<p><strong><span class=\"green\">Kommun\u00e1lis hullad\u00e9k begy\u0171jt\u00e9s d\u00edjai<br \/>\n<\/span><\/strong><\/p>\n<p><a href=\"http:\/\/www.nhsztisza.hu\/doc\/lakossagi_dijak_v20230726_2.pdf\">Lakoss\u00e1gi d\u00edjak <em>(PDF)<\/em><\/a><br \/>\n<a href=\"http:\/\/www.nhsztisza.hu\/doc\/gazdszerv_dijak_v20230726.pdf\">K\u00f6z\u00fcleti d\u00edjak gazd\u00e1lkod\u00f3 szervezetek r\u00e9sz\u00e9re <em>(PDF)<\/em><\/a><\/p>\n<p><a href=\"http:\/\/www.nhsztisza.hu\/new\/wp-content\/uploads\/Koltsegvetesi-szervek-intezmenyek-dijai.pdf\">Int\u00e9zm\u00e9nyek, k\u00f6lts\u00e9gvet\u00e9si szervek d\u00edjai (PDF)<\/a><\/p>\n<p>A kommun\u00e1lis hullad\u00e9k begy\u0171jt\u00e9s d\u00edjai 2013.07.01-t\u0151l nem v\u00e1ltoztak a 2013. \u00e9vi &#8220;A rezsics\u00f6kkent\u00e9sek v\u00e9grehajt\u00e1s\u00e1r\u00f3l&#8221; sz\u00f3l\u00f3 LIV. tv. \u00e9rtelm\u00e9ben.<\/p>\n<p><a href=\"http:\/\/www.nhsztisza.hu\/new\/wp-content\/uploads\/TOBBLETHULLADEKOS-ZSAK.pdf\">T\u00f6bblethullad\u00e9kos zs\u00e1kok d\u00edja (PDF)<\/a><\/p>\n<p><strong><br \/>\nKont\u00e9neres sz\u00e1ll\u00edt\u00e1s \u00e9s b\u00e9rleti d\u00edjai<\/strong><\/p>\n<p><a href=\"http:\/\/www.nhsztisza.hu\/new\/wp-content\/uploads\/Konteneres-rendelesek-dijtabla-2024-.pdf\">Kont\u00e9neres koncesszi\u00f3s hullad\u00e9k rendel\u00e9sek d\u00edjt\u00e1bl\u00e1ja 2024. (PDF)<\/a><\/p>\n<p><a href=\"http:\/\/www.nhsztisza.hu\/doc\/dijak_kontener_epitesi_es_fold_20230710.pdf\">Kont\u00e9ner d\u00edjak kevert \u00e9p\u00edt\u00e9si \u00e9s bont\u00e1si hullad\u00e9k \u00e9s tiszta f\u00f6ld eset\u00e9ben 2024.12.31-ig (PDF)<\/a><\/p>\n<p><strong><a href=\"http:\/\/www.nhsztisza.hu\/new\/wp-content\/uploads\/KONTENERES-ARAK-2025-kevert-epitesifold-1.pdf\">Kont\u00e9ner d\u00edjak kevert \u00e9p\u00edt\u00e9si \u00e9s bont\u00e1si hullad\u00e9k \u00e9s tiszta f\u00f6ld eset\u00e9n 2025.01.01-t\u0151l (PDF)<\/a><\/strong><\/p>\n<p><strong><br \/>\nSaj\u00e1t besz\u00e1ll\u00edt\u00e1s d\u00edjai<\/strong><\/p>\n<p><a href=\"http:\/\/www.nhsztisza.hu\/doc\/hulladekkezelesi_dij_sz_20260101.pdf\">Hullad\u00e9kkezel\u00e9si d\u00edjak (2026.01.01-t\u0151l) (<em>PDF<\/em>)<\/a><\/p>\n<p>r\u00e9gebbi d\u00edjaink: <a href=\"http:\/\/www.nhsztisza.hu\/doc\/hulladekkezelesi_dij_sz_20250101_mod1.pdf\">Hullad\u00e9kkezel\u00e9si d\u00edjak (2025.01.01-t\u0151l) <em>(PDF)<\/em><\/a><\/p>\n<p>r\u00e9gebbi d\u00edjaink: <a href=\"http:\/\/www.nhsztisza.hu\/new\/wp-content\/uploads\/sajat_beszallitas_20240101.pdf\">Saj\u00e1t besz\u00e1ll\u00edt\u00e1s d\u00edjai (2024.01.01-t\u0151l 2024.12.31-ig) <em>(PDF)<\/em><\/a><br \/>\nr\u00e9gebbi d\u00edjaink: <a href=\"http:\/\/www.nhsztisza.hu\/doc\/lerakasi_dijak_sz_20221001-tol.pdf\">Saj\u00e1t besz\u00e1ll\u00edt\u00e1s d\u00edjai (2022.10.01-t\u0151l) <em>(PDF)<\/em><\/a><br \/>\nr\u00e9gebbi d\u00edjaink: <a href=\"http:\/\/www.nhsztisza.hu\/doc\/lerakasi_dijak_sz_20180201-tol.pdf\">Saj\u00e1t besz\u00e1ll\u00edt\u00e1s d\u00edjai (2018.02.01-t\u0151l 2022.09.30-ig) <em>(PDF)<\/em><\/a><br \/>\nr\u00e9gebbi d\u00edjaink: <a href=\"http:\/\/www.nhsztisza.hu\/doc\/lerakasi_dijak_sz_20170801-tol.pdf\">Saj\u00e1t besz\u00e1ll\u00edt\u00e1s d\u00edjai (2017.08.01-t\u0151l 2018.01.31-ig) <em>(PDF)<\/em><\/a><\/p>\n<p>&nbsp;<\/p>\n<p><strong><br \/>\nHullad\u00e9kgy\u0171jt\u0151 ed\u00e9nyek<\/strong><\/p>\n<p><a href=\"http:\/\/www.nhsztisza.hu\/new\/wp-content\/uploads\/Edeny-arlista-.pdf\">T\u00e1rsas\u00e1gunkn\u00e1l v\u00e1s\u00e1rolhat\u00f3 hullad\u00e9kgy\u0171jt\u0151 ed\u00e9nyek \u00e1rai 2025 (PDF)<\/a><\/p>\n<p>&nbsp;<\/p>\n<h1><strong>\u00d6nkorm\u00e1nyzati mentesek telep\u00fcl\u00e9senk\u00e9nt, id\u0151skor\u00faak term\u00e9szetbeni t\u00e1mogat\u00e1sa<\/strong><\/h1>\n<p>Beseny\u0151telek<br \/>\nM\u00e1sodik f\u00e9l\u00e9v mentes, 100 % ed\u00e9nyt\u0151l f\u00fcggetlen\u00fcl<\/p>\n<p>Tisza\u00f6rs<br \/>\n100 %-ban mentes, ed\u00e9nyt\u0151l f\u00fcggetlen\u00fcl<\/p>\n<p>Tiszaf\u00fcred<br \/>\n60 l-es ed\u00e9ny 50 %-ban mentes<\/p>\n<p>\u00dajszentmargita<\/p>\n<p>100 %-ban mentes, ed\u00e9nyt\u0151l f\u00fcggetlen\u00fcl<\/p>\n<p>A mentess\u00e9get minden esetben a helyi \u00f6nkorm\u00e1nyzat \u00e1llap\u00edtja meg, melyr\u0151l hat\u00e1rozatot hoz.<\/p>\n<h1><span class=\"green\">Telep\u00fcl\u00e9si hullad\u00e9ksz\u00e1ll\u00edt\u00e1s d\u00edjfizet\u00e9si m\u00f3djai<\/span><\/h1>\n<p><strong>2016.04.01-t\u0151l 2023.06.30-ig:<br \/>\n<\/strong><\/p>\n<p><strong>A Nemzeti Hullad\u00e9kgazd\u00e1lkod\u00e1si Koordin\u00e1l\u00f3 \u00e9s Vagyonkezel\u0151 Zrt. <\/strong>\u00e1ll\u00edtotta ki ezen id\u0151szakon bel\u00fcl a hullad\u00e9kgazd\u00e1lkod\u00e1si k\u00f6zszolg\u00e1ltat\u00e1si sz\u00e1ml\u00e1t, melyb\u0151l ad\u00f3d\u00f3an a d\u00edj beszed\u00e9s\u00e9re is az NHKV Zrt. volt jogosult.<\/p>\n<p>&nbsp;<\/p>\n<p><strong>2023.07.01-t\u0151l:<\/strong><\/p>\n<p>A szolg\u00e1ltat\u00e1si id\u0151szakokra vonatkoz\u00f3 sz\u00e1ml\u00e1kat a<strong> MOHU MOL Hullad\u00e9kgazd\u00e1lkod\u00e1si Zrt. <\/strong>\u00e1ll\u00edtja ki \u00fcgyfeleink r\u00e9sz\u00e9re.<\/p>\n<p><strong>D\u00edjfizet\u00e9sek:<\/strong><\/p>\n<ul>\n<li><strong>Postai sz\u00e1mlabefizet\u00e9si megb\u00edz\u00e1ssal <\/strong>(csekkes fizet\u00e9si m\u00f3d)<\/li>\n<li><strong>Banki \u00e1tutal\u00e1s<\/strong> eset\u00e9n k\u00e9rj\u00fck a k\u00f6vetkez\u0151 banksz\u00e1mla adatokkal ind\u00edtsa az utal\u00e1st:<\/li>\n<\/ul>\n<p><strong>\u00a0\u00a0\u00a0\u00a0\u00a0\u00a0\u00a0\u00a0\u00a0 MOHU MOL Hullad\u00e9kgazd\u00e1lkod\u00e1si Zrt. \u2013 OTP BANK \u2013 11794008-24030025<\/strong><\/p>\n<p>K\u00f6zlem\u00e9ny rovatban a sz\u00e1mla sorsz\u00e1m\u00e1t, \u00e9s az egyedi vev\u0151 (fizet\u0151) azonos\u00edt\u00f3sz\u00e1mot kell megadni (aktu\u00e1lis sz\u00e1mla 3.oldala, bal fels\u0151 sarok)<\/p>\n<p><strong>IBAN sz\u00e1mlasz\u00e1m:<\/strong><br \/>\nHU24 1179 4008 2403 0025 0000 0000<\/p>\n<p><strong>SWIFT k\u00f3d:<\/strong><br \/>\nOTP VHUHB<\/p>\n<p>&nbsp;<\/p>\n<ul>\n<li><strong>Csoportos beszed\u00e9si megb\u00edz\u00e1s eset\u00e9n:<\/strong><\/li>\n<\/ul>\n<p>Az NHKV Zrt., mint kedvezm\u00e9nyezett jav\u00e1ra megadott csoportos beszed\u00e9si megb\u00edz\u00e1s eset\u00e9n tov\u00e1bbi teend\u0151je nincs.<\/p>\n<p>Amennyiben \u00d6nnek m\u00e9g nincs \u00e9rv\u00e9nyes csoportos beszed\u00e9si megb\u00edz\u00e1sa \u00e9s a sz\u00e1ml\u00e1it, ezen fizet\u00e9si m\u00f3ddal k\u00edv\u00e1nja kiegyenl\u00edteni, \u00fagy k\u00e9rj\u00fck, hogy sz\u00edveskedjen felvenni a kapcsolatot a sz\u00e1mlavezet\u0151 p\u00e9nzint\u00e9zet\u00e9vel. A megb\u00edz\u00e1sban k\u00e9rj\u00fck, hogy sz\u00edveskedjen megadni a MOHU Zrt. GIRO azonos\u00edt\u00f3j\u00e1t (A32082230), az \u00d6n sz\u00e1ml\u00e1ja 3. oldal\u00e1n tal\u00e1lhat\u00f3 vev\u0151 (fizet\u0151) azonos\u00edt\u00f3 sz\u00e1mot, kieg\u00e9sz\u00edtve a MOHU el\u0151taggal (pl.MOHU123456), valamint a MOHU Zrt. 11794008-24030032.sz\u00e1m\u00fa banksz\u00e1ml\u00e1j\u00e1t. Ebben az esetben \u00d6nnek kell gondoskodnia arr\u00f3l, hogy a limit\u00f6sszeg meghat\u00e1roz\u00e1sakor a sz\u00e1ml\u00e1z\u00e1si gyakoris\u00e1gnak megfelel\u0151 keretre hat\u00e1rozza meg limitj\u00e9t, valamint megfelel\u0151 fedezet \u00e1lljon rendelkez\u00e9sre a banksz\u00e1ml\u00e1j\u00e1n a leemel\u00e9s v\u00e1rhat\u00f3 id\u0151pontj\u00e1ban.<\/p>\n<ul>\n<li><strong>E-sz\u00e1ml\u00e1val:<\/strong><\/li>\n<\/ul>\n<p>Az elektronikus sz\u00e1mla (e-sz\u00e1mla) szolg\u00e1ltat\u00e1s a D\u00edjnet Zrt. rendszer\u00e9n kereszt\u00fcl el\u00e9rhet\u0151. Az ig\u00e9nybev\u00e9tel\u00e9hez a dijnet.hu oldalon sz\u00fcks\u00e9ges regisztr\u00e1lnia, amennyiben \u00d6n m\u00e9g nem D\u00edjnet felhaszn\u00e1l\u00f3. A regisztr\u00e1ci\u00f3 k\u00e9tszint\u0171: el\u0151sz\u00f6r a D\u00edjnet rendszerhez, majd a rendszer sz\u00e1mlakibocs\u00e1t\u00f3 fel\u00fclet\u00e9n a MOHU Zrt-hez sz\u00fcks\u00e9ges regisztr\u00e1lnia.<\/p>\n<p>&nbsp;<\/p>\n<p>B\u0151vebb inform\u00e1ci\u00f3: https:\/\/mohu.hu\/hu\/szamlazas<\/p>\n<p>&nbsp;<\/p>\n<p>&nbsp;<\/p>\n<p><strong>T\u00e1j\u00e9koztatjuk \u00d6n\u00f6ket, hogy a sz\u00e9khely\u00fcnk\u00f6n tal\u00e1lhat\u00f3 \u00fcgyf\u00e9lszolg\u00e1latunkon tov\u00e1bbra is rendelkez\u00e9s\u00fckre \u00e1llunk sz\u00edves \u00fcgyint\u00e9z\u00e9s\u00fck c\u00e9lj\u00e1b\u00f3l.<\/strong><\/p>\n","protected":false},"excerpt":{"rendered":"<p>Kommun\u00e1lis hullad\u00e9k begy\u0171jt\u00e9s d\u00edjai Lakoss\u00e1gi d\u00edjak (PDF) K\u00f6z\u00fcleti d\u00edjak gazd\u00e1lkod\u00f3 szervezetek r\u00e9sz\u00e9re (PDF) Int\u00e9zm\u00e9nyek, k\u00f6lts\u00e9gvet\u00e9si szervek d\u00edjai (PDF) A kommun\u00e1lis hullad\u00e9k begy\u0171jt\u00e9s d\u00edjai 2013.07.01-t\u0151l nem v\u00e1ltoztak a 2013. \u00e9vi &#8220;A rezsics\u00f6kkent\u00e9sek v\u00e9grehajt\u00e1s\u00e1r\u00f3l&#8221; sz\u00f3l\u00f3 LIV. tv. \u00e9rtelm\u00e9ben. T\u00f6bblethullad\u00e9kos zs\u00e1kok d\u00edja (PDF) Kont\u00e9neres sz\u00e1ll\u00edt\u00e1s \u00e9s b\u00e9rleti d\u00edjai Kont\u00e9neres koncesszi\u00f3s hullad\u00e9k rendel\u00e9sek d\u00edjt\u00e1bl\u00e1ja 2024. (PDF) Kont\u00e9ner d\u00edjak kevert [&hellip;]<\/p>\n","protected":false},"author":1,"featured_media":0,"parent":32,"menu_order":16,"comment_status":"closed","ping_status":"closed","template":"","meta":[],"_links":{"self":[{"href":"https:\/\/www.nhsztisza.hu\/new\/wp-json\/wp\/v2\/pages\/130"}],"collection":[{"href":"https:\/\/www.nhsztisza.hu\/new\/wp-json\/wp\/v2\/pages"}],"about":[{"href":"https:\/\/www.nhsztisza.hu\/new\/wp-json\/wp\/v2\/types\/page"}],"author":[{"embeddable":true,"href":"https:\/\/www.nhsztisza.hu\/new\/wp-json\/wp\/v2\/users\/1"}],"replies":[{"embeddable":true,"href":"https:\/\/www.nhsztisza.hu\/new\/wp-json\/wp\/v2\/comments?post=130"}],"version-history":[{"count":104,"href":"https:\/\/www.nhsztisza.hu\/new\/wp-json\/wp\/v2\/pages\/130\/revisions"}],"predecessor-version":[{"id":4145,"href":"https:\/\/www.nhsztisza.hu\/new\/wp-json\/wp\/v2\/pages\/130\/revisions\/4145"}],"up":[{"embeddable":true,"href":"https:\/\/www.nhsztisza.hu\/new\/wp-json\/wp\/v2\/pages\/32"}],"wp:attachment":[{"href":"https:\/\/www.nhsztisza.hu\/new\/wp-json\/wp\/v2\/media?parent=130"}],"curies":[{"name":"wp","href":"https:\/\/api.w.org\/{rel}","templated":true}]}}