{"id":124,"date":"2015-09-10T11:28:46","date_gmt":"2015-09-10T11:28:46","guid":{"rendered":"http:\/\/localhost\/nhsztisza\/?page_id=124"},"modified":"2026-02-16T10:22:57","modified_gmt":"2026-02-16T08:22:57","slug":"sajat-beszallitas","status":"publish","type":"page","link":"https:\/\/www.nhsztisza.hu\/new\/szolgaltatasaink\/sajat-beszallitas\/","title":{"rendered":"Saj\u00e1t besz\u00e1ll\u00edt\u00e1s"},"content":{"rendered":"<p>T\u00e1rsas\u00e1gunk \u00fcgyfelei r\u00e9sz\u00e9re lehet\u0151s\u00e9get biztos\u00edt arra, hogy<\/p>\n<ul>\n<li>lomot,<\/li>\n<li>\u00e9p\u00edt\u00e9si \u00e9s bont\u00e1si hullad\u00e9kot,<\/li>\n<li>biol\u00f3giailag leboml\u00f3 hullad\u00e9kot<\/li>\n<\/ul>\n<p>az \u00fczemeltet\u00e9s\u00fcnk alatt \u00e1ll\u00f3 Tisza-tavi Region\u00e1lis Hullad\u00e9kkezel\u0151 K\u00f6zpontba besz\u00e1ll\u00edtson.<\/p>\n<p>A saj\u00e1t besz\u00e1ll\u00edt\u00e1shoz kapcsol\u00f3d\u00f3 d\u00edjainkat a a <a href=\"http:\/\/www.nhsztisza.hu\/new\/szolgaltatasaink\/dijszabas\/\">Hullad\u00e9kgazd\u00e1lkod\u00e1s -&gt; D\u00edjszab\u00e1s<\/a> men\u00fcpont alatt tal\u00e1lja.<\/p>\n<p>T\u00e9r\u00edt\u00e9s n\u00e9lk\u00fcli \u00e1tad\u00e1sra \u00e9venk\u00e9nt egyszeri alkalommal, lomtalan\u00edt\u00e1s keret\u00e9ben ny\u00edlik lehet\u0151s\u00e9g. A lomtalan\u00edt\u00e1s felt\u00e9teleir\u0151l a <a href=\"http:\/\/www.nhsztisza.hu\/new\/szolgaltatasaink\/lomtalanitas\/\">Szolg\u00e1ltat\u00e1saink -&gt; Lomtalan\u00edt\u00e1s<\/a> men\u00fcpont alatt t\u00e1j\u00e9koz\u00f3dhat.<\/p>\n<p>&nbsp;<\/p>\n<p><strong>Palalerak\u00e1ssal kapcsolatos t\u00e1j\u00e9koztat\u00f3:<\/strong><\/p>\n<p>Az \u00fcgyint\u00e9z\u00e9shez k\u00e9rj\u00fck keresse fel \u00fcgyf\u00e9lszolg\u00e1lati irod\u00e1nkat, nyitvatart\u00e1si id\u0151ben, ahol a lerak\u00e1shoz, illetve k\u00f6z\u00faton t\u00f6rt\u00e9n\u0151 sz\u00e1ll\u00edt\u00e1shoz sz\u00fcks\u00e9ges nyomtatv\u00e1nyt kell kit\u00f6lteni. A nyomtatv\u00e1ny kit\u00f6lt\u00e9s\u00e9vel munkat\u00e1rsaink a megadott sz\u00e1ll\u00edt\u00e1si napon el\u0151re fel tudnak k\u00e9sz\u00fclni a pala lerak\u00e1s\u00e1hoz sz\u00fcks\u00e9ges, biztons\u00e1gos munkav\u00e9gz\u00e9sre.<\/p>\n<p>Irod\u00e1nkban lehet\u0151s\u00e9ge van zs\u00e1kokat beszerezni a pala t\u00e1rol\u00e1s\u00e1hoz, illetve k\u00f6rnyezetvesz\u00e9lyeztet\u00e9st kiz\u00e1r\u00f3 m\u00f3don biztos\u00edtott sz\u00e1ll\u00edt\u00e1shoz:<\/p>\n<ul>\n<li>200 l-es ADR zs\u00e1k: brutt\u00f3 1016 Ft\/db<\/li>\n<li>BIGBAG (kb.1100 l) ADR zs\u00e1k: 10\u00a0160 Ft\/db<\/li>\n<\/ul>\n<p>A pala lerak\u00e1si d\u00edja: 80 Ft\/kg.<\/p>\n<p>&nbsp;<\/p>\n<p>&nbsp;<\/p>\n<p><strong>A Tisza-tavi Region\u00e1lis Hullad\u00e9kkezel\u0151 K\u00f6zpont c\u00edme \u00e9s nyitva tart\u00e1sa:<br \/>\n<\/strong>Tiszaf\u00fcred, 33-as f\u0151\u00fat 41-42 km (0409\/11 hrsz.)<\/p>\n<p>H\u00e9tf\u0151: 7:00-19:00<br \/>\nKedd: 7:00-19:00<br \/>\nSzerda: 7:00-19:00<br \/>\nCs\u00fct\u00f6rt\u00f6k: 7:00-19:00<br \/>\nP\u00e9ntek: 7:00-19:00<br \/>\nSzombat: 7:00-14:00<br \/>\nVas\u00e1rnap: Z\u00c1RVA<\/p>\n<p><strong>Elk\u00fcl\u00f6n\u00edtetten gy\u0171jt\u00f6tt, tiszta csomagol\u00e1si hullad\u00e9kot nem \u00e1ll m\u00f3dunkban \u00e1tvenni. T\u00e1j\u00e9koztatjuk kedves \u00dcgyfeleinket, hogy az ilyen fajta hullad\u00e9kok \u00e1tad\u00e1s\u00e1ra a legk\u00f6zelebbi hullad\u00e9kudvarban van lehet\u0151s\u00e9g\u00fck.<br \/>\n<\/strong><\/p>\n<p><iframe loading=\"lazy\" style=\"border: 0;\" src=\"https:\/\/www.google.com\/maps\/embed?pb=!1m18!1m12!1m3!1d30438.164527637593!2d20.771986164233628!3d47.59931841743939!2m3!1f0!2f0!3f0!3m2!1i1024!2i768!4f13.1!3m3!1m2!1s0x4740d26ba07c19f5%3A0x9f8d68e6ccaab0a9!2zVGlzemFmw7xyZWQsIGh1bGxhZMOpa2tlemVsxZE!5e0!3m2!1sen!2shu!4v1499762931611\" width=\"750\" height=\"450\" frameborder=\"0\" allowfullscreen=\"allowfullscreen\"><\/iframe><\/p>\n","protected":false},"excerpt":{"rendered":"<p>T\u00e1rsas\u00e1gunk \u00fcgyfelei r\u00e9sz\u00e9re lehet\u0151s\u00e9get biztos\u00edt arra, hogy lomot, \u00e9p\u00edt\u00e9si \u00e9s bont\u00e1si hullad\u00e9kot, biol\u00f3giailag leboml\u00f3 hullad\u00e9kot az \u00fczemeltet\u00e9s\u00fcnk alatt \u00e1ll\u00f3 Tisza-tavi Region\u00e1lis Hullad\u00e9kkezel\u0151 K\u00f6zpontba besz\u00e1ll\u00edtson. A saj\u00e1t besz\u00e1ll\u00edt\u00e1shoz kapcsol\u00f3d\u00f3 d\u00edjainkat a a Hullad\u00e9kgazd\u00e1lkod\u00e1s -&gt; D\u00edjszab\u00e1s men\u00fcpont alatt tal\u00e1lja. T\u00e9r\u00edt\u00e9s n\u00e9lk\u00fcli \u00e1tad\u00e1sra \u00e9venk\u00e9nt egyszeri alkalommal, lomtalan\u00edt\u00e1s keret\u00e9ben ny\u00edlik lehet\u0151s\u00e9g. A lomtalan\u00edt\u00e1s felt\u00e9teleir\u0151l a Szolg\u00e1ltat\u00e1saink -&gt; Lomtalan\u00edt\u00e1s men\u00fcpont [&hellip;]<\/p>\n","protected":false},"author":1,"featured_media":0,"parent":32,"menu_order":10,"comment_status":"closed","ping_status":"closed","template":"","meta":[],"_links":{"self":[{"href":"https:\/\/www.nhsztisza.hu\/new\/wp-json\/wp\/v2\/pages\/124"}],"collection":[{"href":"https:\/\/www.nhsztisza.hu\/new\/wp-json\/wp\/v2\/pages"}],"about":[{"href":"https:\/\/www.nhsztisza.hu\/new\/wp-json\/wp\/v2\/types\/page"}],"author":[{"embeddable":true,"href":"https:\/\/www.nhsztisza.hu\/new\/wp-json\/wp\/v2\/users\/1"}],"replies":[{"embeddable":true,"href":"https:\/\/www.nhsztisza.hu\/new\/wp-json\/wp\/v2\/comments?post=124"}],"version-history":[{"count":27,"href":"https:\/\/www.nhsztisza.hu\/new\/wp-json\/wp\/v2\/pages\/124\/revisions"}],"predecessor-version":[{"id":4084,"href":"https:\/\/www.nhsztisza.hu\/new\/wp-json\/wp\/v2\/pages\/124\/revisions\/4084"}],"up":[{"embeddable":true,"href":"https:\/\/www.nhsztisza.hu\/new\/wp-json\/wp\/v2\/pages\/32"}],"wp:attachment":[{"href":"https:\/\/www.nhsztisza.hu\/new\/wp-json\/wp\/v2\/media?parent=124"}],"curies":[{"name":"wp","href":"https:\/\/api.w.org\/{rel}","templated":true}]}}