{"id":118,"date":"2015-09-10T11:27:49","date_gmt":"2015-09-10T11:27:49","guid":{"rendered":"http:\/\/localhost\/nhsztisza\/?page_id=118"},"modified":"2020-07-30T08:07:52","modified_gmt":"2020-07-30T07:07:52","slug":"rendszeres-haztartasi-hulladek-begyujtes","status":"publish","type":"page","link":"https:\/\/www.nhsztisza.hu\/new\/szolgaltatasaink\/rendszeres-haztartasi-hulladek-begyujtes\/","title":{"rendered":"Kommun\u00e1lis hullad\u00e9k begy\u0171jt\u00e9s"},"content":{"rendered":"<p style=\"text-align: justify;\">Kommun\u00e1lis hullad\u00e9k: mindazok a szerves \u00e9s szervetlen hullad\u00e9kok, melyek a lak\u00f3\u00e9p\u00fcletekben, k\u00f6zint\u00e9zm\u00e9nyekben, k\u00f6zter\u00fcleteken keletkeznek. A term\u00e9kmaradv\u00e1nyt, elhaszn\u00e1lt term\u00e9ket a tulajdonosa nem tudja felhaszn\u00e1lni vagy \u00e9rt\u00e9kes\u00edteni. Kezel\u00e9s\u00e9nek, elhelyez\u00e9s\u00e9nek c\u00e9lja, hogy stabiliz\u00e1lja a hullad\u00e9kot, megakad\u00e1lyozza spont\u00e1n boml\u00e1s\u00e1t \u00e9s elej\u00e9t vegye a k\u00f6rnyezetk\u00e1ros\u00edt\u00e1snak.<\/p>\n<p style=\"text-align: justify;\">A hullad\u00e9kr\u00f3l sz\u00f3l\u00f3 2012. \u00e9vi CLXXXV. t\u00f6rv\u00e9ny alapj\u00e1n a term\u00e9szetes \u00e9s a nem term\u00e9szetes szem\u00e9ly ingatlanhaszn\u00e1l\u00f3k vegyesen gy\u0171jt\u00f6tt h\u00e1ztart\u00e1si hullad\u00e9khoz hasonl\u00f3 hullad\u00e9k\u00e1t kiz\u00e1r\u00f3lag a k\u00f6zszolg\u00e1ltat\u00f3 jogosult elsz\u00e1ll\u00edtani, aki gondoskodik az \u00e1rtalmatlan\u00edt\u00e1sukr\u00f3l, illetve \u00fajrafelhaszn\u00e1l\u00e1sukr\u00f3l.<\/p>\n<p style=\"text-align: justify;\">A k\u00f6zszolg\u00e1ltat\u00e1s ny\u00fajt\u00e1s\u00e1nak \u00e9s ig\u00e9nybev\u00e9tel\u00e9nek felt\u00e9teleit (kihelyez\u00e9s, rendszeress\u00e9g, stb.)\u00a0 a hullad\u00e9kr\u00f3l sz\u00f3l\u00f3 2012. \u00e9vi CLXXXV. t\u00f6rv\u00e9ny \u00e9s v\u00e9grehajt\u00e1si rendeletei, valamint a helyi \u00f6nkorm\u00e1nyzati rendeletben foglaltak hat\u00e1rozz\u00e1k meg.<\/p>\n<p><strong><span class=\"green\">Kommun\u00e1lis hullad\u00e9k begy\u0171jt\u00e9s d\u00edjai<br \/>\n<\/span><\/strong><\/p>\n<p>Aktu\u00e1lis d\u00edjaink a <a href=\"http:\/\/www.nhsztisza.hu\/new\/szolgaltatasaink\/dijszabas\/\">Hullad\u00e9kgazd\u00e1lkod\u00e1s -&gt; D\u00edjszab\u00e1s<\/a> men\u00fcpont alatt tal\u00e1lhat\u00f3k<\/p>\n","protected":false},"excerpt":{"rendered":"<p>Kommun\u00e1lis hullad\u00e9k: mindazok a szerves \u00e9s szervetlen hullad\u00e9kok, melyek a lak\u00f3\u00e9p\u00fcletekben, k\u00f6zint\u00e9zm\u00e9nyekben, k\u00f6zter\u00fcleteken keletkeznek. A term\u00e9kmaradv\u00e1nyt, elhaszn\u00e1lt term\u00e9ket a tulajdonosa nem tudja felhaszn\u00e1lni vagy \u00e9rt\u00e9kes\u00edteni. Kezel\u00e9s\u00e9nek, elhelyez\u00e9s\u00e9nek c\u00e9lja, hogy stabiliz\u00e1lja a hullad\u00e9kot, megakad\u00e1lyozza spont\u00e1n boml\u00e1s\u00e1t \u00e9s elej\u00e9t vegye a k\u00f6rnyezetk\u00e1ros\u00edt\u00e1snak. A hullad\u00e9kr\u00f3l sz\u00f3l\u00f3 2012. \u00e9vi CLXXXV. t\u00f6rv\u00e9ny alapj\u00e1n a term\u00e9szetes \u00e9s a nem term\u00e9szetes szem\u00e9ly [&hellip;]<\/p>\n","protected":false},"author":1,"featured_media":0,"parent":32,"menu_order":4,"comment_status":"closed","ping_status":"closed","template":"","meta":[],"_links":{"self":[{"href":"https:\/\/www.nhsztisza.hu\/new\/wp-json\/wp\/v2\/pages\/118"}],"collection":[{"href":"https:\/\/www.nhsztisza.hu\/new\/wp-json\/wp\/v2\/pages"}],"about":[{"href":"https:\/\/www.nhsztisza.hu\/new\/wp-json\/wp\/v2\/types\/page"}],"author":[{"embeddable":true,"href":"https:\/\/www.nhsztisza.hu\/new\/wp-json\/wp\/v2\/users\/1"}],"replies":[{"embeddable":true,"href":"https:\/\/www.nhsztisza.hu\/new\/wp-json\/wp\/v2\/comments?post=118"}],"version-history":[{"count":8,"href":"https:\/\/www.nhsztisza.hu\/new\/wp-json\/wp\/v2\/pages\/118\/revisions"}],"predecessor-version":[{"id":1509,"href":"https:\/\/www.nhsztisza.hu\/new\/wp-json\/wp\/v2\/pages\/118\/revisions\/1509"}],"up":[{"embeddable":true,"href":"https:\/\/www.nhsztisza.hu\/new\/wp-json\/wp\/v2\/pages\/32"}],"wp:attachment":[{"href":"https:\/\/www.nhsztisza.hu\/new\/wp-json\/wp\/v2\/media?parent=118"}],"curies":[{"name":"wp","href":"https:\/\/api.w.org\/{rel}","templated":true}]}}