{"id":116,"date":"2021-01-01T00:25:04","date_gmt":"2020-12-31T23:25:04","guid":{"rendered":"http:\/\/localhost\/nhsztisza\/?page_id=116"},"modified":"2025-01-09T10:17:29","modified_gmt":"2025-01-09T08:17:29","slug":"szelektiv-hulladekgyujtes","status":"publish","type":"page","link":"https:\/\/www.nhsztisza.hu\/new\/szolgaltatasaink\/szelektiv-hulladekgyujtes\/","title":{"rendered":"Szelekt\u00edv hullad\u00e9kgy\u0171jt\u00e9s"},"content":{"rendered":"<p>A <strong>2025.<\/strong>\u00e9vi h\u00e1zhoz men\u0151 szelekt\u00edv- \u00e9s z\u00f6ldhullad\u00e9k sz\u00e1ll\u00edt\u00e1si \u00fctemtervek a <strong>TELEP\u00dcL\u00c9SV\u00c1LASZT\u00d3<\/strong> men\u00fcpont alatt tal\u00e1lhat\u00f3k meg.<\/p>\n<p>&nbsp;<\/p>\n<p>&nbsp;<\/p>\n<p>&nbsp;<\/p>\n","protected":false},"excerpt":{"rendered":"<p>A 2025.\u00e9vi h\u00e1zhoz men\u0151 szelekt\u00edv- \u00e9s z\u00f6ldhullad\u00e9k sz\u00e1ll\u00edt\u00e1si \u00fctemtervek a TELEP\u00dcL\u00c9SV\u00c1LASZT\u00d3 men\u00fcpont alatt tal\u00e1lhat\u00f3k meg. &nbsp; &nbsp; &nbsp;<\/p>\n","protected":false},"author":1,"featured_media":0,"parent":32,"menu_order":2,"comment_status":"closed","ping_status":"closed","template":"","meta":[],"_links":{"self":[{"href":"https:\/\/www.nhsztisza.hu\/new\/wp-json\/wp\/v2\/pages\/116"}],"collection":[{"href":"https:\/\/www.nhsztisza.hu\/new\/wp-json\/wp\/v2\/pages"}],"about":[{"href":"https:\/\/www.nhsztisza.hu\/new\/wp-json\/wp\/v2\/types\/page"}],"author":[{"embeddable":true,"href":"https:\/\/www.nhsztisza.hu\/new\/wp-json\/wp\/v2\/users\/1"}],"replies":[{"embeddable":true,"href":"https:\/\/www.nhsztisza.hu\/new\/wp-json\/wp\/v2\/comments?post=116"}],"version-history":[{"count":66,"href":"https:\/\/www.nhsztisza.hu\/new\/wp-json\/wp\/v2\/pages\/116\/revisions"}],"predecessor-version":[{"id":3366,"href":"https:\/\/www.nhsztisza.hu\/new\/wp-json\/wp\/v2\/pages\/116\/revisions\/3366"}],"up":[{"embeddable":true,"href":"https:\/\/www.nhsztisza.hu\/new\/wp-json\/wp\/v2\/pages\/32"}],"wp:attachment":[{"href":"https:\/\/www.nhsztisza.hu\/new\/wp-json\/wp\/v2\/media?parent=116"}],"curies":[{"name":"wp","href":"https:\/\/api.w.org\/{rel}","templated":true}]}}