{"id":107,"date":"2015-09-10T09:59:51","date_gmt":"2015-09-10T09:59:51","guid":{"rendered":"http:\/\/localhost\/nhsztisza\/?page_id=107"},"modified":"2015-11-16T08:36:41","modified_gmt":"2015-11-16T08:36:41","slug":"rezsicsokkentes","status":"publish","type":"page","link":"https:\/\/www.nhsztisza.hu\/new\/hulladekgazdalkodasi-informaciok\/rezsicsokkentes\/","title":{"rendered":"Rezsics\u00f6kkent\u00e9s"},"content":{"rendered":"<p style=\"font: 14px\/normal 'Roboto Condensed Regular', sans-serif; text-align: justify; color: #404040; text-transform: none; text-indent: 0px; letter-spacing: normal; word-spacing: 0px; white-space: normal; widows: 1; font-size-adjust: none; font-stretch: normal; background-color: #ffffff; -webkit-text-stroke-width: 0px;\">10%-kal cs\u00f6kkent 2013. j\u00falius 1-j\u00e9t\u0151l a hullad\u00e9kgazd\u00e1lkod\u00e1si k\u00f6zszolg\u00e1ltat\u00e1si d\u00edj.<\/p>\n<p style=\"font: 14px\/normal 'Roboto Condensed Regular', sans-serif; text-align: justify; color: #404040; text-transform: none; text-indent: 0px; letter-spacing: normal; word-spacing: 0px; white-space: normal; widows: 1; font-size-adjust: none; font-stretch: normal; background-color: #ffffff; -webkit-text-stroke-width: 0px;\">Ennek megfelel\u0151en sz\u00e1ml\u00e1inkban eleget tett\u00fcnk a hullad\u00e9kr\u00f3l sz\u00f3l\u00f3 2012. \u00e9vi CLXXXV. t\u00f6rv\u00e9ny 91. \u00a7. (2) bekezd\u00e9s\u00e9nek, amely a hullad\u00e9kgazd\u00e1lkod\u00e1si k\u00f6zszolg\u00e1ltat\u00e1s\u00e9rt fizetend\u0151 szolg\u00e1ltat\u00e1si egys\u00e9gre jut\u00f3 \u00f6sszeget (bele\u00e9rtve az alapd\u00edjat) \u00fagy hat\u00e1rozza meg, hogy az nem haladhatja meg a 2012. \u00e1prilis 14. napj\u00e1n alkalmazott d\u00edj legfeljebb 4,2 sz\u00e1zal\u00e9kkal megemelt \u00f6sszeg\u00e9nek 90 sz\u00e1zal\u00e9k\u00e1t.<\/p>\n<p style=\"font: 14px\/normal 'Roboto Condensed Regular', sans-serif; text-align: justify; color: #404040; text-transform: none; text-indent: 0px; letter-spacing: normal; word-spacing: 0px; white-space: normal; widows: 1; font-size-adjust: none; font-stretch: normal; background-color: #ffffff; -webkit-text-stroke-width: 0px;\">A rezsics\u00f6kkent\u00e9s eredm\u00e9nyek\u00e9nt jelentkez\u0151 megtakar\u00edt\u00e1s \u00f6sszeg\u00e9r\u0151l sz\u00e1ml\u00e1inkban a z\u00f6ld s\u00e1vban kiemelten is t\u00e1j\u00e9koztat\u00e1st ny\u00fajtunk, melyben felt\u00fcntetj\u00fck a megtakar\u00edt\u00e1s \u00f6sszeg\u00e9t az adott h\u00f3napban, illetve a 2013. j\u00falius 1-j\u00e9t\u0151l eltelt id\u0151szakra vonatkoz\u00f3an g\u00f6ngy\u00f6l\u00edtetten is.<\/p>\n<p style=\"font: 14px\/normal 'Roboto Condensed Regular', sans-serif; text-align: justify; color: #404040; text-transform: none; text-indent: 0px; letter-spacing: normal; word-spacing: 0px; white-space: normal; widows: 1; font-size-adjust: none; font-stretch: normal; background-color: #ffffff; -webkit-text-stroke-width: 0px;\"><strong>A fentiek figyelembev\u00e9tel\u00e9vel a fizetend\u0151 d\u00edj az al\u00e1bbiak szerint alakul:<\/strong><\/p>\n<ul style=\"font: 14px\/normal 'Roboto Condensed Regular', sans-serif; text-align: left; color: #404040; text-transform: none; text-indent: 0px; letter-spacing: normal; word-spacing: 0px; white-space: normal; widows: 1; font-size-adjust: none; font-stretch: normal; background-color: #ffffff; -webkit-text-stroke-width: 0px;\">\n<li><strong>term\u00e9szetes szem\u00e9ly ingatlanhaszn\u00e1l\u00f3k<\/strong><span class=\"Apple-converted-space\">\u00a0<\/span>eset\u00e9n a fizetend\u0151 d\u00edj 2013. j\u00falius 1-j\u00e9t\u0151l kezd\u0151d\u0151en a rezsics\u00f6kkent\u00e9s \u00e9rv\u00e9nyes\u00edt\u00e9s\u00e9nek k\u00f6sz\u00f6nhet\u0151en legal\u00e1bb t\u00edz sz\u00e1zal\u00e9kkal cs\u00f6kkent, melyr\u0151l a havi sz\u00e1ml\u00e1ban t\u00e1j\u00e9koztatjuk az \u00e9rintett \u00fcgyfeleinket.<\/li>\n<li><strong>k\u00f6lts\u00e9gvet\u00e9si szerv<\/strong><span class=\"Apple-converted-space\">\u00a0<\/span>\u00e9s a szoci\u00e1lis igazgat\u00e1sr\u00f3l \u00e9s szoci\u00e1lis ell\u00e1t\u00e1sokr\u00f3l sz\u00f3l\u00f3 1993. \u00e9vi III. t\u00f6rv\u00e9ny szerinti<strong>\u00e1pol\u00e1st, gondoz\u00e1st ny\u00fajt\u00f3 int\u00e9zm\u00e9ny ingatlanhaszn\u00e1l\u00f3k<span class=\"Apple-converted-space\">\u00a0<\/span><\/strong>eset\u00e9n a term\u00e9szetes szem\u00e9ly ingatlanhaszn\u00e1l\u00f3kra ir\u00e1nyad\u00f3 szab\u00e1lyokat kell alkalmazni.<\/li>\n<\/ul>\n","protected":false},"excerpt":{"rendered":"<p>10%-kal cs\u00f6kkent 2013. j\u00falius 1-j\u00e9t\u0151l a hullad\u00e9kgazd\u00e1lkod\u00e1si k\u00f6zszolg\u00e1ltat\u00e1si d\u00edj. Ennek megfelel\u0151en sz\u00e1ml\u00e1inkban eleget tett\u00fcnk a hullad\u00e9kr\u00f3l sz\u00f3l\u00f3 2012. \u00e9vi CLXXXV. t\u00f6rv\u00e9ny 91. \u00a7. (2) bekezd\u00e9s\u00e9nek, amely a hullad\u00e9kgazd\u00e1lkod\u00e1si k\u00f6zszolg\u00e1ltat\u00e1s\u00e9rt fizetend\u0151 szolg\u00e1ltat\u00e1si egys\u00e9gre jut\u00f3 \u00f6sszeget (bele\u00e9rtve az alapd\u00edjat) \u00fagy hat\u00e1rozza meg, hogy az nem haladhatja meg a 2012. \u00e1prilis 14. napj\u00e1n alkalmazott d\u00edj legfeljebb 4,2 sz\u00e1zal\u00e9kkal [&hellip;]<\/p>\n","protected":false},"author":1,"featured_media":0,"parent":34,"menu_order":8,"comment_status":"closed","ping_status":"closed","template":"","meta":[],"_links":{"self":[{"href":"https:\/\/www.nhsztisza.hu\/new\/wp-json\/wp\/v2\/pages\/107"}],"collection":[{"href":"https:\/\/www.nhsztisza.hu\/new\/wp-json\/wp\/v2\/pages"}],"about":[{"href":"https:\/\/www.nhsztisza.hu\/new\/wp-json\/wp\/v2\/types\/page"}],"author":[{"embeddable":true,"href":"https:\/\/www.nhsztisza.hu\/new\/wp-json\/wp\/v2\/users\/1"}],"replies":[{"embeddable":true,"href":"https:\/\/www.nhsztisza.hu\/new\/wp-json\/wp\/v2\/comments?post=107"}],"version-history":[{"count":5,"href":"https:\/\/www.nhsztisza.hu\/new\/wp-json\/wp\/v2\/pages\/107\/revisions"}],"predecessor-version":[{"id":309,"href":"https:\/\/www.nhsztisza.hu\/new\/wp-json\/wp\/v2\/pages\/107\/revisions\/309"}],"up":[{"embeddable":true,"href":"https:\/\/www.nhsztisza.hu\/new\/wp-json\/wp\/v2\/pages\/34"}],"wp:attachment":[{"href":"https:\/\/www.nhsztisza.hu\/new\/wp-json\/wp\/v2\/media?parent=107"}],"curies":[{"name":"wp","href":"https:\/\/api.w.org\/{rel}","templated":true}]}}